{"id":4800,"date":"2025-05-30T21:00:56","date_gmt":"2025-05-30T19:00:56","guid":{"rendered":"https:\/\/kringloopbedrijfoss.nl\/richtlijnen-op-te-halen-goederen\/"},"modified":"2025-05-30T21:50:47","modified_gmt":"2025-05-30T19:50:47","slug":"alinabilecek-esyalarla-ilgili-yonergeler","status":"publish","type":"page","link":"https:\/\/kringloopbedrijfoss.nl\/tr\/alinabilecek-esyalarla-ilgili-yonergeler\/","title":{"rendered":"Alinab\u0130lecek e\u015fyalarla \u0130lg\u0130l\u0130 y\u00f6nergeler"},"content":{"rendered":"<div class=\"fusion-fullwidth fullwidth-box fusion-builder-row-1 fusion-flex-container has-pattern-background has-mask-background nonhundred-percent-fullwidth non-hundred-percent-height-scrolling\" style=\"--awb-border-color:var(--awb-color1);--awb-border-radius-top-left:0px;--awb-border-radius-top-right:0px;--awb-border-radius-bottom-right:0px;--awb-border-radius-bottom-left:0px;--awb-padding-top:0px;--awb-padding-bottom:0px;--awb-padding-top-medium:70px;--awb-padding-bottom-medium:70px;--awb-padding-top-small:50px;--awb-padding-bottom-small:70px;\" ><div class=\"fusion-builder-row fusion-row fusion-flex-align-items-flex-start\" style=\"max-width:calc( 1200px + 0px );margin-left: calc(-0px \/ 2 );margin-right: calc(-0px \/ 2 );\"><div class=\"fusion-layout-column fusion_builder_column fusion-builder-column-0 fusion_builder_column_1_1 1_1 fusion-flex-column\" style=\"--awb-bg-size:cover;--awb-width-large:100%;--awb-margin-top-large:0px;--awb-spacing-right-large:0;--awb-margin-bottom-large:0px;--awb-spacing-left-large:0;--awb-width-medium:100%;--awb-order-medium:0;--awb-spacing-right-medium:0;--awb-spacing-left-medium:0;--awb-width-small:100%;--awb-order-small:0;--awb-spacing-right-small:0;--awb-spacing-left-small:0;\"><div class=\"fusion-column-wrapper fusion-column-has-shadow fusion-flex-justify-content-flex-start fusion-content-layout-column\"><div class=\"fusion-title title fusion-title-1 fusion-sep-none fusion-title-text fusion-title-size-two\"><h2 class=\"title-heading-left\" style=\"margin:0;text-transform:capitalize;\">ALINAB\u0130LECEK E\u015eYALARLA \u0130LG\u0130L\u0130 Y\u00d6NERGELER<\/h2><\/div><\/div><\/div><div class=\"fusion-layout-column fusion_builder_column fusion-builder-column-1 fusion_builder_column_1_2 1_2 fusion-flex-column fusion-animated\" style=\"--awb-bg-size:cover;--awb-width-large:50%;--awb-margin-top-large:20px;--awb-spacing-right-large:0;--awb-margin-bottom-large:80px;--awb-spacing-left-large:40px;--awb-width-medium:50%;--awb-order-medium:0;--awb-spacing-right-medium:0;--awb-spacing-left-medium:40px;--awb-width-small:100%;--awb-order-small:0;--awb-spacing-right-small:0;--awb-margin-bottom-small:0px;--awb-spacing-left-small:0;\" data-animationType=\"fadeInRight\" data-animationDuration=\"1.0\" data-animationOffset=\"top-into-view\"><div class=\"fusion-column-wrapper fusion-column-has-shadow fusion-flex-justify-content-flex-start fusion-content-layout-column\"><div class=\"fusion-title title fusion-title-2 fusion-sep-none fusion-title-text fusion-title-size-three\" style=\"--awb-font-size:25px;\"><h3 class=\"title-heading-left\" style=\"margin:0;font-size:1em;text-transform:capitalize;\">ALINAB\u0130LECEKLER<\/h3><\/div><div class=\"fusion-text fusion-text-1\"><ul>\n<li>YATAKLAR VE YATAK TABANLARI (BERNHEZE HAR\u0130\u00c7)<\/li>\n<li>KAHVERENG\u0130 VE BEYAZ E\u015eYA<\/li>\n<li>NOSTALJ\u0130K E\u015eYALAR VE ANT\u0130KALAR<\/li>\n<li>ELEKTR\u0130KL\u0130 BATTAN\u0130YELER<\/li>\n<li>B\u0130S\u0130KLETLER (BERNHEZE&#8217;DE SADECE \u00c7OK \u0130Y\u0130 DURUMDA OLANLAR)<\/li>\n<li>F\u0130TNESS ALETLER\u0130<\/li>\n<li>GAZ SOBALARI<\/li>\n<li>KA\u00c7AK KOPYALANMI\u015e V\u0130DEO, CD VE DVD<\/li>\n<li>G\u0130YS\u0130LER VE EV TEKST\u0130L\u0130<\/li>\n<li>K\u00dc\u00c7\u00dcK EV ALETLER\u0130<\/li>\n<li>ORDU MALZEMELER\u0130, OYUNCAKLAR, ASKER\u0130 G\u0130YS\u0130LER<\/li>\n<li>YATAKLAR<\/li>\n<li>TAM AH\u015eAP, \u00c7AM, ME\u015eE VB. MOB\u0130LYALAR<\/li>\n<li>TAHS\u0130SL\u0130 DOLDURULMU\u015e HAYVANLAR<\/li>\n<li>K\u00dcRK<\/li>\n<li>\u00c7EL\u0130K MASALAR, DOLAPLAR VE SEHPALAR<\/li>\n<li>KLAS\u00d6RLER<\/li>\n<li>K\u0130\u015e\u0130SEL BAKIM \u00dcR\u00dcNLER\u0130<\/li>\n<li>PORNOGRAF\u0130<\/li>\n<li>BUZDOLAPLARI VE DER\u0130N DONDURUCULAR<\/li>\n<li>B\u0130LG\u0130SAYARLAR \/ B\u0130LE\u015eENLER<\/li>\n<li>OYUNCAKLAR<\/li>\n<li>S\u00d6RF TAHTALARI<\/li>\n<li>TELEV\u0130ZYONLAR<\/li>\n<li>\u00c7ADIRLAR, \u015e\u0130\u015eME BOTLAR<\/li>\n<li>MOTOS\u0130KLET KASKLARI<\/li>\n<li>YER KAPLAMALARI, \u0130Y\u0130 DURUMDAK\u0130 HALILAR VE YEN\u0130 ZEM\u0130N KAROLARINDAN OLU\u015eAN PART\u0130LER<\/li>\n<li>SOLARYUM ALETLER\u0130 (BERNHEZE HAR\u0130\u00c7)<\/li>\n<\/ul>\n<\/div><div class=\"fusion-separator fusion-full-width-sep\" style=\"align-self: center;margin-left: auto;margin-right: auto;margin-top:2%;width:100%;\"><\/div><\/div><\/div><div class=\"fusion-layout-column fusion_builder_column fusion-builder-column-2 fusion_builder_column_1_2 1_2 fusion-flex-column fusion-animated\" style=\"--awb-bg-size:cover;--awb-width-large:50%;--awb-margin-top-large:20px;--awb-spacing-right-large:0;--awb-margin-bottom-large:80px;--awb-spacing-left-large:40px;--awb-width-medium:50%;--awb-order-medium:0;--awb-spacing-right-medium:0;--awb-spacing-left-medium:40px;--awb-width-small:100%;--awb-order-small:0;--awb-spacing-right-small:0;--awb-margin-bottom-small:0px;--awb-spacing-left-small:0;\" data-animationType=\"fadeInRight\" data-animationDuration=\"1.0\" data-animationOffset=\"top-into-view\"><div class=\"fusion-column-wrapper fusion-column-has-shadow fusion-flex-justify-content-flex-start fusion-content-layout-column\"><div class=\"fusion-title title fusion-title-3 fusion-sep-none fusion-title-text fusion-title-size-three\" style=\"--awb-font-size:25px;\"><h3 class=\"title-heading-left\" style=\"margin:0;font-size:1em;text-transform:capitalize;\">ALINAMAYACAKLAR<\/h3><\/div><div class=\"fusion-text fusion-text-2\"><ul>\n<li>\u0130N\u015eAAT VE YIKIM ATIKLARI<br \/>\n\u00d6RNE\u011e\u0130N: MOLOZ, YIKIMDAN KALMA AH\u015eAPLAR, \u00c7\u0130T PAR\u00c7ALARI, KAROLAR, KAPILAR, PENCERE \u00c7ER\u00c7EVELER\u0130, SERAM\u0130K, MUTFAK \u00dcN\u0130TELER\u0130, TEZGAHLAR, DU\u015e KAB\u0130NLER\u0130, K\u00dcVETLER VB.<\/li>\n<li>K\u0130MYASAL ATIKLAR<br \/>\n\u00d6RNE\u011e\u0130N: \u00d6RNEK: BOYA KALINTILARI, FLORESAN LAMBALAR, AK\u00dcLER, P\u0130LLER, OTOMOB\u0130L LAST\u0130KLER\u0130, ATIK MOTOR YA\u011eLARI, GAZ T\u00dcPLER\u0130, SOLARYUM LAMBALARI VB.<\/li>\n<li>BAH\u00c7E ATIKLARI<\/li>\n<li>OTOMOB\u0130LLER VE KARAVANLAR<\/li>\n<li>SEYYAR YATAKLAR<\/li>\n<li>B\u0130TK\u0130LER VE HAYVANLAR<\/li>\n<li>GIDA VE \u0130\u00c7ECEKLER<\/li>\n<\/ul>\n<\/div><div class=\"fusion-separator fusion-full-width-sep\" style=\"align-self: center;margin-left: auto;margin-right: auto;margin-top:2%;width:100%;\"><\/div><\/div><\/div><\/div><\/div>\n","protected":false},"excerpt":{"rendered":"","protected":false},"author":1,"featured_media":0,"parent":0,"menu_order":0,"comment_status":"closed","ping_status":"closed","template":"100-width.php","meta":{"footnotes":""},"class_list":["post-4800","page","type-page","status-publish","hentry"],"yoast_head":"<!-- This site is optimized with the Yoast SEO plugin v27.5 - https:\/\/yoast.com\/product\/yoast-seo-wordpress\/ -->\n<title>Alinab\u0130lecek e\u015fyalarla \u0130lg\u0130l\u0130 y\u00f6nergeler - Kringloopbedrijven Maasland<\/title>\n<meta name=\"description\" content=\"Bu sayfada Maasland geri d\u00f6n\u00fc\u015f\u00fcm \u015firketlerinde toplanacak mallara ili\u015fkin y\u00f6nergelerin bir listesini bulacaks\u0131n\u0131z.\" \/>\n<meta name=\"robots\" content=\"index, follow, max-snippet:-1, max-image-preview:large, max-video-preview:-1\" \/>\n<link rel=\"canonical\" href=\"https:\/\/kringloopbedrijfoss.nl\/tr\/alinabilecek-esyalarla-ilgili-yonergeler\/\" \/>\n<meta property=\"og:locale\" content=\"tr_TR\" \/>\n<meta property=\"og:type\" content=\"article\" \/>\n<meta property=\"og:title\" content=\"Alinab\u0130lecek e\u015fyalarla \u0130lg\u0130l\u0130 y\u00f6nergeler - Kringloopbedrijven Maasland\" \/>\n<meta property=\"og:description\" content=\"Bu sayfada Maasland geri d\u00f6n\u00fc\u015f\u00fcm \u015firketlerinde toplanacak mallara ili\u015fkin y\u00f6nergelerin bir listesini bulacaks\u0131n\u0131z.\" \/>\n<meta property=\"og:url\" content=\"https:\/\/kringloopbedrijfoss.nl\/tr\/alinabilecek-esyalarla-ilgili-yonergeler\/\" \/>\n<meta property=\"og:site_name\" content=\"Kringloopbedrijven Maasland\" \/>\n<meta property=\"article:modified_time\" content=\"2025-05-30T19:50:47+00:00\" \/>\n<meta name=\"twitter:card\" content=\"summary_large_image\" \/>\n<meta name=\"twitter:label1\" content=\"Tahmini okuma s\u00fcresi\" \/>\n\t<meta name=\"twitter:data1\" content=\"6 dakika\" \/>\n<script type=\"application\/ld+json\" class=\"yoast-schema-graph\">{\"@context\":\"https:\\\/\\\/schema.org\",\"@graph\":[{\"@type\":\"WebPage\",\"@id\":\"https:\\\/\\\/kringloopbedrijfoss.nl\\\/tr\\\/alinabilecek-esyalarla-ilgili-yonergeler\\\/\",\"url\":\"https:\\\/\\\/kringloopbedrijfoss.nl\\\/tr\\\/alinabilecek-esyalarla-ilgili-yonergeler\\\/\",\"name\":\"Alinab\u0130lecek e\u015fyalarla \u0130lg\u0130l\u0130 y\u00f6nergeler - Kringloopbedrijven Maasland\",\"isPartOf\":{\"@id\":\"https:\\\/\\\/kringloopbedrijfoss.nl\\\/#website\"},\"datePublished\":\"2025-05-30T19:00:56+00:00\",\"dateModified\":\"2025-05-30T19:50:47+00:00\",\"description\":\"Bu sayfada Maasland geri d\u00f6n\u00fc\u015f\u00fcm \u015firketlerinde toplanacak mallara ili\u015fkin y\u00f6nergelerin bir listesini bulacaks\u0131n\u0131z.\",\"breadcrumb\":{\"@id\":\"https:\\\/\\\/kringloopbedrijfoss.nl\\\/tr\\\/alinabilecek-esyalarla-ilgili-yonergeler\\\/#breadcrumb\"},\"inLanguage\":\"tr\",\"potentialAction\":[{\"@type\":\"ReadAction\",\"target\":[\"https:\\\/\\\/kringloopbedrijfoss.nl\\\/tr\\\/alinabilecek-esyalarla-ilgili-yonergeler\\\/\"]}]},{\"@type\":\"BreadcrumbList\",\"@id\":\"https:\\\/\\\/kringloopbedrijfoss.nl\\\/tr\\\/alinabilecek-esyalarla-ilgili-yonergeler\\\/#breadcrumb\",\"itemListElement\":[{\"@type\":\"ListItem\",\"position\":1,\"name\":\"Home\",\"item\":\"https:\\\/\\\/kringloopbedrijfoss.nl\\\/tr\\\/\"},{\"@type\":\"ListItem\",\"position\":2,\"name\":\"Alinab\u0130lecek e\u015fyalarla \u0130lg\u0130l\u0130 y\u00f6nergeler\"}]},{\"@type\":\"WebSite\",\"@id\":\"https:\\\/\\\/kringloopbedrijfoss.nl\\\/#website\",\"url\":\"https:\\\/\\\/kringloopbedrijfoss.nl\\\/\",\"name\":\"Kringloopbedrijven Maasland\",\"description\":\"\",\"potentialAction\":[{\"@type\":\"SearchAction\",\"target\":{\"@type\":\"EntryPoint\",\"urlTemplate\":\"https:\\\/\\\/kringloopbedrijfoss.nl\\\/?s={search_term_string}\"},\"query-input\":{\"@type\":\"PropertyValueSpecification\",\"valueRequired\":true,\"valueName\":\"search_term_string\"}}],\"inLanguage\":\"tr\"}]}<\/script>\n<!-- \/ Yoast SEO plugin. -->","yoast_head_json":{"title":"Alinab\u0130lecek e\u015fyalarla \u0130lg\u0130l\u0130 y\u00f6nergeler - Kringloopbedrijven Maasland","description":"Bu sayfada Maasland geri d\u00f6n\u00fc\u015f\u00fcm \u015firketlerinde toplanacak mallara ili\u015fkin y\u00f6nergelerin bir listesini bulacaks\u0131n\u0131z.","robots":{"index":"index","follow":"follow","max-snippet":"max-snippet:-1","max-image-preview":"max-image-preview:large","max-video-preview":"max-video-preview:-1"},"canonical":"https:\/\/kringloopbedrijfoss.nl\/tr\/alinabilecek-esyalarla-ilgili-yonergeler\/","og_locale":"tr_TR","og_type":"article","og_title":"Alinab\u0130lecek e\u015fyalarla \u0130lg\u0130l\u0130 y\u00f6nergeler - Kringloopbedrijven Maasland","og_description":"Bu sayfada Maasland geri d\u00f6n\u00fc\u015f\u00fcm \u015firketlerinde toplanacak mallara ili\u015fkin y\u00f6nergelerin bir listesini bulacaks\u0131n\u0131z.","og_url":"https:\/\/kringloopbedrijfoss.nl\/tr\/alinabilecek-esyalarla-ilgili-yonergeler\/","og_site_name":"Kringloopbedrijven Maasland","article_modified_time":"2025-05-30T19:50:47+00:00","twitter_card":"summary_large_image","twitter_misc":{"Tahmini okuma s\u00fcresi":"6 dakika"},"schema":{"@context":"https:\/\/schema.org","@graph":[{"@type":"WebPage","@id":"https:\/\/kringloopbedrijfoss.nl\/tr\/alinabilecek-esyalarla-ilgili-yonergeler\/","url":"https:\/\/kringloopbedrijfoss.nl\/tr\/alinabilecek-esyalarla-ilgili-yonergeler\/","name":"Alinab\u0130lecek e\u015fyalarla \u0130lg\u0130l\u0130 y\u00f6nergeler - Kringloopbedrijven Maasland","isPartOf":{"@id":"https:\/\/kringloopbedrijfoss.nl\/#website"},"datePublished":"2025-05-30T19:00:56+00:00","dateModified":"2025-05-30T19:50:47+00:00","description":"Bu sayfada Maasland geri d\u00f6n\u00fc\u015f\u00fcm \u015firketlerinde toplanacak mallara ili\u015fkin y\u00f6nergelerin bir listesini bulacaks\u0131n\u0131z.","breadcrumb":{"@id":"https:\/\/kringloopbedrijfoss.nl\/tr\/alinabilecek-esyalarla-ilgili-yonergeler\/#breadcrumb"},"inLanguage":"tr","potentialAction":[{"@type":"ReadAction","target":["https:\/\/kringloopbedrijfoss.nl\/tr\/alinabilecek-esyalarla-ilgili-yonergeler\/"]}]},{"@type":"BreadcrumbList","@id":"https:\/\/kringloopbedrijfoss.nl\/tr\/alinabilecek-esyalarla-ilgili-yonergeler\/#breadcrumb","itemListElement":[{"@type":"ListItem","position":1,"name":"Home","item":"https:\/\/kringloopbedrijfoss.nl\/tr\/"},{"@type":"ListItem","position":2,"name":"Alinab\u0130lecek e\u015fyalarla \u0130lg\u0130l\u0130 y\u00f6nergeler"}]},{"@type":"WebSite","@id":"https:\/\/kringloopbedrijfoss.nl\/#website","url":"https:\/\/kringloopbedrijfoss.nl\/","name":"Kringloopbedrijven Maasland","description":"","potentialAction":[{"@type":"SearchAction","target":{"@type":"EntryPoint","urlTemplate":"https:\/\/kringloopbedrijfoss.nl\/?s={search_term_string}"},"query-input":{"@type":"PropertyValueSpecification","valueRequired":true,"valueName":"search_term_string"}}],"inLanguage":"tr"}]}},"_links":{"self":[{"href":"https:\/\/kringloopbedrijfoss.nl\/tr\/wp-json\/wp\/v2\/pages\/4800","targetHints":{"allow":["GET"]}}],"collection":[{"href":"https:\/\/kringloopbedrijfoss.nl\/tr\/wp-json\/wp\/v2\/pages"}],"about":[{"href":"https:\/\/kringloopbedrijfoss.nl\/tr\/wp-json\/wp\/v2\/types\/page"}],"author":[{"embeddable":true,"href":"https:\/\/kringloopbedrijfoss.nl\/tr\/wp-json\/wp\/v2\/users\/1"}],"replies":[{"embeddable":true,"href":"https:\/\/kringloopbedrijfoss.nl\/tr\/wp-json\/wp\/v2\/comments?post=4800"}],"version-history":[{"count":3,"href":"https:\/\/kringloopbedrijfoss.nl\/tr\/wp-json\/wp\/v2\/pages\/4800\/revisions"}],"predecessor-version":[{"id":4803,"href":"https:\/\/kringloopbedrijfoss.nl\/tr\/wp-json\/wp\/v2\/pages\/4800\/revisions\/4803"}],"wp:attachment":[{"href":"https:\/\/kringloopbedrijfoss.nl\/tr\/wp-json\/wp\/v2\/media?parent=4800"}],"curies":[{"name":"wp","href":"https:\/\/api.w.org\/{rel}","templated":true}]}}