{"id":4751,"date":"2025-05-30T20:08:55","date_gmt":"2025-05-30T18:08:55","guid":{"rendered":"https:\/\/kringloopbedrijfoss.nl\/huisregels-winkels\/"},"modified":"2025-05-30T20:52:09","modified_gmt":"2025-05-30T18:52:09","slug":"magaza-ici-kurallar","status":"publish","type":"page","link":"https:\/\/kringloopbedrijfoss.nl\/tr\/magaza-ici-kurallar\/","title":{"rendered":"Ma\u011faza \u0130\u00e7\u0130 kurallar"},"content":{"rendered":"<div class=\"fusion-fullwidth fullwidth-box fusion-builder-row-1 fusion-flex-container has-pattern-background has-mask-background nonhundred-percent-fullwidth non-hundred-percent-height-scrolling\" style=\"--awb-border-color:var(--awb-color1);--awb-border-radius-top-left:0px;--awb-border-radius-top-right:0px;--awb-border-radius-bottom-right:0px;--awb-border-radius-bottom-left:0px;--awb-padding-top:0px;--awb-padding-bottom:0px;--awb-padding-top-medium:70px;--awb-padding-bottom-medium:70px;--awb-padding-top-small:50px;--awb-padding-bottom-small:70px;\" ><div class=\"fusion-builder-row fusion-row fusion-flex-align-items-flex-start\" style=\"max-width:calc( 1200px + 0px );margin-left: calc(-0px \/ 2 );margin-right: calc(-0px \/ 2 );\"><div class=\"fusion-layout-column fusion_builder_column fusion-builder-column-0 fusion_builder_column_1_2 1_2 fusion-flex-column fusion-animated\" style=\"--awb-bg-size:cover;--awb-width-large:50%;--awb-margin-top-large:40px;--awb-spacing-right-large:0;--awb-margin-bottom-large:80px;--awb-spacing-left-large:40px;--awb-width-medium:50%;--awb-order-medium:0;--awb-spacing-right-medium:0;--awb-spacing-left-medium:40px;--awb-width-small:100%;--awb-order-small:0;--awb-spacing-right-small:0;--awb-margin-bottom-small:0px;--awb-spacing-left-small:0;\" data-animationType=\"fadeInRight\" data-animationDuration=\"1.0\" data-animationOffset=\"top-into-view\"><div class=\"fusion-column-wrapper fusion-column-has-shadow fusion-flex-justify-content-flex-start fusion-content-layout-column\"><div class=\"fusion-title title fusion-title-1 fusion-sep-none fusion-title-text fusion-title-size-two\"><h2 class=\"title-heading-left\" style=\"margin:0;text-transform:capitalize;\">MA\u011eAZA \u0130\u00c7\u0130 KURALLAR<\/h2><\/div><div class=\"fusion-separator fusion-full-width-sep\" style=\"align-self: center;margin-left: auto;margin-right: auto;margin-top:2%;width:100%;\"><\/div><div class=\"fusion-text fusion-text-1\"><p>\u201cNE YAZIK K\u0130\u201d HEM PERSONEL\u0130M\u0130Z\u0130 HEM DE M\u00dc\u015eTER\u0130LER\u0130M\u0130Z\u0130 KORUMAK ADINA MA\u011eAZAMIZDA DA BAZI EV KURALLARI BEL\u0130RLEMEK ZORUNDAYIZ.<\/p>\n<p>BU KURALLAR, KISALTILMI\u015e HAL\u0130YLE VE P\u0130KTOGRAMLARLA MA\u011eAZA G\u0130R\u0130\u015e\u0130NDE OKUNAB\u0130L\u0130R \u015eEK\u0130LDE YER ALMAKTADIR.<\/p>\n<\/div><div class=\"fusion-separator fusion-full-width-sep\" style=\"align-self: center;margin-left: auto;margin-right: auto;margin-top:2%;width:100%;\"><\/div><\/div><\/div><div class=\"fusion-layout-column fusion_builder_column fusion-builder-column-1 fusion_builder_column_1_2 1_2 fusion-flex-column fusion-animated\" style=\"--awb-bg-size:cover;--awb-width-large:50%;--awb-margin-top-large:50px;--awb-spacing-right-large:0;--awb-margin-bottom-large:80px;--awb-spacing-left-large:40px;--awb-width-medium:50%;--awb-order-medium:0;--awb-spacing-right-medium:0;--awb-spacing-left-medium:40px;--awb-width-small:100%;--awb-order-small:0;--awb-spacing-right-small:0;--awb-margin-bottom-small:0px;--awb-spacing-left-small:0;\" data-animationType=\"fadeInRight\" data-animationDuration=\"1.0\" data-animationOffset=\"top-into-view\"><div class=\"fusion-column-wrapper fusion-column-has-shadow fusion-flex-justify-content-flex-start fusion-content-layout-column\"><div class=\"fusion-text fusion-text-2\"><p>BU MA\u011eAZAYA G\u0130R\u0130\u015e YAPMAKLA KBM MA\u011eAZASI \u0130\u00c7\u0130N A\u015eA\u011eIDAK\u0130 EV KURALLARINI KABUL ETM\u0130\u015e SAYILIRSINIZ:<\/p>\n<ul>\n<li>PERSONEL\u0130M\u0130ZE Y\u00d6NEL\u0130K \u015e\u0130DDET VE\/VEYA SALDIRGANLIK KES\u0130NL\u0130KLE KABUL ED\u0130LMEZ. B\u00d6YLE DURUMLARDA POL\u0130SE \u015e\u0130K\u00c2YETTE BULUNULACAK VE MA\u011eAZAYA G\u0130R\u0130\u015e\u0130N\u0130Z EN FAZLA 1 YIL S\u00dcREYLE YASAKLANACAKTIR.<\/li>\n<li>S\u0130Z\u0130N VE B\u0130Z\u0130M G\u00dcVENL\u0130\u011e\u0130M\u0130Z \u0130\u00c7\u0130N MA\u011eAZA V\u0130DEO KAMERALARIYLA \u0130ZLENMEKTED\u0130R.<\/li>\n<li>G\u00dcVENL\u0130K A\u00c7ISINDAN PERSONEL\u0130M\u0130Z\u0130N TAL\u0130MATLARINA HER ZAMAN KES\u0130NL\u0130KLE UYULMALIDIR.<\/li>\n<li>BA\u015eKALARINA ZARAR VE RAHATSIZLIK VERMEKTEN KA\u00c7ININ.<\/li>\n<li>\u00dcR\u00dcNLER\u0130M\u0130Z G\u00d6R\u00dcN\u00dcR VE G\u00d6R\u00dcNMEZ \u015eEK\u0130LDE HIRSIZLI\u011eA KAR\u015eI KORUNMAKTADIR.<\/li>\n<li>HAZIRLANMI\u015e (ASTARLI) \u00c7ANTALARIN MA\u011eAZAYA GET\u0130R\u0130LMES\u0130 KES\u0130NL\u0130KLE YASAKTIR.<\/li>\n<li>\u00c7ANTALARINIZ PERSONEL\u0130M\u0130Z TARAFINDAN KONTROL ED\u0130LEB\u0130L\u0130R\/KONTROL ED\u0130LMES\u0130 GEREKEB\u0130L\u0130R. BU DURUMDA \u0130\u015e B\u0130RL\u0130\u011e\u0130 YAPMANIZ GEREKMEKTED\u0130R.<\/li>\n<li>HIRSIZLIK DURUMUNDA HER ZAMAN POL\u0130SE SU\u00c7 DUYURUSUNDA BULUNULUR.<\/li>\n<li>HIRSIZLIK, ZARAR VERME VEYA BU KURALLARIN D\u0130\u011eER \u015eEK\u0130LLERDE \u0130HL\u00c2L\u0130 DURUMUNDA POL\u0130SLE NE \u015eEK\u0130LDE HAREKET ED\u0130LECE\u011e\u0130 KONUSUNDA \u00d6NCEDEN MUTABIK KALINMI\u015eTIR.<\/li>\n<li>SATIN ALINAN \u00dcR\u00dcNLER, MA\u011eAZA SORUMLUSU VEYA 1. PERSONEL UYGUN G\u00d6RD\u00dc\u011e\u00dc TAKD\u0130RDE DE\u011e\u0130\u015eT\u0130R\u0130LEB\u0130L\u0130R. KBM, M\u00dc\u015eTER\u0130YE SATIN ALMA TUTARINI (BANKA KARTI (PIN) \u00dcZER\u0130NDEN) GER\u0130 \u0130ADE EDER.<\/li>\n<li>B\u0130R \u00dcR\u00dcN F\u0130YATLANDIRILMAMI\u015eSA, SATILAMAZ VE MA\u011eAZADAN KALDIRILARAK DAHA SONRA F\u0130YATLANDIRILMAK \u00dcZERE GER\u0130 KONULUR.<\/li>\n<li>KASADA BEL\u0130RT\u0130LEN SATI\u015e KO\u015eULLARINI KABUL ETM\u0130\u015e SAYILIRSINIZ.<\/li>\n<\/ul>\n<\/div><div class=\"fusion-separator fusion-full-width-sep\" style=\"align-self: center;margin-left: auto;margin-right: auto;margin-top:2%;width:100%;\"><\/div><\/div><\/div><\/div><\/div>\n","protected":false},"excerpt":{"rendered":"","protected":false},"author":1,"featured_media":0,"parent":0,"menu_order":0,"comment_status":"closed","ping_status":"closed","template":"100-width.php","meta":{"footnotes":""},"class_list":["post-4751","page","type-page","status-publish","hentry"],"yoast_head":"<!-- This site is optimized with the Yoast SEO plugin v27.4 - https:\/\/yoast.com\/product\/yoast-seo-wordpress\/ -->\n<title>Ma\u011faza \u0130\u00e7\u0130 kurallar - Kringloopbedrijven Maasland<\/title>\n<meta name=\"description\" content=\"Ma\u011fazalar\u0131m\u0131za gelen ziyaret\u00e7ilerin m\u00fcmk\u00fcn oldu\u011funca keyifli olmas\u0131n\u0131 istiyoruz. Bu ama\u00e7la bir dizi ev kural\u0131 olu\u015fturduk.\" \/>\n<meta name=\"robots\" content=\"index, follow, max-snippet:-1, max-image-preview:large, max-video-preview:-1\" \/>\n<link rel=\"canonical\" href=\"https:\/\/kringloopbedrijfoss.nl\/tr\/magaza-ici-kurallar\/\" \/>\n<meta property=\"og:locale\" content=\"tr_TR\" \/>\n<meta property=\"og:type\" content=\"article\" \/>\n<meta property=\"og:title\" content=\"Ma\u011faza \u0130\u00e7\u0130 kurallar - Kringloopbedrijven Maasland\" \/>\n<meta property=\"og:description\" content=\"Ma\u011fazalar\u0131m\u0131za gelen ziyaret\u00e7ilerin m\u00fcmk\u00fcn oldu\u011funca keyifli olmas\u0131n\u0131 istiyoruz. Bu ama\u00e7la bir dizi ev kural\u0131 olu\u015fturduk.\" \/>\n<meta property=\"og:url\" content=\"https:\/\/kringloopbedrijfoss.nl\/tr\/magaza-ici-kurallar\/\" \/>\n<meta property=\"og:site_name\" content=\"Kringloopbedrijven Maasland\" \/>\n<meta property=\"article:modified_time\" content=\"2025-05-30T18:52:09+00:00\" \/>\n<meta name=\"twitter:card\" content=\"summary_large_image\" \/>\n<meta name=\"twitter:label1\" content=\"Tahmini okuma s\u00fcresi\" \/>\n\t<meta name=\"twitter:data1\" content=\"5 dakika\" \/>\n<script type=\"application\/ld+json\" class=\"yoast-schema-graph\">{\"@context\":\"https:\\\/\\\/schema.org\",\"@graph\":[{\"@type\":\"WebPage\",\"@id\":\"https:\\\/\\\/kringloopbedrijfoss.nl\\\/tr\\\/magaza-ici-kurallar\\\/\",\"url\":\"https:\\\/\\\/kringloopbedrijfoss.nl\\\/tr\\\/magaza-ici-kurallar\\\/\",\"name\":\"Ma\u011faza \u0130\u00e7\u0130 kurallar - Kringloopbedrijven Maasland\",\"isPartOf\":{\"@id\":\"https:\\\/\\\/kringloopbedrijfoss.nl\\\/#website\"},\"datePublished\":\"2025-05-30T18:08:55+00:00\",\"dateModified\":\"2025-05-30T18:52:09+00:00\",\"description\":\"Ma\u011fazalar\u0131m\u0131za gelen ziyaret\u00e7ilerin m\u00fcmk\u00fcn oldu\u011funca keyifli olmas\u0131n\u0131 istiyoruz. Bu ama\u00e7la bir dizi ev kural\u0131 olu\u015fturduk.\",\"breadcrumb\":{\"@id\":\"https:\\\/\\\/kringloopbedrijfoss.nl\\\/tr\\\/magaza-ici-kurallar\\\/#breadcrumb\"},\"inLanguage\":\"tr\",\"potentialAction\":[{\"@type\":\"ReadAction\",\"target\":[\"https:\\\/\\\/kringloopbedrijfoss.nl\\\/tr\\\/magaza-ici-kurallar\\\/\"]}]},{\"@type\":\"BreadcrumbList\",\"@id\":\"https:\\\/\\\/kringloopbedrijfoss.nl\\\/tr\\\/magaza-ici-kurallar\\\/#breadcrumb\",\"itemListElement\":[{\"@type\":\"ListItem\",\"position\":1,\"name\":\"Home\",\"item\":\"https:\\\/\\\/kringloopbedrijfoss.nl\\\/tr\\\/\"},{\"@type\":\"ListItem\",\"position\":2,\"name\":\"Ma\u011faza \u0130\u00e7\u0130 kurallar\"}]},{\"@type\":\"WebSite\",\"@id\":\"https:\\\/\\\/kringloopbedrijfoss.nl\\\/#website\",\"url\":\"https:\\\/\\\/kringloopbedrijfoss.nl\\\/\",\"name\":\"Kringloopbedrijven Maasland\",\"description\":\"\",\"potentialAction\":[{\"@type\":\"SearchAction\",\"target\":{\"@type\":\"EntryPoint\",\"urlTemplate\":\"https:\\\/\\\/kringloopbedrijfoss.nl\\\/?s={search_term_string}\"},\"query-input\":{\"@type\":\"PropertyValueSpecification\",\"valueRequired\":true,\"valueName\":\"search_term_string\"}}],\"inLanguage\":\"tr\"}]}<\/script>\n<!-- \/ Yoast SEO plugin. -->","yoast_head_json":{"title":"Ma\u011faza \u0130\u00e7\u0130 kurallar - Kringloopbedrijven Maasland","description":"Ma\u011fazalar\u0131m\u0131za gelen ziyaret\u00e7ilerin m\u00fcmk\u00fcn oldu\u011funca keyifli olmas\u0131n\u0131 istiyoruz. Bu ama\u00e7la bir dizi ev kural\u0131 olu\u015fturduk.","robots":{"index":"index","follow":"follow","max-snippet":"max-snippet:-1","max-image-preview":"max-image-preview:large","max-video-preview":"max-video-preview:-1"},"canonical":"https:\/\/kringloopbedrijfoss.nl\/tr\/magaza-ici-kurallar\/","og_locale":"tr_TR","og_type":"article","og_title":"Ma\u011faza \u0130\u00e7\u0130 kurallar - Kringloopbedrijven Maasland","og_description":"Ma\u011fazalar\u0131m\u0131za gelen ziyaret\u00e7ilerin m\u00fcmk\u00fcn oldu\u011funca keyifli olmas\u0131n\u0131 istiyoruz. Bu ama\u00e7la bir dizi ev kural\u0131 olu\u015fturduk.","og_url":"https:\/\/kringloopbedrijfoss.nl\/tr\/magaza-ici-kurallar\/","og_site_name":"Kringloopbedrijven Maasland","article_modified_time":"2025-05-30T18:52:09+00:00","twitter_card":"summary_large_image","twitter_misc":{"Tahmini okuma s\u00fcresi":"5 dakika"},"schema":{"@context":"https:\/\/schema.org","@graph":[{"@type":"WebPage","@id":"https:\/\/kringloopbedrijfoss.nl\/tr\/magaza-ici-kurallar\/","url":"https:\/\/kringloopbedrijfoss.nl\/tr\/magaza-ici-kurallar\/","name":"Ma\u011faza \u0130\u00e7\u0130 kurallar - Kringloopbedrijven Maasland","isPartOf":{"@id":"https:\/\/kringloopbedrijfoss.nl\/#website"},"datePublished":"2025-05-30T18:08:55+00:00","dateModified":"2025-05-30T18:52:09+00:00","description":"Ma\u011fazalar\u0131m\u0131za gelen ziyaret\u00e7ilerin m\u00fcmk\u00fcn oldu\u011funca keyifli olmas\u0131n\u0131 istiyoruz. Bu ama\u00e7la bir dizi ev kural\u0131 olu\u015fturduk.","breadcrumb":{"@id":"https:\/\/kringloopbedrijfoss.nl\/tr\/magaza-ici-kurallar\/#breadcrumb"},"inLanguage":"tr","potentialAction":[{"@type":"ReadAction","target":["https:\/\/kringloopbedrijfoss.nl\/tr\/magaza-ici-kurallar\/"]}]},{"@type":"BreadcrumbList","@id":"https:\/\/kringloopbedrijfoss.nl\/tr\/magaza-ici-kurallar\/#breadcrumb","itemListElement":[{"@type":"ListItem","position":1,"name":"Home","item":"https:\/\/kringloopbedrijfoss.nl\/tr\/"},{"@type":"ListItem","position":2,"name":"Ma\u011faza \u0130\u00e7\u0130 kurallar"}]},{"@type":"WebSite","@id":"https:\/\/kringloopbedrijfoss.nl\/#website","url":"https:\/\/kringloopbedrijfoss.nl\/","name":"Kringloopbedrijven Maasland","description":"","potentialAction":[{"@type":"SearchAction","target":{"@type":"EntryPoint","urlTemplate":"https:\/\/kringloopbedrijfoss.nl\/?s={search_term_string}"},"query-input":{"@type":"PropertyValueSpecification","valueRequired":true,"valueName":"search_term_string"}}],"inLanguage":"tr"}]}},"_links":{"self":[{"href":"https:\/\/kringloopbedrijfoss.nl\/tr\/wp-json\/wp\/v2\/pages\/4751","targetHints":{"allow":["GET"]}}],"collection":[{"href":"https:\/\/kringloopbedrijfoss.nl\/tr\/wp-json\/wp\/v2\/pages"}],"about":[{"href":"https:\/\/kringloopbedrijfoss.nl\/tr\/wp-json\/wp\/v2\/types\/page"}],"author":[{"embeddable":true,"href":"https:\/\/kringloopbedrijfoss.nl\/tr\/wp-json\/wp\/v2\/users\/1"}],"replies":[{"embeddable":true,"href":"https:\/\/kringloopbedrijfoss.nl\/tr\/wp-json\/wp\/v2\/comments?post=4751"}],"version-history":[{"count":4,"href":"https:\/\/kringloopbedrijfoss.nl\/tr\/wp-json\/wp\/v2\/pages\/4751\/revisions"}],"predecessor-version":[{"id":4755,"href":"https:\/\/kringloopbedrijfoss.nl\/tr\/wp-json\/wp\/v2\/pages\/4751\/revisions\/4755"}],"wp:attachment":[{"href":"https:\/\/kringloopbedrijfoss.nl\/tr\/wp-json\/wp\/v2\/media?parent=4751"}],"curies":[{"name":"wp","href":"https:\/\/api.w.org\/{rel}","templated":true}]}}