{"id":2858,"date":"2022-08-26T16:04:10","date_gmt":"2022-08-26T14:04:10","guid":{"rendered":"https:\/\/kringloop.siteinontwikkeling.nl\/hadi-alalim\/"},"modified":"2025-05-30T21:53:24","modified_gmt":"2025-05-30T19:53:24","slug":"toplatmak","status":"publish","type":"page","link":"https:\/\/kringloopbedrijfoss.nl\/tr\/toplatmak\/","title":{"rendered":"Toplatmak"},"content":{"rendered":"<div class=\"fusion-fullwidth fullwidth-box fusion-builder-row-1 fusion-flex-container has-pattern-background has-mask-background nonhundred-percent-fullwidth non-hundred-percent-height-scrolling\" style=\"--awb-border-color:var(--awb-color1);--awb-border-radius-top-left:0px;--awb-border-radius-top-right:0px;--awb-border-radius-bottom-right:0px;--awb-border-radius-bottom-left:0px;--awb-padding-top:0px;--awb-padding-bottom:0px;--awb-padding-top-medium:70px;--awb-padding-bottom-medium:70px;--awb-padding-top-small:50px;--awb-padding-bottom-small:70px;\" ><div class=\"fusion-builder-row fusion-row fusion-flex-align-items-flex-start\" style=\"max-width:calc( 1200px + 0px );margin-left: calc(-0px \/ 2 );margin-right: calc(-0px \/ 2 );\"><div class=\"fusion-layout-column fusion_builder_column fusion-builder-column-0 fusion_builder_column_1_2 1_2 fusion-flex-column fusion-animated\" style=\"--awb-bg-size:cover;--awb-width-large:50%;--awb-margin-top-large:40px;--awb-spacing-right-large:0;--awb-margin-bottom-large:80px;--awb-spacing-left-large:40px;--awb-width-medium:50%;--awb-order-medium:0;--awb-spacing-right-medium:0;--awb-spacing-left-medium:40px;--awb-width-small:100%;--awb-order-small:0;--awb-spacing-right-small:0;--awb-margin-bottom-small:0px;--awb-spacing-left-small:0;\" data-animationType=\"fadeInRight\" data-animationDuration=\"1.0\" data-animationOffset=\"top-into-view\"><div class=\"fusion-column-wrapper fusion-column-has-shadow fusion-flex-justify-content-flex-start fusion-content-layout-column\"><div class=\"fusion-image-element \" style=\"text-align:center;\"><span class=\" fusion-imageframe imageframe-none imageframe-1 hover-type-none\"><a class=\"fusion-no-lightbox\" href=\"https:\/\/kringloopbedrijfoss.nl\/plan-zelf\/\" target=\"_self\" aria-label=\"laten_ophalen_plannen\"><img decoding=\"async\" width=\"500\" height=\"170\" alt=\"Kringloopbedrijven Maasland - Ophalen\" src=\"https:\/\/kringloopbedrijfoss.nl\/wp-content\/uploads\/2022\/08\/laten_ophalen_plannen.png\" data-orig-src=\"https:\/\/kringloopbedrijfoss.nl\/wp-content\/uploads\/2022\/08\/laten_ophalen_plannen.png\" class=\"lazyload img-responsive wp-image-2329\" srcset=\"data:image\/svg+xml,%3Csvg%20xmlns%3D%27http%3A%2F%2Fwww.w3.org%2F2000%2Fsvg%27%20width%3D%27500%27%20height%3D%27170%27%20viewBox%3D%270%200%20500%20170%27%3E%3Crect%20width%3D%27500%27%20height%3D%27170%27%20fill-opacity%3D%220%22%2F%3E%3C%2Fsvg%3E\" data-srcset=\"https:\/\/kringloopbedrijfoss.nl\/wp-content\/uploads\/2022\/08\/laten_ophalen_plannen-200x68.png 200w, https:\/\/kringloopbedrijfoss.nl\/wp-content\/uploads\/2022\/08\/laten_ophalen_plannen-400x136.png 400w, https:\/\/kringloopbedrijfoss.nl\/wp-content\/uploads\/2022\/08\/laten_ophalen_plannen.png 500w\" data-sizes=\"auto\" data-orig-sizes=\"(max-width: 640px) 100vw, 500px\" \/><\/a><\/span><\/div><div class=\"fusion-text fusion-text-1\" style=\"--awb-content-alignment:center;\"><p>KEND\u0130N\u0130ZE B\u0130R TOPLATMA TAR\u0130H\u0130 PLANLAYIN.<\/p>\n<\/div><div style=\"text-align:center;\"><a class=\"fusion-button button-flat fusion-button-default-size button-default fusion-button-default button-1 fusion-button-default-span fusion-button-default-type\" target=\"_self\" href=\"\/tr\/takvim\/\"><span class=\"fusion-button-text\">BURAYA TIKLAYIN<\/span><\/a><\/div><\/div><\/div><div class=\"fusion-layout-column fusion_builder_column fusion-builder-column-1 fusion_builder_column_1_2 1_2 fusion-flex-column fusion-animated\" style=\"--awb-bg-size:cover;--awb-width-large:50%;--awb-margin-top-large:40px;--awb-spacing-right-large:0;--awb-margin-bottom-large:80px;--awb-spacing-left-large:40px;--awb-width-medium:50%;--awb-order-medium:0;--awb-spacing-right-medium:0;--awb-spacing-left-medium:40px;--awb-width-small:100%;--awb-order-small:0;--awb-spacing-right-small:0;--awb-margin-bottom-small:0px;--awb-spacing-left-small:0;\" data-animationType=\"fadeInRight\" data-animationDuration=\"1.0\" data-animationOffset=\"top-into-view\"><div class=\"fusion-column-wrapper fusion-column-has-shadow fusion-flex-justify-content-flex-start fusion-content-layout-column\"><div class=\"fusion-image-element \" style=\"text-align:center;\"><span class=\" fusion-imageframe imageframe-none imageframe-2 hover-type-none\"><a class=\"fusion-no-lightbox\" href=\"tel:+31412626111\" target=\"_self\" aria-label=\"laten_ophalen_bellen\"><img decoding=\"async\" width=\"500\" height=\"170\" alt=\"Kringloopbedrijven Maasland - Bellen\" src=\"https:\/\/kringloopbedrijfoss.nl\/wp-content\/uploads\/2022\/08\/laten_ophalen_bellen.png\" data-orig-src=\"https:\/\/kringloopbedrijfoss.nl\/wp-content\/uploads\/2022\/08\/laten_ophalen_bellen.png\" class=\"lazyload img-responsive wp-image-2323\" srcset=\"data:image\/svg+xml,%3Csvg%20xmlns%3D%27http%3A%2F%2Fwww.w3.org%2F2000%2Fsvg%27%20width%3D%27500%27%20height%3D%27170%27%20viewBox%3D%270%200%20500%20170%27%3E%3Crect%20width%3D%27500%27%20height%3D%27170%27%20fill-opacity%3D%220%22%2F%3E%3C%2Fsvg%3E\" data-srcset=\"https:\/\/kringloopbedrijfoss.nl\/wp-content\/uploads\/2022\/08\/laten_ophalen_bellen-200x68.png 200w, https:\/\/kringloopbedrijfoss.nl\/wp-content\/uploads\/2022\/08\/laten_ophalen_bellen-400x136.png 400w, https:\/\/kringloopbedrijfoss.nl\/wp-content\/uploads\/2022\/08\/laten_ophalen_bellen.png 500w\" data-sizes=\"auto\" data-orig-sizes=\"(max-width: 640px) 100vw, 500px\" \/><\/a><\/span><\/div><div class=\"fusion-text fusion-text-2\" style=\"--awb-content-alignment:center;\"><p>ALI\u015e TAR\u0130H\u0130 PROGRAMLAMAK \u0130\u00c7\u0130N ARAYINIZ.<\/p>\n<\/div><div style=\"text-align:center;\"><a class=\"fusion-button button-flat fusion-button-default-size button-default fusion-button-default button-2 fusion-button-default-span fusion-button-default-type\" target=\"_self\" href=\"tel:+31412626111\"><span class=\"fusion-button-text\">+31 412 626 111<\/span><\/a><\/div><\/div><\/div><div class=\"fusion-layout-column fusion_builder_column fusion-builder-column-2 fusion_builder_column_1_1 1_1 fusion-flex-column\" style=\"--awb-bg-color:var(--awb-color4);--awb-bg-size:cover;--awb-width-large:100%;--awb-spacing-right-large:0;--awb-margin-bottom-large:40px;--awb-spacing-left-large:40px;--awb-width-medium:100%;--awb-order-medium:0;--awb-spacing-right-medium:0;--awb-spacing-left-medium:40px;--awb-width-small:100%;--awb-order-small:0;--awb-spacing-right-small:0;--awb-spacing-left-small:0;\"><div class=\"fusion-column-wrapper fusion-column-has-shadow fusion-flex-justify-content-flex-start fusion-content-layout-column\"><div class=\"fusion-text fusion-text-3 fusion-text-no-margin\" style=\"--awb-content-alignment:center;--awb-margin-top:10px;--awb-margin-bottom:10px;\"><p>HANGI MALLAR\u0131 TOPLUYORUZ?<\/p>\n<\/div><div style=\"text-align:center;\"><a class=\"fusion-button button-flat fusion-button-default-size button-default fusion-button-default button-3 fusion-button-default-span fusion-button-default-type\" style=\"--button_margin-bottom:20px;\" target=\"_self\" href=\"https:\/\/kringloopbedrijfoss.nl\/tr\/alinabilecek-esyalarla-ilgili-yonergeler\/\"><span class=\"fusion-button-text\">BURAYA TIKLAYIN<\/span><\/a><\/div><\/div><\/div><\/div><\/div>\n","protected":false},"excerpt":{"rendered":"","protected":false},"author":1,"featured_media":0,"parent":0,"menu_order":0,"comment_status":"closed","ping_status":"closed","template":"100-width.php","meta":{"footnotes":""},"class_list":["post-2858","page","type-page","status-publish","hentry"],"yoast_head":"<!-- This site is optimized with the Yoast SEO plugin v27.5 - https:\/\/yoast.com\/product\/yoast-seo-wordpress\/ -->\n<title>Toplatmak - Kringloopbedrijven Maasland<\/title>\n<meta name=\"description\" content=\"E\u015fyalar\u0131n\u0131z\u0131 teslim almam\u0131z\u0131 isterseniz bizi arayarak randevu alabilir veya teslim tarihini kendiniz planlayabilirsiniz.\" \/>\n<meta name=\"robots\" content=\"index, follow, max-snippet:-1, max-image-preview:large, max-video-preview:-1\" \/>\n<link rel=\"canonical\" href=\"https:\/\/kringloopbedrijfoss.nl\/tr\/toplatmak\/\" \/>\n<meta property=\"og:locale\" content=\"tr_TR\" \/>\n<meta property=\"og:type\" content=\"article\" \/>\n<meta property=\"og:title\" content=\"Toplatmak - Kringloopbedrijven Maasland\" \/>\n<meta property=\"og:description\" content=\"E\u015fyalar\u0131n\u0131z\u0131 teslim almam\u0131z\u0131 isterseniz bizi arayarak randevu alabilir veya teslim tarihini kendiniz planlayabilirsiniz.\" \/>\n<meta property=\"og:url\" content=\"https:\/\/kringloopbedrijfoss.nl\/tr\/toplatmak\/\" \/>\n<meta property=\"og:site_name\" content=\"Kringloopbedrijven Maasland\" \/>\n<meta property=\"article:modified_time\" content=\"2025-05-30T19:53:24+00:00\" \/>\n<meta name=\"twitter:card\" content=\"summary_large_image\" \/>\n<meta name=\"twitter:label1\" content=\"Tahmini okuma s\u00fcresi\" \/>\n\t<meta name=\"twitter:data1\" content=\"6 dakika\" \/>\n<script type=\"application\/ld+json\" class=\"yoast-schema-graph\">{\"@context\":\"https:\\\/\\\/schema.org\",\"@graph\":[{\"@type\":\"WebPage\",\"@id\":\"https:\\\/\\\/kringloopbedrijfoss.nl\\\/tr\\\/toplatmak\\\/\",\"url\":\"https:\\\/\\\/kringloopbedrijfoss.nl\\\/tr\\\/toplatmak\\\/\",\"name\":\"Toplatmak - Kringloopbedrijven Maasland\",\"isPartOf\":{\"@id\":\"https:\\\/\\\/kringloopbedrijfoss.nl\\\/#website\"},\"datePublished\":\"2022-08-26T14:04:10+00:00\",\"dateModified\":\"2025-05-30T19:53:24+00:00\",\"description\":\"E\u015fyalar\u0131n\u0131z\u0131 teslim almam\u0131z\u0131 isterseniz bizi arayarak randevu alabilir veya teslim tarihini kendiniz planlayabilirsiniz.\",\"breadcrumb\":{\"@id\":\"https:\\\/\\\/kringloopbedrijfoss.nl\\\/tr\\\/toplatmak\\\/#breadcrumb\"},\"inLanguage\":\"tr\",\"potentialAction\":[{\"@type\":\"ReadAction\",\"target\":[\"https:\\\/\\\/kringloopbedrijfoss.nl\\\/tr\\\/toplatmak\\\/\"]}]},{\"@type\":\"BreadcrumbList\",\"@id\":\"https:\\\/\\\/kringloopbedrijfoss.nl\\\/tr\\\/toplatmak\\\/#breadcrumb\",\"itemListElement\":[{\"@type\":\"ListItem\",\"position\":1,\"name\":\"Home\",\"item\":\"https:\\\/\\\/kringloopbedrijfoss.nl\\\/tr\\\/\"},{\"@type\":\"ListItem\",\"position\":2,\"name\":\"Toplatmak\"}]},{\"@type\":\"WebSite\",\"@id\":\"https:\\\/\\\/kringloopbedrijfoss.nl\\\/#website\",\"url\":\"https:\\\/\\\/kringloopbedrijfoss.nl\\\/\",\"name\":\"Kringloopbedrijven Maasland\",\"description\":\"\",\"potentialAction\":[{\"@type\":\"SearchAction\",\"target\":{\"@type\":\"EntryPoint\",\"urlTemplate\":\"https:\\\/\\\/kringloopbedrijfoss.nl\\\/?s={search_term_string}\"},\"query-input\":{\"@type\":\"PropertyValueSpecification\",\"valueRequired\":true,\"valueName\":\"search_term_string\"}}],\"inLanguage\":\"tr\"}]}<\/script>\n<!-- \/ Yoast SEO plugin. -->","yoast_head_json":{"title":"Toplatmak - Kringloopbedrijven Maasland","description":"E\u015fyalar\u0131n\u0131z\u0131 teslim almam\u0131z\u0131 isterseniz bizi arayarak randevu alabilir veya teslim tarihini kendiniz planlayabilirsiniz.","robots":{"index":"index","follow":"follow","max-snippet":"max-snippet:-1","max-image-preview":"max-image-preview:large","max-video-preview":"max-video-preview:-1"},"canonical":"https:\/\/kringloopbedrijfoss.nl\/tr\/toplatmak\/","og_locale":"tr_TR","og_type":"article","og_title":"Toplatmak - Kringloopbedrijven Maasland","og_description":"E\u015fyalar\u0131n\u0131z\u0131 teslim almam\u0131z\u0131 isterseniz bizi arayarak randevu alabilir veya teslim tarihini kendiniz planlayabilirsiniz.","og_url":"https:\/\/kringloopbedrijfoss.nl\/tr\/toplatmak\/","og_site_name":"Kringloopbedrijven Maasland","article_modified_time":"2025-05-30T19:53:24+00:00","twitter_card":"summary_large_image","twitter_misc":{"Tahmini okuma s\u00fcresi":"6 dakika"},"schema":{"@context":"https:\/\/schema.org","@graph":[{"@type":"WebPage","@id":"https:\/\/kringloopbedrijfoss.nl\/tr\/toplatmak\/","url":"https:\/\/kringloopbedrijfoss.nl\/tr\/toplatmak\/","name":"Toplatmak - Kringloopbedrijven Maasland","isPartOf":{"@id":"https:\/\/kringloopbedrijfoss.nl\/#website"},"datePublished":"2022-08-26T14:04:10+00:00","dateModified":"2025-05-30T19:53:24+00:00","description":"E\u015fyalar\u0131n\u0131z\u0131 teslim almam\u0131z\u0131 isterseniz bizi arayarak randevu alabilir veya teslim tarihini kendiniz planlayabilirsiniz.","breadcrumb":{"@id":"https:\/\/kringloopbedrijfoss.nl\/tr\/toplatmak\/#breadcrumb"},"inLanguage":"tr","potentialAction":[{"@type":"ReadAction","target":["https:\/\/kringloopbedrijfoss.nl\/tr\/toplatmak\/"]}]},{"@type":"BreadcrumbList","@id":"https:\/\/kringloopbedrijfoss.nl\/tr\/toplatmak\/#breadcrumb","itemListElement":[{"@type":"ListItem","position":1,"name":"Home","item":"https:\/\/kringloopbedrijfoss.nl\/tr\/"},{"@type":"ListItem","position":2,"name":"Toplatmak"}]},{"@type":"WebSite","@id":"https:\/\/kringloopbedrijfoss.nl\/#website","url":"https:\/\/kringloopbedrijfoss.nl\/","name":"Kringloopbedrijven Maasland","description":"","potentialAction":[{"@type":"SearchAction","target":{"@type":"EntryPoint","urlTemplate":"https:\/\/kringloopbedrijfoss.nl\/?s={search_term_string}"},"query-input":{"@type":"PropertyValueSpecification","valueRequired":true,"valueName":"search_term_string"}}],"inLanguage":"tr"}]}},"_links":{"self":[{"href":"https:\/\/kringloopbedrijfoss.nl\/tr\/wp-json\/wp\/v2\/pages\/2858","targetHints":{"allow":["GET"]}}],"collection":[{"href":"https:\/\/kringloopbedrijfoss.nl\/tr\/wp-json\/wp\/v2\/pages"}],"about":[{"href":"https:\/\/kringloopbedrijfoss.nl\/tr\/wp-json\/wp\/v2\/types\/page"}],"author":[{"embeddable":true,"href":"https:\/\/kringloopbedrijfoss.nl\/tr\/wp-json\/wp\/v2\/users\/1"}],"replies":[{"embeddable":true,"href":"https:\/\/kringloopbedrijfoss.nl\/tr\/wp-json\/wp\/v2\/comments?post=2858"}],"version-history":[{"count":10,"href":"https:\/\/kringloopbedrijfoss.nl\/tr\/wp-json\/wp\/v2\/pages\/2858\/revisions"}],"predecessor-version":[{"id":4806,"href":"https:\/\/kringloopbedrijfoss.nl\/tr\/wp-json\/wp\/v2\/pages\/2858\/revisions\/4806"}],"wp:attachment":[{"href":"https:\/\/kringloopbedrijfoss.nl\/tr\/wp-json\/wp\/v2\/media?parent=2858"}],"curies":[{"name":"wp","href":"https:\/\/api.w.org\/{rel}","templated":true}]}}