{"id":4787,"date":"2025-05-30T21:00:56","date_gmt":"2025-05-30T19:00:56","guid":{"rendered":"https:\/\/kringloopbedrijfoss.nl\/richtlijnen-op-te-halen-goederen\/"},"modified":"2025-05-30T21:36:18","modified_gmt":"2025-05-30T19:36:18","slug":"wytyczne-dotyczace-odbioru-towarow","status":"publish","type":"page","link":"https:\/\/kringloopbedrijfoss.nl\/pl\/wytyczne-dotyczace-odbioru-towarow\/","title":{"rendered":"Wytyczne dotycz\u0105ce odbioru towar\u00f3w"},"content":{"rendered":"<div class=\"fusion-fullwidth fullwidth-box fusion-builder-row-1 fusion-flex-container has-pattern-background has-mask-background nonhundred-percent-fullwidth non-hundred-percent-height-scrolling\" style=\"--awb-border-color:var(--awb-color1);--awb-border-radius-top-left:0px;--awb-border-radius-top-right:0px;--awb-border-radius-bottom-right:0px;--awb-border-radius-bottom-left:0px;--awb-padding-top:0px;--awb-padding-bottom:0px;--awb-padding-top-medium:70px;--awb-padding-bottom-medium:70px;--awb-padding-top-small:50px;--awb-padding-bottom-small:70px;\" ><div class=\"fusion-builder-row fusion-row fusion-flex-align-items-flex-start\" style=\"max-width:calc( 1200px + 0px );margin-left: calc(-0px \/ 2 );margin-right: calc(-0px \/ 2 );\"><div class=\"fusion-layout-column fusion_builder_column fusion-builder-column-0 fusion_builder_column_1_1 1_1 fusion-flex-column\" style=\"--awb-bg-size:cover;--awb-width-large:100%;--awb-margin-top-large:0px;--awb-spacing-right-large:0;--awb-margin-bottom-large:0px;--awb-spacing-left-large:0;--awb-width-medium:100%;--awb-order-medium:0;--awb-spacing-right-medium:0;--awb-spacing-left-medium:0;--awb-width-small:100%;--awb-order-small:0;--awb-spacing-right-small:0;--awb-spacing-left-small:0;\"><div class=\"fusion-column-wrapper fusion-column-has-shadow fusion-flex-justify-content-flex-start fusion-content-layout-column\"><div class=\"fusion-title title fusion-title-1 fusion-sep-none fusion-title-text fusion-title-size-two\"><h2 class=\"title-heading-left\" style=\"margin:0;text-transform:capitalize;\">WYTYCZNE DOTYCZ\u0104CE ODBIORU TOWAR\u00d3W<\/h2><\/div><\/div><\/div><div class=\"fusion-layout-column fusion_builder_column fusion-builder-column-1 fusion_builder_column_1_2 1_2 fusion-flex-column fusion-animated\" style=\"--awb-bg-size:cover;--awb-width-large:50%;--awb-margin-top-large:20px;--awb-spacing-right-large:0;--awb-margin-bottom-large:80px;--awb-spacing-left-large:40px;--awb-width-medium:50%;--awb-order-medium:0;--awb-spacing-right-medium:0;--awb-spacing-left-medium:40px;--awb-width-small:100%;--awb-order-small:0;--awb-spacing-right-small:0;--awb-margin-bottom-small:0px;--awb-spacing-left-small:0;\" data-animationType=\"fadeInRight\" data-animationDuration=\"1.0\" data-animationOffset=\"top-into-view\"><div class=\"fusion-column-wrapper fusion-column-has-shadow fusion-flex-justify-content-flex-start fusion-content-layout-column\"><div class=\"fusion-title title fusion-title-2 fusion-sep-none fusion-title-text fusion-title-size-three\" style=\"--awb-font-size:25px;\"><h3 class=\"title-heading-left\" style=\"margin:0;font-size:1em;text-transform:capitalize;\">ZABRA\u0106<\/h3><\/div><div class=\"fusion-text fusion-text-1\"><ul>\n<li>\u0141\u00d3\u017bKA I\u00a0STELA\u017bE \u0141\u00d3\u017bEK (NIE W\u00a0BERNHEZE)<\/li>\n<li>SPRZ\u0118T RTV\/AGD<\/li>\n<li>PRZEDMIOTY KOLEKCJONERSKIE I\u00a0ANTYKI<\/li>\n<li>KOCE ELEKTRYCZNE<\/li>\n<li>ROWERY (W\u00a0BERNHEZE TYLKO W\u00a0BARDZO DOBRYM STANIE)<\/li>\n<li>SPRZ\u0118T FITNESS<\/li>\n<li>PIECYKI GAZOWE<\/li>\n<li>NIELEGALNIE SKOPIOWANE WIDEO, CD I\u00a0DVD<\/li>\n<li>ODZIE\u017b I\u00a0NACZYNIA<\/li>\n<li>MA\u0141E SPRZ\u0118TY AGD<\/li>\n<li>MATERIA\u0141Y WOJSKOWE, ZABAWKI, ODZIE\u017b WOJSKOWA<\/li>\n<li>MATERACE<\/li>\n<li>MEBLE WYKONANE Z LITEGO DREWNA, SOSNY, D\u0118BU ITP.<\/li>\n<li>WYPCHANE ZWIERZ\u0118TA<\/li>\n<li>FUTRA<\/li>\n<li>STALOWE BIURKA, SZAFKI I\u00a0STO\u0141Y<\/li>\n<li>FOLDERY<\/li>\n<li>PRODUKTY DO PIEL\u0118GNACJI CIA\u0141A<\/li>\n<li>PORNOGRAFIA<\/li>\n<li>LOD\u00d3WKI I\u00a0ZAMRA\u017bARKI<\/li>\n<li>KOMPUTERY\/CZ\u0118\u015aCI<\/li>\n<li>ZABAWKI<\/li>\n<li>DESKI SURFINGOWE<\/li>\n<li>TELEWIZORY<\/li>\n<li>NAMIOTY, NADMUCHIWANE PONTONY<\/li>\n<li>KASKI OCHRONNE<\/li>\n<li>WYK\u0141ADZINY, R\u00d3WNIE\u017b DYWANY W\u00a0DOBRYM STANIE LUB KOMPLETY NOWYCH P\u0141YTEK POD\u0141OGOWYCH<\/li>\n<li>SOLARIA (NIE W\u00a0BERNHEZE)<\/li>\n<\/ul>\n<\/div><div class=\"fusion-separator fusion-full-width-sep\" style=\"align-self: center;margin-left: auto;margin-right: auto;margin-top:2%;width:100%;\"><\/div><\/div><\/div><div class=\"fusion-layout-column fusion_builder_column fusion-builder-column-2 fusion_builder_column_1_2 1_2 fusion-flex-column fusion-animated\" style=\"--awb-bg-size:cover;--awb-width-large:50%;--awb-margin-top-large:20px;--awb-spacing-right-large:0;--awb-margin-bottom-large:80px;--awb-spacing-left-large:40px;--awb-width-medium:50%;--awb-order-medium:0;--awb-spacing-right-medium:0;--awb-spacing-left-medium:40px;--awb-width-small:100%;--awb-order-small:0;--awb-spacing-right-small:0;--awb-margin-bottom-small:0px;--awb-spacing-left-small:0;\" data-animationType=\"fadeInRight\" data-animationDuration=\"1.0\" data-animationOffset=\"top-into-view\"><div class=\"fusion-column-wrapper fusion-column-has-shadow fusion-flex-justify-content-flex-start fusion-content-layout-column\"><div class=\"fusion-title title fusion-title-3 fusion-sep-none fusion-title-text fusion-title-size-three\" style=\"--awb-font-size:25px;\"><h3 class=\"title-heading-left\" style=\"margin:0;font-size:1em;text-transform:capitalize;\">NIE ZABIERA\u0106<\/h3><\/div><div class=\"fusion-text fusion-text-2\"><ul>\n<li>ODPADY BUDOWLANE I ROZBI\u00d3RKOWE<br \/>\nNA PRZYK\u0141AD: GRUZ, DREWNO Z ROZBI\u00d3RKI, ELEMENTY OGRODZENIA, P\u0141YTKI, DRZWI, RAMY OKIENNE, INSTALACJE WODOCI\u0104GOWE, KUCHNIE, BLATY, KABINY PRYSZNICOWE, WANNY ITP.<\/li>\n<li>ODPADY CHEMICZNE<br \/>\nNA PRZYK\u0141AD: POZOSTA\u0141O\u015aCI FARBY, \u015aWIETL\u00d3WKI, AKUMULATORY, BATERIE, OPONY SAMOCHODOWE, ZU\u017bYTY OLEJ SILNIKOWY, BUTLE GAZOWE, LU\u0179NE LAMPY SOLARNE ITP.<\/li>\n<li>ODPADY OGRODOWE<\/li>\n<li>SAMOCHODY I\u00a0PRZYCZEPY KEMPINGOWE<\/li>\n<li>\u0141\u00d3\u017bECZKA TURYSTYCZNE<\/li>\n<li>RO\u015aLINY I ZWIERZ\u0118TA<\/li>\n<li>JEDZENIE I NAPOJE<\/li>\n<\/ul>\n<\/div><div class=\"fusion-separator fusion-full-width-sep\" style=\"align-self: center;margin-left: auto;margin-right: auto;margin-top:2%;width:100%;\"><\/div><\/div><\/div><\/div><\/div>\n","protected":false},"excerpt":{"rendered":"","protected":false},"author":1,"featured_media":0,"parent":0,"menu_order":0,"comment_status":"closed","ping_status":"closed","template":"100-width.php","meta":{"footnotes":""},"class_list":["post-4787","page","type-page","status-publish","hentry"],"yoast_head":"<!-- This site is optimized with the Yoast SEO plugin v27.5 - https:\/\/yoast.com\/product\/yoast-seo-wordpress\/ -->\n<title>Wytyczne dotycz\u0105ce odbioru towar\u00f3w - Kringloopbedrijven Maasland<\/title>\n<meta name=\"description\" content=\"Na tej stronie znajdziesz list\u0119 wytycznych dotycz\u0105cych odpad\u00f3w, kt\u00f3re mo\u017cna odebra\u0107 w firmach zajmuj\u0105cych si\u0119 recyklingiem w Maasland.\" \/>\n<meta name=\"robots\" content=\"index, follow, max-snippet:-1, max-image-preview:large, max-video-preview:-1\" \/>\n<link rel=\"canonical\" href=\"https:\/\/kringloopbedrijfoss.nl\/pl\/wytyczne-dotyczace-odbioru-towarow\/\" \/>\n<meta property=\"og:locale\" content=\"pl_PL\" \/>\n<meta property=\"og:type\" content=\"article\" \/>\n<meta property=\"og:title\" content=\"Wytyczne dotycz\u0105ce odbioru towar\u00f3w - Kringloopbedrijven Maasland\" \/>\n<meta property=\"og:description\" content=\"Na tej stronie znajdziesz list\u0119 wytycznych dotycz\u0105cych odpad\u00f3w, kt\u00f3re mo\u017cna odebra\u0107 w firmach zajmuj\u0105cych si\u0119 recyklingiem w Maasland.\" \/>\n<meta property=\"og:url\" content=\"https:\/\/kringloopbedrijfoss.nl\/pl\/wytyczne-dotyczace-odbioru-towarow\/\" \/>\n<meta property=\"og:site_name\" content=\"Kringloopbedrijven Maasland\" \/>\n<meta property=\"article:modified_time\" content=\"2025-05-30T19:36:18+00:00\" \/>\n<meta name=\"twitter:card\" content=\"summary_large_image\" \/>\n<meta name=\"twitter:label1\" content=\"Szacowany czas czytania\" \/>\n\t<meta name=\"twitter:data1\" content=\"6 minut\" \/>\n<script type=\"application\/ld+json\" class=\"yoast-schema-graph\">{\"@context\":\"https:\\\/\\\/schema.org\",\"@graph\":[{\"@type\":\"WebPage\",\"@id\":\"https:\\\/\\\/kringloopbedrijfoss.nl\\\/pl\\\/wytyczne-dotyczace-odbioru-towarow\\\/\",\"url\":\"https:\\\/\\\/kringloopbedrijfoss.nl\\\/pl\\\/wytyczne-dotyczace-odbioru-towarow\\\/\",\"name\":\"Wytyczne dotycz\u0105ce odbioru towar\u00f3w - Kringloopbedrijven Maasland\",\"isPartOf\":{\"@id\":\"https:\\\/\\\/kringloopbedrijfoss.nl\\\/#website\"},\"datePublished\":\"2025-05-30T19:00:56+00:00\",\"dateModified\":\"2025-05-30T19:36:18+00:00\",\"description\":\"Na tej stronie znajdziesz list\u0119 wytycznych dotycz\u0105cych odpad\u00f3w, kt\u00f3re mo\u017cna odebra\u0107 w firmach zajmuj\u0105cych si\u0119 recyklingiem w Maasland.\",\"breadcrumb\":{\"@id\":\"https:\\\/\\\/kringloopbedrijfoss.nl\\\/pl\\\/wytyczne-dotyczace-odbioru-towarow\\\/#breadcrumb\"},\"inLanguage\":\"pl-PL\",\"potentialAction\":[{\"@type\":\"ReadAction\",\"target\":[\"https:\\\/\\\/kringloopbedrijfoss.nl\\\/pl\\\/wytyczne-dotyczace-odbioru-towarow\\\/\"]}]},{\"@type\":\"BreadcrumbList\",\"@id\":\"https:\\\/\\\/kringloopbedrijfoss.nl\\\/pl\\\/wytyczne-dotyczace-odbioru-towarow\\\/#breadcrumb\",\"itemListElement\":[{\"@type\":\"ListItem\",\"position\":1,\"name\":\"Home\",\"item\":\"https:\\\/\\\/kringloopbedrijfoss.nl\\\/pl\\\/\"},{\"@type\":\"ListItem\",\"position\":2,\"name\":\"Wytyczne dotycz\u0105ce odbioru towar\u00f3w\"}]},{\"@type\":\"WebSite\",\"@id\":\"https:\\\/\\\/kringloopbedrijfoss.nl\\\/#website\",\"url\":\"https:\\\/\\\/kringloopbedrijfoss.nl\\\/\",\"name\":\"Kringloopbedrijven Maasland\",\"description\":\"\",\"potentialAction\":[{\"@type\":\"SearchAction\",\"target\":{\"@type\":\"EntryPoint\",\"urlTemplate\":\"https:\\\/\\\/kringloopbedrijfoss.nl\\\/?s={search_term_string}\"},\"query-input\":{\"@type\":\"PropertyValueSpecification\",\"valueRequired\":true,\"valueName\":\"search_term_string\"}}],\"inLanguage\":\"pl-PL\"}]}<\/script>\n<!-- \/ Yoast SEO plugin. -->","yoast_head_json":{"title":"Wytyczne dotycz\u0105ce odbioru towar\u00f3w - Kringloopbedrijven Maasland","description":"Na tej stronie znajdziesz list\u0119 wytycznych dotycz\u0105cych odpad\u00f3w, kt\u00f3re mo\u017cna odebra\u0107 w firmach zajmuj\u0105cych si\u0119 recyklingiem w Maasland.","robots":{"index":"index","follow":"follow","max-snippet":"max-snippet:-1","max-image-preview":"max-image-preview:large","max-video-preview":"max-video-preview:-1"},"canonical":"https:\/\/kringloopbedrijfoss.nl\/pl\/wytyczne-dotyczace-odbioru-towarow\/","og_locale":"pl_PL","og_type":"article","og_title":"Wytyczne dotycz\u0105ce odbioru towar\u00f3w - Kringloopbedrijven Maasland","og_description":"Na tej stronie znajdziesz list\u0119 wytycznych dotycz\u0105cych odpad\u00f3w, kt\u00f3re mo\u017cna odebra\u0107 w firmach zajmuj\u0105cych si\u0119 recyklingiem w Maasland.","og_url":"https:\/\/kringloopbedrijfoss.nl\/pl\/wytyczne-dotyczace-odbioru-towarow\/","og_site_name":"Kringloopbedrijven Maasland","article_modified_time":"2025-05-30T19:36:18+00:00","twitter_card":"summary_large_image","twitter_misc":{"Szacowany czas czytania":"6 minut"},"schema":{"@context":"https:\/\/schema.org","@graph":[{"@type":"WebPage","@id":"https:\/\/kringloopbedrijfoss.nl\/pl\/wytyczne-dotyczace-odbioru-towarow\/","url":"https:\/\/kringloopbedrijfoss.nl\/pl\/wytyczne-dotyczace-odbioru-towarow\/","name":"Wytyczne dotycz\u0105ce odbioru towar\u00f3w - Kringloopbedrijven Maasland","isPartOf":{"@id":"https:\/\/kringloopbedrijfoss.nl\/#website"},"datePublished":"2025-05-30T19:00:56+00:00","dateModified":"2025-05-30T19:36:18+00:00","description":"Na tej stronie znajdziesz list\u0119 wytycznych dotycz\u0105cych odpad\u00f3w, kt\u00f3re mo\u017cna odebra\u0107 w firmach zajmuj\u0105cych si\u0119 recyklingiem w Maasland.","breadcrumb":{"@id":"https:\/\/kringloopbedrijfoss.nl\/pl\/wytyczne-dotyczace-odbioru-towarow\/#breadcrumb"},"inLanguage":"pl-PL","potentialAction":[{"@type":"ReadAction","target":["https:\/\/kringloopbedrijfoss.nl\/pl\/wytyczne-dotyczace-odbioru-towarow\/"]}]},{"@type":"BreadcrumbList","@id":"https:\/\/kringloopbedrijfoss.nl\/pl\/wytyczne-dotyczace-odbioru-towarow\/#breadcrumb","itemListElement":[{"@type":"ListItem","position":1,"name":"Home","item":"https:\/\/kringloopbedrijfoss.nl\/pl\/"},{"@type":"ListItem","position":2,"name":"Wytyczne dotycz\u0105ce odbioru towar\u00f3w"}]},{"@type":"WebSite","@id":"https:\/\/kringloopbedrijfoss.nl\/#website","url":"https:\/\/kringloopbedrijfoss.nl\/","name":"Kringloopbedrijven Maasland","description":"","potentialAction":[{"@type":"SearchAction","target":{"@type":"EntryPoint","urlTemplate":"https:\/\/kringloopbedrijfoss.nl\/?s={search_term_string}"},"query-input":{"@type":"PropertyValueSpecification","valueRequired":true,"valueName":"search_term_string"}}],"inLanguage":"pl-PL"}]}},"_links":{"self":[{"href":"https:\/\/kringloopbedrijfoss.nl\/pl\/wp-json\/wp\/v2\/pages\/4787","targetHints":{"allow":["GET"]}}],"collection":[{"href":"https:\/\/kringloopbedrijfoss.nl\/pl\/wp-json\/wp\/v2\/pages"}],"about":[{"href":"https:\/\/kringloopbedrijfoss.nl\/pl\/wp-json\/wp\/v2\/types\/page"}],"author":[{"embeddable":true,"href":"https:\/\/kringloopbedrijfoss.nl\/pl\/wp-json\/wp\/v2\/users\/1"}],"replies":[{"embeddable":true,"href":"https:\/\/kringloopbedrijfoss.nl\/pl\/wp-json\/wp\/v2\/comments?post=4787"}],"version-history":[{"count":3,"href":"https:\/\/kringloopbedrijfoss.nl\/pl\/wp-json\/wp\/v2\/pages\/4787\/revisions"}],"predecessor-version":[{"id":4790,"href":"https:\/\/kringloopbedrijfoss.nl\/pl\/wp-json\/wp\/v2\/pages\/4787\/revisions\/4790"}],"wp:attachment":[{"href":"https:\/\/kringloopbedrijfoss.nl\/pl\/wp-json\/wp\/v2\/media?parent=4787"}],"curies":[{"name":"wp","href":"https:\/\/api.w.org\/{rel}","templated":true}]}}