{"id":4737,"date":"2025-05-30T20:08:55","date_gmt":"2025-05-30T18:08:55","guid":{"rendered":"https:\/\/kringloopbedrijfoss.nl\/huisregels-winkels\/"},"modified":"2025-05-30T20:43:50","modified_gmt":"2025-05-30T18:43:50","slug":"regulamin-sklepu","status":"publish","type":"page","link":"https:\/\/kringloopbedrijfoss.nl\/pl\/regulamin-sklepu\/","title":{"rendered":"Regulamin sklepu"},"content":{"rendered":"<div class=\"fusion-fullwidth fullwidth-box fusion-builder-row-1 fusion-flex-container has-pattern-background has-mask-background nonhundred-percent-fullwidth non-hundred-percent-height-scrolling\" style=\"--awb-border-color:var(--awb-color1);--awb-border-radius-top-left:0px;--awb-border-radius-top-right:0px;--awb-border-radius-bottom-right:0px;--awb-border-radius-bottom-left:0px;--awb-padding-top:0px;--awb-padding-bottom:0px;--awb-padding-top-medium:70px;--awb-padding-bottom-medium:70px;--awb-padding-top-small:50px;--awb-padding-bottom-small:70px;\" ><div class=\"fusion-builder-row fusion-row fusion-flex-align-items-flex-start\" style=\"max-width:calc( 1200px + 0px );margin-left: calc(-0px \/ 2 );margin-right: calc(-0px \/ 2 );\"><div class=\"fusion-layout-column fusion_builder_column fusion-builder-column-0 fusion_builder_column_1_2 1_2 fusion-flex-column fusion-animated\" style=\"--awb-bg-size:cover;--awb-width-large:50%;--awb-margin-top-large:40px;--awb-spacing-right-large:0;--awb-margin-bottom-large:80px;--awb-spacing-left-large:40px;--awb-width-medium:50%;--awb-order-medium:0;--awb-spacing-right-medium:0;--awb-spacing-left-medium:40px;--awb-width-small:100%;--awb-order-small:0;--awb-spacing-right-small:0;--awb-margin-bottom-small:0px;--awb-spacing-left-small:0;\" data-animationType=\"fadeInRight\" data-animationDuration=\"1.0\" data-animationOffset=\"top-into-view\"><div class=\"fusion-column-wrapper fusion-column-has-shadow fusion-flex-justify-content-flex-start fusion-content-layout-column\"><div class=\"fusion-title title fusion-title-1 fusion-sep-none fusion-title-text fusion-title-size-two\"><h2 class=\"title-heading-left\" style=\"margin:0;text-transform:capitalize;\">REGULAMIN SKLEPU<\/h2><\/div><div class=\"fusion-separator fusion-full-width-sep\" style=\"align-self: center;margin-left: auto;margin-right: auto;margin-top:2%;width:100%;\"><\/div><div class=\"fusion-text fusion-text-1\"><p>\u201eNIESTETY\u201d KONIECZNE JEST R\u00d3WNIE\u017b SPORZ\u0104DZENIE REGULAMINU WEWN\u0118TRZNEGO DLA NASZYCH KLIENT\u00d3W. MA TO NA CELU OCHRON\u0118 NASZEGO PERSONELU, ALE TAK\u017bE SAMEGO KLIENTA.<\/p>\n<p>NINIEJSZY REGULAMIN WEWN\u0118TRZNY JEST DOST\u0118PNY W\u00a0FORMIE SKR\u00d3CONEJ PRZY WEJ\u015aCIU DO SKLEPU (PIKTOGRAMY).<\/p>\n<\/div><div class=\"fusion-separator fusion-full-width-sep\" style=\"align-self: center;margin-left: auto;margin-right: auto;margin-top:2%;width:100%;\"><\/div><\/div><\/div><div class=\"fusion-layout-column fusion_builder_column fusion-builder-column-1 fusion_builder_column_1_2 1_2 fusion-flex-column fusion-animated\" style=\"--awb-bg-size:cover;--awb-width-large:50%;--awb-margin-top-large:50px;--awb-spacing-right-large:0;--awb-margin-bottom-large:80px;--awb-spacing-left-large:40px;--awb-width-medium:50%;--awb-order-medium:0;--awb-spacing-right-medium:0;--awb-spacing-left-medium:40px;--awb-width-small:100%;--awb-order-small:0;--awb-spacing-right-small:0;--awb-margin-bottom-small:0px;--awb-spacing-left-small:0;\" data-animationType=\"fadeInRight\" data-animationDuration=\"1.0\" data-animationOffset=\"top-into-view\"><div class=\"fusion-column-wrapper fusion-column-has-shadow fusion-flex-justify-content-flex-start fusion-content-layout-column\"><div class=\"fusion-text fusion-text-2\"><p>WCHODZ\u0104C DO TEGO SKLEPU WYRA\u017bAJ\u0104 PA\u0143STWO ZGOD\u0118 NA NAST\u0118PUJ\u0104CY REGULAMIN SKLEPU KBM:<\/p>\n<ul>\n<li>NIE AKCEPTUJEMY PRZEMOCY I\/LUB AGRESJI WOBEC NASZYCH PRACOWNIK\u00d3W. W\u00a0STOSOWNYCH PRZYPADKACH ZG\u0141OSIMY SPRAW\u0118 NA POLICJ\u0118 I\u00a0ODM\u00d3WIMY DOST\u0118PU DO SKLEPU NA OKRES DO 1\u00a0ROKU.<\/li>\n<li>DLA TWOJEGO I\u00a0NASZEGO BEZPIECZE\u0143STWA TEN SKLEP JEST ZABEZPIECZONY KAMERAMI WIDEO.<\/li>\n<li>W TROSCE O\u00a0BEZPIECZE\u0143STWO NALE\u017bY ZAWSZE PRZESTRZEGA\u0106 INSTRUKCJI NASZYCH PRACOWNIK\u00d3W.<\/li>\n<li>NALE\u017bY UNIKA\u0106 SYTUACJI K\u0141OPOTLIWYCH I\u00a0UCI\u0104\u017bLIWYCH DLA INNYCH.<\/li>\n<li>NASZE ARTYKU\u0141Y S\u0104 W\u00a0WIDOCZNY I\u00a0NIEWIDOCZNY SPOS\u00d3B ZABEZPIECZONE PRZED KRADZIE\u017b\u0104.<\/li>\n<li>SUROWO ZABRANIA SI\u0118 WNOSZENIA DO \u015aRODKA PRZYGOTOWANYCH TOREB.<\/li>\n<li>TWOJE TORBY MOG\u0104 ZOSTA\u0106 SPRAWDZONE PRZEZ NASZYCH PRACOWNIK\u00d3W. W\u00a0TAKIEJ SYTUACJI NALE\u017bY Z\u00a0NIMI WSP\u00d3\u0141PRACOWA\u0106.<\/li>\n<li>W\u00a0PRZYPADKU WYKRYCIA KRADZIE\u017bY ZAWSZE ZG\u0141ASZAMY TO NA POLICJ\u0118.<\/li>\n<li>DOKONANO UZGODNIE\u0143 Z\u00a0POLICJ\u0104 DOTYCZ\u0104CYCH DZIA\u0141A\u0143 W\u00a0PRZYPADKU KRADZIE\u017bY, MOLESTOWANIA LUB INNYCH NARUSZE\u0143 REGULAMINU.<\/li>\n<li>ZAKUPIONE ARTYKU\u0141Y MOG\u0104 ZOSTA\u0106 WYMIENIONE, JE\u015aLI KIEROWNIK ZMIANY LUB PIERWSZY PRACOWNIK UZNA TO ZA ZASADNE. KBM ZWR\u00d3CI KLIENTOWI KWOT\u0118 ZAKUPU (ZA POMOC\u0104 KARTY P\u0141ATNICZEJ).<\/li>\n<li>JE\u015aLI ARTYKU\u0141 NIE JEST WYCENIONY, NIE MO\u017bE ZOSTA\u0106 SPRZEDANY I ZOSTANIE USUNI\u0118TY ZE SKLEPU W CELU USTALENIA CENY W P\u00d3\u0179NIEJSZYM TERMINIE.<\/li>\n<li>AKCEPTUJ\u0104 PA\u0143STWO WARUNKI SPRZEDA\u017bY OKRE\u015aLONE PRZY KASIE.<\/li>\n<\/ul>\n<\/div><div class=\"fusion-separator fusion-full-width-sep\" style=\"align-self: center;margin-left: auto;margin-right: auto;margin-top:2%;width:100%;\"><\/div><\/div><\/div><\/div><\/div>\n","protected":false},"excerpt":{"rendered":"","protected":false},"author":1,"featured_media":0,"parent":0,"menu_order":0,"comment_status":"closed","ping_status":"closed","template":"100-width.php","meta":{"footnotes":""},"class_list":["post-4737","page","type-page","status-publish","hentry"],"yoast_head":"<!-- This site is optimized with the Yoast SEO plugin v27.4 - https:\/\/yoast.com\/product\/yoast-seo-wordpress\/ -->\n<title>Regulamin sklepu - Kringloopbedrijven Maasland<\/title>\n<meta name=\"description\" content=\"Chcemy, aby wizyta w naszych sklepach by\u0142a dla ka\u017cdego jak najbardziej przyjemna. W tym celu opracowali\u015bmy szereg zasad domowych.\" \/>\n<meta name=\"robots\" content=\"index, follow, max-snippet:-1, max-image-preview:large, max-video-preview:-1\" \/>\n<link rel=\"canonical\" href=\"https:\/\/kringloopbedrijfoss.nl\/pl\/regulamin-sklepu\/\" \/>\n<meta property=\"og:locale\" content=\"pl_PL\" \/>\n<meta property=\"og:type\" content=\"article\" \/>\n<meta property=\"og:title\" content=\"Regulamin sklepu - Kringloopbedrijven Maasland\" \/>\n<meta property=\"og:description\" content=\"Chcemy, aby wizyta w naszych sklepach by\u0142a dla ka\u017cdego jak najbardziej przyjemna. W tym celu opracowali\u015bmy szereg zasad domowych.\" \/>\n<meta property=\"og:url\" content=\"https:\/\/kringloopbedrijfoss.nl\/pl\/regulamin-sklepu\/\" \/>\n<meta property=\"og:site_name\" content=\"Kringloopbedrijven Maasland\" \/>\n<meta property=\"article:modified_time\" content=\"2025-05-30T18:43:50+00:00\" \/>\n<meta name=\"twitter:card\" content=\"summary_large_image\" \/>\n<meta name=\"twitter:label1\" content=\"Szacowany czas czytania\" \/>\n\t<meta name=\"twitter:data1\" content=\"5 minut\" \/>\n<script type=\"application\/ld+json\" class=\"yoast-schema-graph\">{\"@context\":\"https:\\\/\\\/schema.org\",\"@graph\":[{\"@type\":\"WebPage\",\"@id\":\"https:\\\/\\\/kringloopbedrijfoss.nl\\\/pl\\\/regulamin-sklepu\\\/\",\"url\":\"https:\\\/\\\/kringloopbedrijfoss.nl\\\/pl\\\/regulamin-sklepu\\\/\",\"name\":\"Regulamin sklepu - Kringloopbedrijven Maasland\",\"isPartOf\":{\"@id\":\"https:\\\/\\\/kringloopbedrijfoss.nl\\\/#website\"},\"datePublished\":\"2025-05-30T18:08:55+00:00\",\"dateModified\":\"2025-05-30T18:43:50+00:00\",\"description\":\"Chcemy, aby wizyta w naszych sklepach by\u0142a dla ka\u017cdego jak najbardziej przyjemna. W tym celu opracowali\u015bmy szereg zasad domowych.\",\"breadcrumb\":{\"@id\":\"https:\\\/\\\/kringloopbedrijfoss.nl\\\/pl\\\/regulamin-sklepu\\\/#breadcrumb\"},\"inLanguage\":\"pl-PL\",\"potentialAction\":[{\"@type\":\"ReadAction\",\"target\":[\"https:\\\/\\\/kringloopbedrijfoss.nl\\\/pl\\\/regulamin-sklepu\\\/\"]}]},{\"@type\":\"BreadcrumbList\",\"@id\":\"https:\\\/\\\/kringloopbedrijfoss.nl\\\/pl\\\/regulamin-sklepu\\\/#breadcrumb\",\"itemListElement\":[{\"@type\":\"ListItem\",\"position\":1,\"name\":\"Home\",\"item\":\"https:\\\/\\\/kringloopbedrijfoss.nl\\\/pl\\\/\"},{\"@type\":\"ListItem\",\"position\":2,\"name\":\"Regulamin sklepu\"}]},{\"@type\":\"WebSite\",\"@id\":\"https:\\\/\\\/kringloopbedrijfoss.nl\\\/#website\",\"url\":\"https:\\\/\\\/kringloopbedrijfoss.nl\\\/\",\"name\":\"Kringloopbedrijven Maasland\",\"description\":\"\",\"potentialAction\":[{\"@type\":\"SearchAction\",\"target\":{\"@type\":\"EntryPoint\",\"urlTemplate\":\"https:\\\/\\\/kringloopbedrijfoss.nl\\\/?s={search_term_string}\"},\"query-input\":{\"@type\":\"PropertyValueSpecification\",\"valueRequired\":true,\"valueName\":\"search_term_string\"}}],\"inLanguage\":\"pl-PL\"}]}<\/script>\n<!-- \/ Yoast SEO plugin. -->","yoast_head_json":{"title":"Regulamin sklepu - Kringloopbedrijven Maasland","description":"Chcemy, aby wizyta w naszych sklepach by\u0142a dla ka\u017cdego jak najbardziej przyjemna. W tym celu opracowali\u015bmy szereg zasad domowych.","robots":{"index":"index","follow":"follow","max-snippet":"max-snippet:-1","max-image-preview":"max-image-preview:large","max-video-preview":"max-video-preview:-1"},"canonical":"https:\/\/kringloopbedrijfoss.nl\/pl\/regulamin-sklepu\/","og_locale":"pl_PL","og_type":"article","og_title":"Regulamin sklepu - Kringloopbedrijven Maasland","og_description":"Chcemy, aby wizyta w naszych sklepach by\u0142a dla ka\u017cdego jak najbardziej przyjemna. W tym celu opracowali\u015bmy szereg zasad domowych.","og_url":"https:\/\/kringloopbedrijfoss.nl\/pl\/regulamin-sklepu\/","og_site_name":"Kringloopbedrijven Maasland","article_modified_time":"2025-05-30T18:43:50+00:00","twitter_card":"summary_large_image","twitter_misc":{"Szacowany czas czytania":"5 minut"},"schema":{"@context":"https:\/\/schema.org","@graph":[{"@type":"WebPage","@id":"https:\/\/kringloopbedrijfoss.nl\/pl\/regulamin-sklepu\/","url":"https:\/\/kringloopbedrijfoss.nl\/pl\/regulamin-sklepu\/","name":"Regulamin sklepu - Kringloopbedrijven Maasland","isPartOf":{"@id":"https:\/\/kringloopbedrijfoss.nl\/#website"},"datePublished":"2025-05-30T18:08:55+00:00","dateModified":"2025-05-30T18:43:50+00:00","description":"Chcemy, aby wizyta w naszych sklepach by\u0142a dla ka\u017cdego jak najbardziej przyjemna. W tym celu opracowali\u015bmy szereg zasad domowych.","breadcrumb":{"@id":"https:\/\/kringloopbedrijfoss.nl\/pl\/regulamin-sklepu\/#breadcrumb"},"inLanguage":"pl-PL","potentialAction":[{"@type":"ReadAction","target":["https:\/\/kringloopbedrijfoss.nl\/pl\/regulamin-sklepu\/"]}]},{"@type":"BreadcrumbList","@id":"https:\/\/kringloopbedrijfoss.nl\/pl\/regulamin-sklepu\/#breadcrumb","itemListElement":[{"@type":"ListItem","position":1,"name":"Home","item":"https:\/\/kringloopbedrijfoss.nl\/pl\/"},{"@type":"ListItem","position":2,"name":"Regulamin sklepu"}]},{"@type":"WebSite","@id":"https:\/\/kringloopbedrijfoss.nl\/#website","url":"https:\/\/kringloopbedrijfoss.nl\/","name":"Kringloopbedrijven Maasland","description":"","potentialAction":[{"@type":"SearchAction","target":{"@type":"EntryPoint","urlTemplate":"https:\/\/kringloopbedrijfoss.nl\/?s={search_term_string}"},"query-input":{"@type":"PropertyValueSpecification","valueRequired":true,"valueName":"search_term_string"}}],"inLanguage":"pl-PL"}]}},"_links":{"self":[{"href":"https:\/\/kringloopbedrijfoss.nl\/pl\/wp-json\/wp\/v2\/pages\/4737","targetHints":{"allow":["GET"]}}],"collection":[{"href":"https:\/\/kringloopbedrijfoss.nl\/pl\/wp-json\/wp\/v2\/pages"}],"about":[{"href":"https:\/\/kringloopbedrijfoss.nl\/pl\/wp-json\/wp\/v2\/types\/page"}],"author":[{"embeddable":true,"href":"https:\/\/kringloopbedrijfoss.nl\/pl\/wp-json\/wp\/v2\/users\/1"}],"replies":[{"embeddable":true,"href":"https:\/\/kringloopbedrijfoss.nl\/pl\/wp-json\/wp\/v2\/comments?post=4737"}],"version-history":[{"count":5,"href":"https:\/\/kringloopbedrijfoss.nl\/pl\/wp-json\/wp\/v2\/pages\/4737\/revisions"}],"predecessor-version":[{"id":4742,"href":"https:\/\/kringloopbedrijfoss.nl\/pl\/wp-json\/wp\/v2\/pages\/4737\/revisions\/4742"}],"wp:attachment":[{"href":"https:\/\/kringloopbedrijfoss.nl\/pl\/wp-json\/wp\/v2\/media?parent=4737"}],"curies":[{"name":"wp","href":"https:\/\/api.w.org\/{rel}","templated":true}]}}