{"id":2940,"date":"2022-08-26T16:51:12","date_gmt":"2022-08-26T14:51:12","guid":{"rendered":"https:\/\/kringloop.siteinontwikkeling.nl\/zaplanuj-sobie\/"},"modified":"2025-03-11T10:29:25","modified_gmt":"2025-03-11T09:29:25","slug":"zaplanuj","status":"publish","type":"page","link":"https:\/\/kringloopbedrijfoss.nl\/pl\/zaplanuj\/","title":{"rendered":"Zaplanuj"},"content":{"rendered":"<p><div class=\"fusion-fullwidth fullwidth-box fusion-builder-row-1 fusion-flex-container has-pattern-background has-mask-background nonhundred-percent-fullwidth non-hundred-percent-height-scrolling fusion-no-small-visibility\" style=\"--awb-border-radius-top-left:0px;--awb-border-radius-top-right:0px;--awb-border-radius-bottom-right:0px;--awb-border-radius-bottom-left:0px;\" ><div class=\"fusion-builder-row fusion-row fusion-flex-align-items-flex-start\" style=\"max-width:calc( 1200px + 80px );margin-left: calc(-80px \/ 2 );margin-right: calc(-80px \/ 2 );\"><div class=\"fusion-layout-column fusion_builder_column fusion-builder-column-0 fusion-flex-column\" style=\"--awb-bg-size:cover;--awb-width-large:10%;--awb-spacing-right-large:40px;--awb-spacing-left-large:40px;--awb-width-medium:10%;--awb-order-medium:0;--awb-spacing-right-medium:40px;--awb-spacing-left-medium:40px;--awb-width-small:100%;--awb-order-small:0;--awb-spacing-right-small:40px;--awb-spacing-left-small:40px;\"><div class=\"fusion-column-wrapper fusion-column-has-shadow fusion-flex-justify-content-flex-start fusion-content-layout-column\"><\/div><\/div><div class=\"fusion-layout-column fusion_builder_column fusion-builder-column-1 fusion-flex-column\" style=\"--awb-bg-size:cover;--awb-width-large:90%;--awb-margin-top-large:40px;--awb-spacing-right-large:40px;--awb-margin-bottom-large:80px;--awb-spacing-left-large:40px;--awb-width-medium:90%;--awb-order-medium:0;--awb-spacing-right-medium:40px;--awb-spacing-left-medium:40px;--awb-width-small:100%;--awb-order-small:0;--awb-spacing-right-small:40px;--awb-spacing-left-small:40px;\"><div class=\"fusion-column-wrapper fusion-column-has-shadow fusion-flex-justify-content-flex-start fusion-content-layout-column\"><iframe width=\"1000px\" height =\"800px\" frameborder=\"0\" scrolling=\"yes\" src=\"https:\/\/nl.kprs.online\/kcoss\/ophaalservice\"><\/iframe> <\/div><\/div><\/div><\/div><div class=\"fusion-fullwidth fullwidth-box fusion-builder-row-2 fusion-flex-container has-pattern-background has-mask-background nonhundred-percent-fullwidth non-hundred-percent-height-scrolling fusion-no-medium-visibility fusion-no-large-visibility\" style=\"--awb-border-radius-top-left:0px;--awb-border-radius-top-right:0px;--awb-border-radius-bottom-right:0px;--awb-border-radius-bottom-left:0px;\" ><div class=\"fusion-builder-row fusion-row fusion-flex-align-items-flex-start\" style=\"max-width:calc( 1200px + 80px );margin-left: calc(-80px \/ 2 );margin-right: calc(-80px \/ 2 );\"><div class=\"fusion-layout-column fusion_builder_column fusion-builder-column-2 fusion-flex-column\" style=\"--awb-bg-size:cover;--awb-width-large:10%;--awb-spacing-right-large:40px;--awb-spacing-left-large:40px;--awb-width-medium:10%;--awb-order-medium:0;--awb-spacing-right-medium:40px;--awb-spacing-left-medium:40px;--awb-width-small:100%;--awb-order-small:0;--awb-spacing-right-small:40px;--awb-spacing-left-small:40px;\"><div class=\"fusion-column-wrapper fusion-column-has-shadow fusion-flex-justify-content-flex-start fusion-content-layout-column\"><\/div><\/div><div class=\"fusion-layout-column fusion_builder_column fusion-builder-column-3 fusion-flex-column\" style=\"--awb-bg-size:cover;--awb-width-large:90%;--awb-margin-top-large:40px;--awb-spacing-right-large:40px;--awb-margin-bottom-large:80px;--awb-spacing-left-large:40px;--awb-width-medium:90%;--awb-order-medium:0;--awb-spacing-right-medium:40px;--awb-spacing-left-medium:40px;--awb-width-small:100%;--awb-order-small:0;--awb-spacing-right-small:40px;--awb-spacing-left-small:40px;\"><div class=\"fusion-column-wrapper fusion-column-has-shadow fusion-flex-justify-content-flex-start fusion-content-layout-column\"><iframe width=\"300px\" height =\"800px\" frameborder=\"0\" scrolling=\"yes\" src=\"https:\/\/nl.kprs.online\/kcoss\/ophaalservice\"><\/iframe> <\/div><\/div><\/div><\/div><\/p>\n","protected":false},"excerpt":{"rendered":"","protected":false},"author":1,"featured_media":0,"parent":0,"menu_order":0,"comment_status":"closed","ping_status":"closed","template":"100-width.php","meta":{"footnotes":""},"class_list":["post-2940","page","type-page","status-publish","hentry"],"yoast_head":"<!-- This site is optimized with the Yoast SEO plugin v27.4 - https:\/\/yoast.com\/product\/yoast-seo-wordpress\/ -->\n<title>Zaplanuj - Kringloopbedrijven Maasland<\/title>\n<meta name=\"description\" content=\"Daj swoim u\u017cywanym przedmiotom drugie \u017cycie. U\u017cyj tej strony, aby um\u00f3wi\u0107 si\u0119 na spotkanie. Prosimy o zapoznanie si\u0119 z naszymi warunkami.\" \/>\n<meta name=\"robots\" content=\"index, follow, max-snippet:-1, max-image-preview:large, max-video-preview:-1\" \/>\n<link rel=\"canonical\" href=\"https:\/\/kringloopbedrijfoss.nl\/pl\/zaplanuj\/\" \/>\n<meta property=\"og:locale\" content=\"pl_PL\" \/>\n<meta property=\"og:type\" content=\"article\" \/>\n<meta property=\"og:title\" content=\"Zaplanuj - Kringloopbedrijven Maasland\" \/>\n<meta property=\"og:description\" content=\"Daj swoim u\u017cywanym przedmiotom drugie \u017cycie. U\u017cyj tej strony, aby um\u00f3wi\u0107 si\u0119 na spotkanie. Prosimy o zapoznanie si\u0119 z naszymi warunkami.\" \/>\n<meta property=\"og:url\" content=\"https:\/\/kringloopbedrijfoss.nl\/pl\/zaplanuj\/\" \/>\n<meta property=\"og:site_name\" content=\"Kringloopbedrijven Maasland\" \/>\n<meta property=\"article:modified_time\" content=\"2025-03-11T09:29:25+00:00\" \/>\n<meta name=\"twitter:card\" content=\"summary_large_image\" \/>\n<meta name=\"twitter:label1\" content=\"Szacowany czas czytania\" \/>\n\t<meta name=\"twitter:data1\" content=\"4 minuty\" \/>\n<script type=\"application\/ld+json\" class=\"yoast-schema-graph\">{\"@context\":\"https:\\\/\\\/schema.org\",\"@graph\":[{\"@type\":\"WebPage\",\"@id\":\"https:\\\/\\\/kringloopbedrijfoss.nl\\\/pl\\\/zaplanuj\\\/\",\"url\":\"https:\\\/\\\/kringloopbedrijfoss.nl\\\/pl\\\/zaplanuj\\\/\",\"name\":\"Zaplanuj - Kringloopbedrijven Maasland\",\"isPartOf\":{\"@id\":\"https:\\\/\\\/kringloopbedrijfoss.nl\\\/#website\"},\"datePublished\":\"2022-08-26T14:51:12+00:00\",\"dateModified\":\"2025-03-11T09:29:25+00:00\",\"description\":\"Daj swoim u\u017cywanym przedmiotom drugie \u017cycie. U\u017cyj tej strony, aby um\u00f3wi\u0107 si\u0119 na spotkanie. Prosimy o zapoznanie si\u0119 z naszymi warunkami.\",\"breadcrumb\":{\"@id\":\"https:\\\/\\\/kringloopbedrijfoss.nl\\\/pl\\\/zaplanuj\\\/#breadcrumb\"},\"inLanguage\":\"pl-PL\",\"potentialAction\":[{\"@type\":\"ReadAction\",\"target\":[\"https:\\\/\\\/kringloopbedrijfoss.nl\\\/pl\\\/zaplanuj\\\/\"]}]},{\"@type\":\"BreadcrumbList\",\"@id\":\"https:\\\/\\\/kringloopbedrijfoss.nl\\\/pl\\\/zaplanuj\\\/#breadcrumb\",\"itemListElement\":[{\"@type\":\"ListItem\",\"position\":1,\"name\":\"Home\",\"item\":\"https:\\\/\\\/kringloopbedrijfoss.nl\\\/pl\\\/\"},{\"@type\":\"ListItem\",\"position\":2,\"name\":\"Zaplanuj\"}]},{\"@type\":\"WebSite\",\"@id\":\"https:\\\/\\\/kringloopbedrijfoss.nl\\\/#website\",\"url\":\"https:\\\/\\\/kringloopbedrijfoss.nl\\\/\",\"name\":\"Kringloopbedrijven Maasland\",\"description\":\"\",\"potentialAction\":[{\"@type\":\"SearchAction\",\"target\":{\"@type\":\"EntryPoint\",\"urlTemplate\":\"https:\\\/\\\/kringloopbedrijfoss.nl\\\/?s={search_term_string}\"},\"query-input\":{\"@type\":\"PropertyValueSpecification\",\"valueRequired\":true,\"valueName\":\"search_term_string\"}}],\"inLanguage\":\"pl-PL\"}]}<\/script>\n<!-- \/ Yoast SEO plugin. -->","yoast_head_json":{"title":"Zaplanuj - Kringloopbedrijven Maasland","description":"Daj swoim u\u017cywanym przedmiotom drugie \u017cycie. U\u017cyj tej strony, aby um\u00f3wi\u0107 si\u0119 na spotkanie. Prosimy o zapoznanie si\u0119 z naszymi warunkami.","robots":{"index":"index","follow":"follow","max-snippet":"max-snippet:-1","max-image-preview":"max-image-preview:large","max-video-preview":"max-video-preview:-1"},"canonical":"https:\/\/kringloopbedrijfoss.nl\/pl\/zaplanuj\/","og_locale":"pl_PL","og_type":"article","og_title":"Zaplanuj - Kringloopbedrijven Maasland","og_description":"Daj swoim u\u017cywanym przedmiotom drugie \u017cycie. U\u017cyj tej strony, aby um\u00f3wi\u0107 si\u0119 na spotkanie. Prosimy o zapoznanie si\u0119 z naszymi warunkami.","og_url":"https:\/\/kringloopbedrijfoss.nl\/pl\/zaplanuj\/","og_site_name":"Kringloopbedrijven Maasland","article_modified_time":"2025-03-11T09:29:25+00:00","twitter_card":"summary_large_image","twitter_misc":{"Szacowany czas czytania":"4 minuty"},"schema":{"@context":"https:\/\/schema.org","@graph":[{"@type":"WebPage","@id":"https:\/\/kringloopbedrijfoss.nl\/pl\/zaplanuj\/","url":"https:\/\/kringloopbedrijfoss.nl\/pl\/zaplanuj\/","name":"Zaplanuj - Kringloopbedrijven Maasland","isPartOf":{"@id":"https:\/\/kringloopbedrijfoss.nl\/#website"},"datePublished":"2022-08-26T14:51:12+00:00","dateModified":"2025-03-11T09:29:25+00:00","description":"Daj swoim u\u017cywanym przedmiotom drugie \u017cycie. U\u017cyj tej strony, aby um\u00f3wi\u0107 si\u0119 na spotkanie. Prosimy o zapoznanie si\u0119 z naszymi warunkami.","breadcrumb":{"@id":"https:\/\/kringloopbedrijfoss.nl\/pl\/zaplanuj\/#breadcrumb"},"inLanguage":"pl-PL","potentialAction":[{"@type":"ReadAction","target":["https:\/\/kringloopbedrijfoss.nl\/pl\/zaplanuj\/"]}]},{"@type":"BreadcrumbList","@id":"https:\/\/kringloopbedrijfoss.nl\/pl\/zaplanuj\/#breadcrumb","itemListElement":[{"@type":"ListItem","position":1,"name":"Home","item":"https:\/\/kringloopbedrijfoss.nl\/pl\/"},{"@type":"ListItem","position":2,"name":"Zaplanuj"}]},{"@type":"WebSite","@id":"https:\/\/kringloopbedrijfoss.nl\/#website","url":"https:\/\/kringloopbedrijfoss.nl\/","name":"Kringloopbedrijven Maasland","description":"","potentialAction":[{"@type":"SearchAction","target":{"@type":"EntryPoint","urlTemplate":"https:\/\/kringloopbedrijfoss.nl\/?s={search_term_string}"},"query-input":{"@type":"PropertyValueSpecification","valueRequired":true,"valueName":"search_term_string"}}],"inLanguage":"pl-PL"}]}},"_links":{"self":[{"href":"https:\/\/kringloopbedrijfoss.nl\/pl\/wp-json\/wp\/v2\/pages\/2940","targetHints":{"allow":["GET"]}}],"collection":[{"href":"https:\/\/kringloopbedrijfoss.nl\/pl\/wp-json\/wp\/v2\/pages"}],"about":[{"href":"https:\/\/kringloopbedrijfoss.nl\/pl\/wp-json\/wp\/v2\/types\/page"}],"author":[{"embeddable":true,"href":"https:\/\/kringloopbedrijfoss.nl\/pl\/wp-json\/wp\/v2\/users\/1"}],"replies":[{"embeddable":true,"href":"https:\/\/kringloopbedrijfoss.nl\/pl\/wp-json\/wp\/v2\/comments?post=2940"}],"version-history":[{"count":4,"href":"https:\/\/kringloopbedrijfoss.nl\/pl\/wp-json\/wp\/v2\/pages\/2940\/revisions"}],"predecessor-version":[{"id":4631,"href":"https:\/\/kringloopbedrijfoss.nl\/pl\/wp-json\/wp\/v2\/pages\/2940\/revisions\/4631"}],"wp:attachment":[{"href":"https:\/\/kringloopbedrijfoss.nl\/pl\/wp-json\/wp\/v2\/media?parent=2940"}],"curies":[{"name":"wp","href":"https:\/\/api.w.org\/{rel}","templated":true}]}}