{"id":2873,"date":"2022-08-26T16:10:16","date_gmt":"2022-08-26T14:10:16","guid":{"rendered":"https:\/\/kringloop.siteinontwikkeling.nl\/odwiedz-sklepy\/"},"modified":"2025-05-30T20:45:06","modified_gmt":"2025-05-30T18:45:06","slug":"sklepy","status":"publish","type":"page","link":"https:\/\/kringloopbedrijfoss.nl\/pl\/sklepy\/","title":{"rendered":"Sklepy"},"content":{"rendered":"<div class=\"fusion-fullwidth fullwidth-box fusion-builder-row-1 fusion-flex-container has-pattern-background has-mask-background nonhundred-percent-fullwidth non-hundred-percent-height-scrolling\" style=\"--awb-border-color:var(--awb-color1);--awb-border-radius-top-left:0px;--awb-border-radius-top-right:0px;--awb-border-radius-bottom-right:0px;--awb-border-radius-bottom-left:0px;--awb-padding-top:0px;--awb-padding-bottom:0px;--awb-padding-top-medium:70px;--awb-padding-bottom-medium:70px;--awb-padding-top-small:50px;--awb-padding-bottom-small:70px;\" ><div class=\"fusion-builder-row fusion-row fusion-flex-align-items-flex-start\" style=\"max-width:calc( 1200px + 0px );margin-left: calc(-0px \/ 2 );margin-right: calc(-0px \/ 2 );\"><div class=\"fusion-layout-column fusion_builder_column fusion-builder-column-0 fusion_builder_column_1_2 1_2 fusion-flex-column fusion-animated\" style=\"--awb-bg-size:cover;--awb-width-large:50%;--awb-margin-top-large:40px;--awb-spacing-right-large:0;--awb-margin-bottom-large:80px;--awb-spacing-left-large:40px;--awb-width-medium:50%;--awb-order-medium:0;--awb-spacing-right-medium:0;--awb-spacing-left-medium:40px;--awb-width-small:100%;--awb-order-small:0;--awb-spacing-right-small:0;--awb-margin-bottom-small:0px;--awb-spacing-left-small:0;\" data-animationType=\"fadeInRight\" data-animationDuration=\"1.0\" data-animationOffset=\"top-into-view\"><div class=\"fusion-column-wrapper fusion-column-has-shadow fusion-flex-justify-content-flex-start fusion-content-layout-column\"><div class=\"fusion-builder-row fusion-builder-row-inner fusion-row fusion-flex-align-items-flex-start\" style=\"width:calc( 100% + 0px ) !important;max-width:calc( 100% + 0px ) !important;margin-left: calc(-0px \/ 2 );margin-right: calc(-0px \/ 2 );\"><div class=\"fusion-layout-column fusion_builder_column_inner fusion-builder-nested-column-0 fusion-flex-column\" style=\"--awb-bg-size:cover;--awb-width-large:20%;--awb-spacing-right-large:0;--awb-spacing-left-large:0;--awb-width-medium:20%;--awb-order-medium:0;--awb-spacing-right-medium:0;--awb-spacing-left-medium:0;--awb-width-small:100%;--awb-order-small:0;--awb-spacing-right-small:0;--awb-spacing-left-small:0;\"><div class=\"fusion-column-wrapper fusion-column-has-shadow fusion-flex-justify-content-flex-start fusion-content-layout-column\"><\/div><\/div><div class=\"fusion-layout-column fusion_builder_column_inner fusion-builder-nested-column-1 fusion-flex-column\" style=\"--awb-bg-size:cover;--awb-width-large:80%;--awb-spacing-right-large:0;--awb-spacing-left-large:0;--awb-width-medium:80%;--awb-order-medium:0;--awb-spacing-right-medium:0;--awb-spacing-left-medium:0;--awb-width-small:100%;--awb-order-small:0;--awb-spacing-right-small:0;--awb-spacing-left-small:0;\"><div class=\"fusion-column-wrapper fusion-column-has-shadow fusion-flex-justify-content-flex-start fusion-content-layout-column\"><div class=\"fusion-image-element \"><span class=\" fusion-imageframe imageframe-none imageframe-1 hover-type-none\"><a href=\"https:\/\/kringloopbedrijfoss.nl\/wp-content\/uploads\/2022\/12\/KRINGLOOP-OSS-1.jpg\" class=\"fusion-lightbox\" data-rel=\"iLightbox[3a7b61aa19dab54f79d]\" data-title=\"KRINGLOOP OSS\" title=\"KRINGLOOP OSS\"><img decoding=\"async\" width=\"300\" height=\"150\" src=\"https:\/\/kringloopbedrijfoss.nl\/wp-content\/uploads\/2022\/12\/KRIpandOss.jpg\" data-orig-src=\"https:\/\/kringloopbedrijfoss.nl\/wp-content\/uploads\/2022\/12\/KRIpandOss-300x150.jpg\" alt class=\"lazyload img-responsive wp-image-3357\" srcset=\"data:image\/svg+xml,%3Csvg%20xmlns%3D%27http%3A%2F%2Fwww.w3.org%2F2000%2Fsvg%27%20width%3D%27500%27%20height%3D%27250%27%20viewBox%3D%270%200%20500%20250%27%3E%3Crect%20width%3D%27500%27%20height%3D%27250%27%20fill-opacity%3D%220%22%2F%3E%3C%2Fsvg%3E\" data-srcset=\"https:\/\/kringloopbedrijfoss.nl\/wp-content\/uploads\/2022\/12\/KRIpandOss-200x100.jpg 200w, https:\/\/kringloopbedrijfoss.nl\/wp-content\/uploads\/2022\/12\/KRIpandOss-400x200.jpg 400w, https:\/\/kringloopbedrijfoss.nl\/wp-content\/uploads\/2022\/12\/KRIpandOss.jpg 500w\" data-sizes=\"auto\" data-orig-sizes=\"(max-width: 640px) 100vw, 300px\" \/><\/a><\/span><\/div><div class=\"fusion-separator fusion-full-width-sep\" style=\"align-self: center;margin-left: auto;margin-right: auto;margin-top:2%;width:100%;\"><\/div><div class=\"fusion-text fusion-text-1\"><p>MAASKADE 32, OSS<\/p>\n<p>GODZINY OTWARCIA<br \/>\nPONIEDZIA\u0141EK 13.00-17.30<br \/>\nWTOREK 9.30-17.30<br \/>\n\u015aRODA 9.30-17.30<br \/>\nCZWARTEK 9.30-17.30<br \/>\nPI\u0104TEK 9.30-17.30<br \/>\nSOBOTA 9.30-17.00<\/p>\n<\/div><\/div><\/div><\/div><div class=\"fusion-separator fusion-full-width-sep\" style=\"align-self: center;margin-left: auto;margin-right: auto;margin-top:2%;width:100%;\"><\/div><div class=\"fusion-text fusion-text-2\" style=\"--awb-content-alignment:center;\"><p>ZDJ\u0118CIA SKLEPU<\/p>\n<\/div><div style=\"text-align:center;\"><a class=\"fusion-button button-flat fusion-button-default-size button-default fusion-button-default button-1 fusion-button-default-span fusion-button-default-type\" target=\"_self\" href=\"\/pl\/sklep-z-wrazeniami-oss\/\"><span class=\"fusion-button-text\">KLIKNIJ TUTAJ<\/span><\/a><\/div><\/div><\/div><div class=\"fusion-layout-column fusion_builder_column fusion-builder-column-1 fusion_builder_column_1_2 1_2 fusion-flex-column fusion-animated\" style=\"--awb-bg-size:cover;--awb-width-large:50%;--awb-margin-top-large:40px;--awb-spacing-right-large:0;--awb-margin-bottom-large:80px;--awb-spacing-left-large:40px;--awb-width-medium:50%;--awb-order-medium:0;--awb-spacing-right-medium:0;--awb-spacing-left-medium:40px;--awb-width-small:100%;--awb-order-small:0;--awb-spacing-right-small:0;--awb-margin-bottom-small:0px;--awb-spacing-left-small:0;\" data-animationType=\"fadeInRight\" data-animationDuration=\"1.0\" data-animationOffset=\"top-into-view\"><div class=\"fusion-column-wrapper fusion-column-has-shadow fusion-flex-justify-content-flex-start fusion-content-layout-column\"><div class=\"fusion-builder-row fusion-builder-row-inner fusion-row fusion-flex-align-items-flex-start\" style=\"width:calc( 100% + 0px ) !important;max-width:calc( 100% + 0px ) !important;margin-left: calc(-0px \/ 2 );margin-right: calc(-0px \/ 2 );\"><div class=\"fusion-layout-column fusion_builder_column_inner fusion-builder-nested-column-2 fusion-flex-column\" style=\"--awb-bg-size:cover;--awb-width-large:20%;--awb-spacing-right-large:0;--awb-spacing-left-large:0;--awb-width-medium:20%;--awb-order-medium:0;--awb-spacing-right-medium:0;--awb-spacing-left-medium:0;--awb-width-small:100%;--awb-order-small:0;--awb-spacing-right-small:0;--awb-spacing-left-small:0;\"><div class=\"fusion-column-wrapper fusion-column-has-shadow fusion-flex-justify-content-flex-start fusion-content-layout-column\"><\/div><\/div><div class=\"fusion-layout-column fusion_builder_column_inner fusion-builder-nested-column-3 fusion-flex-column\" style=\"--awb-bg-size:cover;--awb-width-large:80%;--awb-spacing-right-large:0;--awb-spacing-left-large:0;--awb-width-medium:80%;--awb-order-medium:0;--awb-spacing-right-medium:0;--awb-spacing-left-medium:0;--awb-width-small:100%;--awb-order-small:0;--awb-spacing-right-small:0;--awb-spacing-left-small:0;\"><div class=\"fusion-column-wrapper fusion-column-has-shadow fusion-flex-justify-content-flex-start fusion-content-layout-column\"><div class=\"fusion-image-element \"><span class=\" fusion-imageframe imageframe-none imageframe-2 hover-type-none\"><a href=\"https:\/\/kringloopbedrijfoss.nl\/wp-content\/uploads\/2022\/12\/KRINGLOOP-HEESCH-1.jpg\" class=\"fusion-lightbox\" data-rel=\"iLightbox[7b9073f26f1b215eded]\" data-title=\"KRINGLOOP HEESCH\" title=\"KRINGLOOP HEESCH\"><img decoding=\"async\" width=\"300\" height=\"150\" src=\"https:\/\/kringloopbedrijfoss.nl\/wp-content\/uploads\/2022\/12\/KRIpandHeesch.jpg\" data-orig-src=\"https:\/\/kringloopbedrijfoss.nl\/wp-content\/uploads\/2022\/12\/KRIpandHeesch-300x150.jpg\" alt class=\"lazyload img-responsive wp-image-3350\" srcset=\"data:image\/svg+xml,%3Csvg%20xmlns%3D%27http%3A%2F%2Fwww.w3.org%2F2000%2Fsvg%27%20width%3D%27500%27%20height%3D%27250%27%20viewBox%3D%270%200%20500%20250%27%3E%3Crect%20width%3D%27500%27%20height%3D%27250%27%20fill-opacity%3D%220%22%2F%3E%3C%2Fsvg%3E\" data-srcset=\"https:\/\/kringloopbedrijfoss.nl\/wp-content\/uploads\/2022\/12\/KRIpandHeesch-200x100.jpg 200w, https:\/\/kringloopbedrijfoss.nl\/wp-content\/uploads\/2022\/12\/KRIpandHeesch-400x200.jpg 400w, https:\/\/kringloopbedrijfoss.nl\/wp-content\/uploads\/2022\/12\/KRIpandHeesch.jpg 500w\" data-sizes=\"auto\" data-orig-sizes=\"(max-width: 640px) 100vw, 300px\" \/><\/a><\/span><\/div><div class=\"fusion-separator fusion-full-width-sep\" style=\"align-self: center;margin-left: auto;margin-right: auto;margin-top:2%;width:100%;\"><\/div><div class=\"fusion-text fusion-text-3\"><p>VOORSTE GROES 1A, HEESCH<\/p>\n<p>GODZINY OTWARCIA<br \/>\nPONIEDZIA\u0141EK 13.00-17.30<br \/>\nWTOREK 9.30-17.30<br \/>\n\u015aRODA 9.30-17.30<br \/>\nCZWARTEK 9.30-17.30<br \/>\nPI\u0104TEK 9.30-17.30<br \/>\nSOBOTA 9.30-17.00<\/p>\n<\/div><\/div><\/div><\/div><div class=\"fusion-separator fusion-full-width-sep\" style=\"align-self: center;margin-left: auto;margin-right: auto;margin-top:2%;width:100%;\"><\/div><div class=\"fusion-text fusion-text-4\" style=\"--awb-content-alignment:center;\"><p>ZDJ\u0118CIA SKLEPU<\/p>\n<\/div><div style=\"text-align:center;\"><a class=\"fusion-button button-flat fusion-button-default-size button-default fusion-button-default button-2 fusion-button-default-span fusion-button-default-type\" target=\"_self\" href=\"\/pl\/sklep-impresyjny-heesch\/\"><span class=\"fusion-button-text\">KLIKNIJ TUTAJ<\/span><\/a><\/div><\/div><\/div><div class=\"fusion-layout-column fusion_builder_column fusion-builder-column-2 fusion_builder_column_1_1 1_1 fusion-flex-column\" style=\"--awb-bg-color:var(--awb-color4);--awb-bg-size:cover;--awb-width-large:100%;--awb-margin-top-large:20px;--awb-spacing-right-large:0;--awb-spacing-left-large:0;--awb-width-medium:100%;--awb-order-medium:0;--awb-spacing-right-medium:0;--awb-spacing-left-medium:0;--awb-width-small:100%;--awb-order-small:0;--awb-spacing-right-small:0;--awb-spacing-left-small:0;\"><div class=\"fusion-column-wrapper fusion-column-has-shadow fusion-flex-justify-content-flex-start fusion-content-layout-column\"><div class=\"fusion-text fusion-text-5 fusion-text-no-margin\" style=\"--awb-content-alignment:left;--awb-margin-top:2%;--awb-margin-right:15%;--awb-margin-bottom:2%;--awb-margin-left:15%;\"><p><a style=\"color: #ffffff;\" href=\"https:\/\/kringloopbedrijfoss.nl\/pl\/regulamin-sklepu\/\">KODEKS POST\u0118POWANIA DLA NASZYCH SKLEP\u00d3W<\/a><\/p>\n<\/div><\/div><\/div><div class=\"fusion-layout-column fusion_builder_column fusion-builder-column-3 fusion_builder_column_1_1 1_1 fusion-flex-column\" style=\"--awb-bg-color:var(--awb-color4);--awb-bg-size:cover;--awb-width-large:100%;--awb-margin-top-large:20px;--awb-spacing-right-large:0;--awb-spacing-left-large:0;--awb-width-medium:100%;--awb-order-medium:0;--awb-spacing-right-medium:0;--awb-spacing-left-medium:0;--awb-width-small:100%;--awb-order-small:0;--awb-spacing-right-small:0;--awb-spacing-left-small:0;\"><div class=\"fusion-column-wrapper fusion-column-has-shadow fusion-flex-justify-content-flex-start fusion-content-layout-column\"><div class=\"fusion-text fusion-text-6 fusion-text-no-margin\" style=\"--awb-content-alignment:left;--awb-margin-top:2%;--awb-margin-right:15%;--awb-margin-bottom:2%;--awb-margin-left:15%;\"><p>WSKAZ\u00d3WKA<br \/>\nZA DODATKOW\u0104 OP\u0141AT\u0104 MO\u017bEMY DOSTARCZY\u0106 TWOJE ZAKUPY DO DOMU.<br \/>\nZAPYTAJ O WARUNKI.<\/p>\n<\/div><\/div><\/div><\/div><\/div>\n","protected":false},"excerpt":{"rendered":"","protected":false},"author":1,"featured_media":0,"parent":0,"menu_order":0,"comment_status":"closed","ping_status":"closed","template":"100-width.php","meta":{"footnotes":""},"class_list":["post-2873","page","type-page","status-publish","hentry"],"yoast_head":"<!-- This site is optimized with the Yoast SEO plugin v27.4 - https:\/\/yoast.com\/product\/yoast-seo-wordpress\/ -->\n<title>Sklepy - Kringloopbedrijven Maasland<\/title>\n<meta name=\"description\" content=\"Chcia\u0142by\u015b odwiedzi\u0107 nasz sklep w Oss (Maaskade 32)? A mo\u017ce raczej nasz sklep w Heesch (Voorste Groes 1A)? Zobacz nasze godziny otwarcia.\" \/>\n<meta name=\"robots\" content=\"index, follow, max-snippet:-1, max-image-preview:large, max-video-preview:-1\" \/>\n<link rel=\"canonical\" href=\"https:\/\/kringloopbedrijfoss.nl\/pl\/sklepy\/\" \/>\n<meta property=\"og:locale\" content=\"pl_PL\" \/>\n<meta property=\"og:type\" content=\"article\" \/>\n<meta property=\"og:title\" content=\"Sklepy - Kringloopbedrijven Maasland\" \/>\n<meta property=\"og:description\" content=\"Chcia\u0142by\u015b odwiedzi\u0107 nasz sklep w Oss (Maaskade 32)? A mo\u017ce raczej nasz sklep w Heesch (Voorste Groes 1A)? Zobacz nasze godziny otwarcia.\" \/>\n<meta property=\"og:url\" content=\"https:\/\/kringloopbedrijfoss.nl\/pl\/sklepy\/\" \/>\n<meta property=\"og:site_name\" content=\"Kringloopbedrijven Maasland\" \/>\n<meta property=\"article:modified_time\" content=\"2025-05-30T18:45:06+00:00\" \/>\n<meta name=\"twitter:card\" content=\"summary_large_image\" \/>\n<meta name=\"twitter:label1\" content=\"Szacowany czas czytania\" \/>\n\t<meta name=\"twitter:data1\" content=\"9 minut\" \/>\n<script type=\"application\/ld+json\" class=\"yoast-schema-graph\">{\"@context\":\"https:\\\/\\\/schema.org\",\"@graph\":[{\"@type\":\"WebPage\",\"@id\":\"https:\\\/\\\/kringloopbedrijfoss.nl\\\/pl\\\/sklepy\\\/\",\"url\":\"https:\\\/\\\/kringloopbedrijfoss.nl\\\/pl\\\/sklepy\\\/\",\"name\":\"Sklepy - Kringloopbedrijven Maasland\",\"isPartOf\":{\"@id\":\"https:\\\/\\\/kringloopbedrijfoss.nl\\\/#website\"},\"datePublished\":\"2022-08-26T14:10:16+00:00\",\"dateModified\":\"2025-05-30T18:45:06+00:00\",\"description\":\"Chcia\u0142by\u015b odwiedzi\u0107 nasz sklep w Oss (Maaskade 32)? A mo\u017ce raczej nasz sklep w Heesch (Voorste Groes 1A)? Zobacz nasze godziny otwarcia.\",\"breadcrumb\":{\"@id\":\"https:\\\/\\\/kringloopbedrijfoss.nl\\\/pl\\\/sklepy\\\/#breadcrumb\"},\"inLanguage\":\"pl-PL\",\"potentialAction\":[{\"@type\":\"ReadAction\",\"target\":[\"https:\\\/\\\/kringloopbedrijfoss.nl\\\/pl\\\/sklepy\\\/\"]}]},{\"@type\":\"BreadcrumbList\",\"@id\":\"https:\\\/\\\/kringloopbedrijfoss.nl\\\/pl\\\/sklepy\\\/#breadcrumb\",\"itemListElement\":[{\"@type\":\"ListItem\",\"position\":1,\"name\":\"Home\",\"item\":\"https:\\\/\\\/kringloopbedrijfoss.nl\\\/pl\\\/\"},{\"@type\":\"ListItem\",\"position\":2,\"name\":\"Sklepy\"}]},{\"@type\":\"WebSite\",\"@id\":\"https:\\\/\\\/kringloopbedrijfoss.nl\\\/#website\",\"url\":\"https:\\\/\\\/kringloopbedrijfoss.nl\\\/\",\"name\":\"Kringloopbedrijven Maasland\",\"description\":\"\",\"potentialAction\":[{\"@type\":\"SearchAction\",\"target\":{\"@type\":\"EntryPoint\",\"urlTemplate\":\"https:\\\/\\\/kringloopbedrijfoss.nl\\\/?s={search_term_string}\"},\"query-input\":{\"@type\":\"PropertyValueSpecification\",\"valueRequired\":true,\"valueName\":\"search_term_string\"}}],\"inLanguage\":\"pl-PL\"}]}<\/script>\n<!-- \/ Yoast SEO plugin. -->","yoast_head_json":{"title":"Sklepy - Kringloopbedrijven Maasland","description":"Chcia\u0142by\u015b odwiedzi\u0107 nasz sklep w Oss (Maaskade 32)? A mo\u017ce raczej nasz sklep w Heesch (Voorste Groes 1A)? Zobacz nasze godziny otwarcia.","robots":{"index":"index","follow":"follow","max-snippet":"max-snippet:-1","max-image-preview":"max-image-preview:large","max-video-preview":"max-video-preview:-1"},"canonical":"https:\/\/kringloopbedrijfoss.nl\/pl\/sklepy\/","og_locale":"pl_PL","og_type":"article","og_title":"Sklepy - Kringloopbedrijven Maasland","og_description":"Chcia\u0142by\u015b odwiedzi\u0107 nasz sklep w Oss (Maaskade 32)? A mo\u017ce raczej nasz sklep w Heesch (Voorste Groes 1A)? Zobacz nasze godziny otwarcia.","og_url":"https:\/\/kringloopbedrijfoss.nl\/pl\/sklepy\/","og_site_name":"Kringloopbedrijven Maasland","article_modified_time":"2025-05-30T18:45:06+00:00","twitter_card":"summary_large_image","twitter_misc":{"Szacowany czas czytania":"9 minut"},"schema":{"@context":"https:\/\/schema.org","@graph":[{"@type":"WebPage","@id":"https:\/\/kringloopbedrijfoss.nl\/pl\/sklepy\/","url":"https:\/\/kringloopbedrijfoss.nl\/pl\/sklepy\/","name":"Sklepy - Kringloopbedrijven Maasland","isPartOf":{"@id":"https:\/\/kringloopbedrijfoss.nl\/#website"},"datePublished":"2022-08-26T14:10:16+00:00","dateModified":"2025-05-30T18:45:06+00:00","description":"Chcia\u0142by\u015b odwiedzi\u0107 nasz sklep w Oss (Maaskade 32)? A mo\u017ce raczej nasz sklep w Heesch (Voorste Groes 1A)? Zobacz nasze godziny otwarcia.","breadcrumb":{"@id":"https:\/\/kringloopbedrijfoss.nl\/pl\/sklepy\/#breadcrumb"},"inLanguage":"pl-PL","potentialAction":[{"@type":"ReadAction","target":["https:\/\/kringloopbedrijfoss.nl\/pl\/sklepy\/"]}]},{"@type":"BreadcrumbList","@id":"https:\/\/kringloopbedrijfoss.nl\/pl\/sklepy\/#breadcrumb","itemListElement":[{"@type":"ListItem","position":1,"name":"Home","item":"https:\/\/kringloopbedrijfoss.nl\/pl\/"},{"@type":"ListItem","position":2,"name":"Sklepy"}]},{"@type":"WebSite","@id":"https:\/\/kringloopbedrijfoss.nl\/#website","url":"https:\/\/kringloopbedrijfoss.nl\/","name":"Kringloopbedrijven Maasland","description":"","potentialAction":[{"@type":"SearchAction","target":{"@type":"EntryPoint","urlTemplate":"https:\/\/kringloopbedrijfoss.nl\/?s={search_term_string}"},"query-input":{"@type":"PropertyValueSpecification","valueRequired":true,"valueName":"search_term_string"}}],"inLanguage":"pl-PL"}]}},"_links":{"self":[{"href":"https:\/\/kringloopbedrijfoss.nl\/pl\/wp-json\/wp\/v2\/pages\/2873","targetHints":{"allow":["GET"]}}],"collection":[{"href":"https:\/\/kringloopbedrijfoss.nl\/pl\/wp-json\/wp\/v2\/pages"}],"about":[{"href":"https:\/\/kringloopbedrijfoss.nl\/pl\/wp-json\/wp\/v2\/types\/page"}],"author":[{"embeddable":true,"href":"https:\/\/kringloopbedrijfoss.nl\/pl\/wp-json\/wp\/v2\/users\/1"}],"replies":[{"embeddable":true,"href":"https:\/\/kringloopbedrijfoss.nl\/pl\/wp-json\/wp\/v2\/comments?post=2873"}],"version-history":[{"count":5,"href":"https:\/\/kringloopbedrijfoss.nl\/pl\/wp-json\/wp\/v2\/pages\/2873\/revisions"}],"predecessor-version":[{"id":4743,"href":"https:\/\/kringloopbedrijfoss.nl\/pl\/wp-json\/wp\/v2\/pages\/2873\/revisions\/4743"}],"wp:attachment":[{"href":"https:\/\/kringloopbedrijfoss.nl\/pl\/wp-json\/wp\/v2\/media?parent=2873"}],"curies":[{"name":"wp","href":"https:\/\/api.w.org\/{rel}","templated":true}]}}