{"id":4794,"date":"2025-05-30T21:00:56","date_gmt":"2025-05-30T19:00:56","guid":{"rendered":"https:\/\/kringloopbedrijfoss.nl\/richtlijnen-op-te-halen-goederen\/"},"modified":"2025-05-30T21:44:07","modified_gmt":"2025-05-30T19:44:07","slug":"directrices-para-la-recogida-de-mercancias","status":"publish","type":"page","link":"https:\/\/kringloopbedrijfoss.nl\/es\/directrices-para-la-recogida-de-mercancias\/","title":{"rendered":"Directrices para la recogida de mercanc\u00edas"},"content":{"rendered":"<div class=\"fusion-fullwidth fullwidth-box fusion-builder-row-1 fusion-flex-container has-pattern-background has-mask-background nonhundred-percent-fullwidth non-hundred-percent-height-scrolling\" style=\"--awb-border-color:var(--awb-color1);--awb-border-radius-top-left:0px;--awb-border-radius-top-right:0px;--awb-border-radius-bottom-right:0px;--awb-border-radius-bottom-left:0px;--awb-padding-top:0px;--awb-padding-bottom:0px;--awb-padding-top-medium:70px;--awb-padding-bottom-medium:70px;--awb-padding-top-small:50px;--awb-padding-bottom-small:70px;\" ><div class=\"fusion-builder-row fusion-row fusion-flex-align-items-flex-start\" style=\"max-width:calc( 1200px + 0px );margin-left: calc(-0px \/ 2 );margin-right: calc(-0px \/ 2 );\"><div class=\"fusion-layout-column fusion_builder_column fusion-builder-column-0 fusion_builder_column_1_1 1_1 fusion-flex-column\" style=\"--awb-bg-size:cover;--awb-width-large:100%;--awb-margin-top-large:0px;--awb-spacing-right-large:0;--awb-margin-bottom-large:0px;--awb-spacing-left-large:0;--awb-width-medium:100%;--awb-order-medium:0;--awb-spacing-right-medium:0;--awb-spacing-left-medium:0;--awb-width-small:100%;--awb-order-small:0;--awb-spacing-right-small:0;--awb-spacing-left-small:0;\"><div class=\"fusion-column-wrapper fusion-column-has-shadow fusion-flex-justify-content-flex-start fusion-content-layout-column\"><div class=\"fusion-title title fusion-title-1 fusion-sep-none fusion-title-text fusion-title-size-two\"><h2 class=\"title-heading-left\" style=\"margin:0;text-transform:capitalize;\">DIRECTRICES PARA LA RECOGIDA DE MERCANC\u00cdAS<\/h2><\/div><\/div><\/div><div class=\"fusion-layout-column fusion_builder_column fusion-builder-column-1 fusion_builder_column_1_2 1_2 fusion-flex-column fusion-animated\" style=\"--awb-bg-size:cover;--awb-width-large:50%;--awb-margin-top-large:20px;--awb-spacing-right-large:0;--awb-margin-bottom-large:80px;--awb-spacing-left-large:40px;--awb-width-medium:50%;--awb-order-medium:0;--awb-spacing-right-medium:0;--awb-spacing-left-medium:40px;--awb-width-small:100%;--awb-order-small:0;--awb-spacing-right-small:0;--awb-margin-bottom-small:0px;--awb-spacing-left-small:0;\" data-animationType=\"fadeInRight\" data-animationDuration=\"1.0\" data-animationOffset=\"top-into-view\"><div class=\"fusion-column-wrapper fusion-column-has-shadow fusion-flex-justify-content-flex-start fusion-content-layout-column\"><div class=\"fusion-title title fusion-title-2 fusion-sep-none fusion-title-text fusion-title-size-three\" style=\"--awb-font-size:25px;\"><h3 class=\"title-heading-left\" style=\"margin:0;font-size:1em;text-transform:capitalize;\">LLEVAR<\/h3><\/div><div class=\"fusion-text fusion-text-1\"><ul>\n<li>CAMAS Y SOMIERES (NO EN BERNHEZE)<\/li>\n<li>ELECTRODOM\u00c9STICOS GAMA MARR\u00d3N\/GAMA BLANCA<\/li>\n<li>CURIOSIDADES Y ANTIGUEDADES<\/li>\n<li>MANTAS EL\u00c9CTRICAS.<\/li>\n<li>BICICLETAS (S\u00d3LO BERNHEZE EN MUY BUEN ESTADO)<\/li>\n<li>EQUIPOS DE FITNESS<\/li>\n<li>ESTUFAS DE GAS<\/li>\n<li>COPIAS ILEGALES DE V\u00cdDEOS, CD Y DVD<\/li>\n<li>ROPA Y ROPA DEL HOGAR<\/li>\n<li>MENAGE DOM\u00c9STICO<\/li>\n<li>MATERIAL MILITAR, JUGUETES, ROPA MILITAR<\/li>\n<li>COLCHONES<\/li>\n<li>MUEBLES DE MADERA MACIZA, PINO, ROBLE, ETC.<\/li>\n<li>ANIMALES DISECADOS<\/li>\n<li>PIELES<\/li>\n<li>ESCRITORIOS, ARMARIOS Y MESAS DE ACERO<\/li>\n<li>ARCHIVADORES<\/li>\n<li>PRODUCTOS DE HIGIENE PERSONAL<\/li>\n<li>PORNOGRAF\u00cdA:<\/li>\n<li>FRIGOR\u00cdFICOS Y CONGELADORES<\/li>\n<li>ORDENADORES\/PIEZAS<\/li>\n<li>JUGUETES<\/li>\n<li>TABLAS DE SURF\/TABLAS DE SURF<\/li>\n<li>TELEVISORES<\/li>\n<li>TIENDAS DE CAMPA\u00d1A, BOTES HINCHABLES<\/li>\n<li>CASCOS<\/li>\n<li>MOQUETAS, TAMBI\u00c9N ALFOMBRAS EN BUEN ESTADO O LOTES DE BALDOSAS NUEVAS<\/li>\n<li>TOLDOS (NO EN BERNHEZE)<\/li>\n<\/ul>\n<\/div><div class=\"fusion-separator fusion-full-width-sep\" style=\"align-self: center;margin-left: auto;margin-right: auto;margin-top:2%;width:100%;\"><\/div><\/div><\/div><div class=\"fusion-layout-column fusion_builder_column fusion-builder-column-2 fusion_builder_column_1_2 1_2 fusion-flex-column fusion-animated\" style=\"--awb-bg-size:cover;--awb-width-large:50%;--awb-margin-top-large:20px;--awb-spacing-right-large:0;--awb-margin-bottom-large:80px;--awb-spacing-left-large:40px;--awb-width-medium:50%;--awb-order-medium:0;--awb-spacing-right-medium:0;--awb-spacing-left-medium:40px;--awb-width-small:100%;--awb-order-small:0;--awb-spacing-right-small:0;--awb-margin-bottom-small:0px;--awb-spacing-left-small:0;\" data-animationType=\"fadeInRight\" data-animationDuration=\"1.0\" data-animationOffset=\"top-into-view\"><div class=\"fusion-column-wrapper fusion-column-has-shadow fusion-flex-justify-content-flex-start fusion-content-layout-column\"><div class=\"fusion-title title fusion-title-3 fusion-sep-none fusion-title-text fusion-title-size-three\" style=\"--awb-font-size:25px;\"><h3 class=\"title-heading-left\" style=\"margin:0;font-size:1em;text-transform:capitalize;\">NO LLEVAR<\/h3><\/div><div class=\"fusion-text fusion-text-2\"><ul>\n<li>RESIDUOS DE CONSTRUCCI\u00d3N Y DEMOLICI\u00d3N<br \/>\nPOR EJEMPLO: ESCOMBROS, RESTOS DE MADERA, VALLAS, BALDOSAS, PUERTAS, MARCOS DE PUERTAS, SANITARIOS, COCINAS, ENCIMERAS, CABINAS DE DUCHA, BA\u00d1ERAS, ETC.<\/li>\n<li>RESIDUOS QU\u00cdMICOS<br \/>\nPOR EJEMPLO: RESTOS DE PINTURA, TUBOS FLUORESCENTES, BATER\u00cdAS, PILAS, NEUM\u00c1TICOS DE COCHE, ACEITE DE MOTOR USADO, BOTELLAS DE GAS, L\u00c1MPARAS SUELTAS DE TOLDOS, ETC.<\/li>\n<li>RESIDUOS DE JARD\u00cdN<\/li>\n<li>COCHES Y CARAVANAS<\/li>\n<li>CUNAS DE VIAJE<\/li>\n<li>PLANTAS Y ANIMALES<\/li>\n<li>ALIMENTOS Y BEBIDAS<\/li>\n<\/ul>\n<\/div><div class=\"fusion-separator fusion-full-width-sep\" style=\"align-self: center;margin-left: auto;margin-right: auto;margin-top:2%;width:100%;\"><\/div><\/div><\/div><\/div><\/div>\n","protected":false},"excerpt":{"rendered":"","protected":false},"author":1,"featured_media":0,"parent":0,"menu_order":0,"comment_status":"closed","ping_status":"closed","template":"100-width.php","meta":{"footnotes":""},"class_list":["post-4794","page","type-page","status-publish","hentry"],"yoast_head":"<!-- This site is optimized with the Yoast SEO plugin v27.5 - https:\/\/yoast.com\/product\/yoast-seo-wordpress\/ -->\n<title>Directrices para la recogida de mercanc\u00edas - Kringloopbedrijven Maasland<\/title>\n<meta name=\"description\" content=\"En esta p\u00e1gina encontrar\u00e1 una lista de pautas para las mercanc\u00edas que se deben recoger en las empresas de reciclaje de Maasland.\" \/>\n<meta name=\"robots\" content=\"index, follow, max-snippet:-1, max-image-preview:large, max-video-preview:-1\" \/>\n<link rel=\"canonical\" href=\"https:\/\/kringloopbedrijfoss.nl\/es\/directrices-para-la-recogida-de-mercancias\/\" \/>\n<meta property=\"og:locale\" content=\"es_ES\" \/>\n<meta property=\"og:type\" content=\"article\" \/>\n<meta property=\"og:title\" content=\"Directrices para la recogida de mercanc\u00edas - Kringloopbedrijven Maasland\" \/>\n<meta property=\"og:description\" content=\"En esta p\u00e1gina encontrar\u00e1 una lista de pautas para las mercanc\u00edas que se deben recoger en las empresas de reciclaje de Maasland.\" \/>\n<meta property=\"og:url\" content=\"https:\/\/kringloopbedrijfoss.nl\/es\/directrices-para-la-recogida-de-mercancias\/\" \/>\n<meta property=\"og:site_name\" content=\"Kringloopbedrijven Maasland\" \/>\n<meta property=\"article:modified_time\" content=\"2025-05-30T19:44:07+00:00\" \/>\n<meta name=\"twitter:card\" content=\"summary_large_image\" \/>\n<meta name=\"twitter:label1\" content=\"Tiempo de lectura\" \/>\n\t<meta name=\"twitter:data1\" content=\"6 minutos\" \/>\n<script type=\"application\/ld+json\" class=\"yoast-schema-graph\">{\"@context\":\"https:\\\/\\\/schema.org\",\"@graph\":[{\"@type\":\"WebPage\",\"@id\":\"https:\\\/\\\/kringloopbedrijfoss.nl\\\/es\\\/directrices-para-la-recogida-de-mercancias\\\/\",\"url\":\"https:\\\/\\\/kringloopbedrijfoss.nl\\\/es\\\/directrices-para-la-recogida-de-mercancias\\\/\",\"name\":\"Directrices para la recogida de mercanc\u00edas - Kringloopbedrijven Maasland\",\"isPartOf\":{\"@id\":\"https:\\\/\\\/kringloopbedrijfoss.nl\\\/#website\"},\"datePublished\":\"2025-05-30T19:00:56+00:00\",\"dateModified\":\"2025-05-30T19:44:07+00:00\",\"description\":\"En esta p\u00e1gina encontrar\u00e1 una lista de pautas para las mercanc\u00edas que se deben recoger en las empresas de reciclaje de Maasland.\",\"breadcrumb\":{\"@id\":\"https:\\\/\\\/kringloopbedrijfoss.nl\\\/es\\\/directrices-para-la-recogida-de-mercancias\\\/#breadcrumb\"},\"inLanguage\":\"es\",\"potentialAction\":[{\"@type\":\"ReadAction\",\"target\":[\"https:\\\/\\\/kringloopbedrijfoss.nl\\\/es\\\/directrices-para-la-recogida-de-mercancias\\\/\"]}]},{\"@type\":\"BreadcrumbList\",\"@id\":\"https:\\\/\\\/kringloopbedrijfoss.nl\\\/es\\\/directrices-para-la-recogida-de-mercancias\\\/#breadcrumb\",\"itemListElement\":[{\"@type\":\"ListItem\",\"position\":1,\"name\":\"Home\",\"item\":\"https:\\\/\\\/kringloopbedrijfoss.nl\\\/es\\\/\"},{\"@type\":\"ListItem\",\"position\":2,\"name\":\"Directrices para la recogida de mercanc\u00edas\"}]},{\"@type\":\"WebSite\",\"@id\":\"https:\\\/\\\/kringloopbedrijfoss.nl\\\/#website\",\"url\":\"https:\\\/\\\/kringloopbedrijfoss.nl\\\/\",\"name\":\"Kringloopbedrijven Maasland\",\"description\":\"\",\"potentialAction\":[{\"@type\":\"SearchAction\",\"target\":{\"@type\":\"EntryPoint\",\"urlTemplate\":\"https:\\\/\\\/kringloopbedrijfoss.nl\\\/?s={search_term_string}\"},\"query-input\":{\"@type\":\"PropertyValueSpecification\",\"valueRequired\":true,\"valueName\":\"search_term_string\"}}],\"inLanguage\":\"es\"}]}<\/script>\n<!-- \/ Yoast SEO plugin. -->","yoast_head_json":{"title":"Directrices para la recogida de mercanc\u00edas - Kringloopbedrijven Maasland","description":"En esta p\u00e1gina encontrar\u00e1 una lista de pautas para las mercanc\u00edas que se deben recoger en las empresas de reciclaje de Maasland.","robots":{"index":"index","follow":"follow","max-snippet":"max-snippet:-1","max-image-preview":"max-image-preview:large","max-video-preview":"max-video-preview:-1"},"canonical":"https:\/\/kringloopbedrijfoss.nl\/es\/directrices-para-la-recogida-de-mercancias\/","og_locale":"es_ES","og_type":"article","og_title":"Directrices para la recogida de mercanc\u00edas - Kringloopbedrijven Maasland","og_description":"En esta p\u00e1gina encontrar\u00e1 una lista de pautas para las mercanc\u00edas que se deben recoger en las empresas de reciclaje de Maasland.","og_url":"https:\/\/kringloopbedrijfoss.nl\/es\/directrices-para-la-recogida-de-mercancias\/","og_site_name":"Kringloopbedrijven Maasland","article_modified_time":"2025-05-30T19:44:07+00:00","twitter_card":"summary_large_image","twitter_misc":{"Tiempo de lectura":"6 minutos"},"schema":{"@context":"https:\/\/schema.org","@graph":[{"@type":"WebPage","@id":"https:\/\/kringloopbedrijfoss.nl\/es\/directrices-para-la-recogida-de-mercancias\/","url":"https:\/\/kringloopbedrijfoss.nl\/es\/directrices-para-la-recogida-de-mercancias\/","name":"Directrices para la recogida de mercanc\u00edas - Kringloopbedrijven Maasland","isPartOf":{"@id":"https:\/\/kringloopbedrijfoss.nl\/#website"},"datePublished":"2025-05-30T19:00:56+00:00","dateModified":"2025-05-30T19:44:07+00:00","description":"En esta p\u00e1gina encontrar\u00e1 una lista de pautas para las mercanc\u00edas que se deben recoger en las empresas de reciclaje de Maasland.","breadcrumb":{"@id":"https:\/\/kringloopbedrijfoss.nl\/es\/directrices-para-la-recogida-de-mercancias\/#breadcrumb"},"inLanguage":"es","potentialAction":[{"@type":"ReadAction","target":["https:\/\/kringloopbedrijfoss.nl\/es\/directrices-para-la-recogida-de-mercancias\/"]}]},{"@type":"BreadcrumbList","@id":"https:\/\/kringloopbedrijfoss.nl\/es\/directrices-para-la-recogida-de-mercancias\/#breadcrumb","itemListElement":[{"@type":"ListItem","position":1,"name":"Home","item":"https:\/\/kringloopbedrijfoss.nl\/es\/"},{"@type":"ListItem","position":2,"name":"Directrices para la recogida de mercanc\u00edas"}]},{"@type":"WebSite","@id":"https:\/\/kringloopbedrijfoss.nl\/#website","url":"https:\/\/kringloopbedrijfoss.nl\/","name":"Kringloopbedrijven Maasland","description":"","potentialAction":[{"@type":"SearchAction","target":{"@type":"EntryPoint","urlTemplate":"https:\/\/kringloopbedrijfoss.nl\/?s={search_term_string}"},"query-input":{"@type":"PropertyValueSpecification","valueRequired":true,"valueName":"search_term_string"}}],"inLanguage":"es"}]}},"_links":{"self":[{"href":"https:\/\/kringloopbedrijfoss.nl\/es\/wp-json\/wp\/v2\/pages\/4794","targetHints":{"allow":["GET"]}}],"collection":[{"href":"https:\/\/kringloopbedrijfoss.nl\/es\/wp-json\/wp\/v2\/pages"}],"about":[{"href":"https:\/\/kringloopbedrijfoss.nl\/es\/wp-json\/wp\/v2\/types\/page"}],"author":[{"embeddable":true,"href":"https:\/\/kringloopbedrijfoss.nl\/es\/wp-json\/wp\/v2\/users\/1"}],"replies":[{"embeddable":true,"href":"https:\/\/kringloopbedrijfoss.nl\/es\/wp-json\/wp\/v2\/comments?post=4794"}],"version-history":[{"count":3,"href":"https:\/\/kringloopbedrijfoss.nl\/es\/wp-json\/wp\/v2\/pages\/4794\/revisions"}],"predecessor-version":[{"id":4797,"href":"https:\/\/kringloopbedrijfoss.nl\/es\/wp-json\/wp\/v2\/pages\/4794\/revisions\/4797"}],"wp:attachment":[{"href":"https:\/\/kringloopbedrijfoss.nl\/es\/wp-json\/wp\/v2\/media?parent=4794"}],"curies":[{"name":"wp","href":"https:\/\/api.w.org\/{rel}","templated":true}]}}