{"id":4744,"date":"2025-05-30T20:08:55","date_gmt":"2025-05-30T18:08:55","guid":{"rendered":"https:\/\/kringloopbedrijfoss.nl\/huisregels-winkels\/"},"modified":"2025-05-30T20:49:22","modified_gmt":"2025-05-30T18:49:22","slug":"normas-del-establecimiento","status":"publish","type":"page","link":"https:\/\/kringloopbedrijfoss.nl\/es\/normas-del-establecimiento\/","title":{"rendered":"Normas del establecimiento"},"content":{"rendered":"<div class=\"fusion-fullwidth fullwidth-box fusion-builder-row-1 fusion-flex-container has-pattern-background has-mask-background nonhundred-percent-fullwidth non-hundred-percent-height-scrolling\" style=\"--awb-border-color:var(--awb-color1);--awb-border-radius-top-left:0px;--awb-border-radius-top-right:0px;--awb-border-radius-bottom-right:0px;--awb-border-radius-bottom-left:0px;--awb-padding-top:0px;--awb-padding-bottom:0px;--awb-padding-top-medium:70px;--awb-padding-bottom-medium:70px;--awb-padding-top-small:50px;--awb-padding-bottom-small:70px;\" ><div class=\"fusion-builder-row fusion-row fusion-flex-align-items-flex-start\" style=\"max-width:calc( 1200px + 0px );margin-left: calc(-0px \/ 2 );margin-right: calc(-0px \/ 2 );\"><div class=\"fusion-layout-column fusion_builder_column fusion-builder-column-0 fusion_builder_column_1_2 1_2 fusion-flex-column fusion-animated\" style=\"--awb-bg-size:cover;--awb-width-large:50%;--awb-margin-top-large:40px;--awb-spacing-right-large:0;--awb-margin-bottom-large:80px;--awb-spacing-left-large:40px;--awb-width-medium:50%;--awb-order-medium:0;--awb-spacing-right-medium:0;--awb-spacing-left-medium:40px;--awb-width-small:100%;--awb-order-small:0;--awb-spacing-right-small:0;--awb-margin-bottom-small:0px;--awb-spacing-left-small:0;\" data-animationType=\"fadeInRight\" data-animationDuration=\"1.0\" data-animationOffset=\"top-into-view\"><div class=\"fusion-column-wrapper fusion-column-has-shadow fusion-flex-justify-content-flex-start fusion-content-layout-column\"><div class=\"fusion-title title fusion-title-1 fusion-sep-none fusion-title-text fusion-title-size-two\"><h2 class=\"title-heading-left\" style=\"margin:0;text-transform:capitalize;\">NORMAS DEL ESTABLECIMIENTO<\/h2><\/div><div class=\"fusion-separator fusion-full-width-sep\" style=\"align-self: center;margin-left: auto;margin-right: auto;margin-top:2%;width:100%;\"><\/div><div class=\"fusion-text fusion-text-1\"><p>\u00abLAMENTABLEMENTE\u00bb, ES NECESARIO ESTABLECER NORMAS DEL ESTABLECIMIENTO PARA NUESTROS CLIENTES. LO HACEMOS PARA PROTEGER A NUESTRO PERSONAL, PERO TAMBI\u00c9N PARA PROTEGER A LOS CLIENTES.<\/p>\n<p>ESTAS NORMAS SE ENCUENTRAN EXPUESTAS DE FORMA RESUMIDA A LA ENTRADA DEL ESTABLECIMIENTO (PICTOGRAMAS).<\/p>\n<\/div><div class=\"fusion-separator fusion-full-width-sep\" style=\"align-self: center;margin-left: auto;margin-right: auto;margin-top:2%;width:100%;\"><\/div><\/div><\/div><div class=\"fusion-layout-column fusion_builder_column fusion-builder-column-1 fusion_builder_column_1_2 1_2 fusion-flex-column fusion-animated\" style=\"--awb-bg-size:cover;--awb-width-large:50%;--awb-margin-top-large:50px;--awb-spacing-right-large:0;--awb-margin-bottom-large:80px;--awb-spacing-left-large:40px;--awb-width-medium:50%;--awb-order-medium:0;--awb-spacing-right-medium:0;--awb-spacing-left-medium:40px;--awb-width-small:100%;--awb-order-small:0;--awb-spacing-right-small:0;--awb-margin-bottom-small:0px;--awb-spacing-left-small:0;\" data-animationType=\"fadeInRight\" data-animationDuration=\"1.0\" data-animationOffset=\"top-into-view\"><div class=\"fusion-column-wrapper fusion-column-has-shadow fusion-flex-justify-content-flex-start fusion-content-layout-column\"><div class=\"fusion-text fusion-text-2\"><p>EL ACCESO A ESTE ESTABLECIMIENTO IMPLICA LA ACEPTACI\u00d3N DE LAS SIGUIENTES NORMAS DEL ESTABLECIMIENTO KBM:<\/p>\n<ul>\n<li>NO ACEPTAMOS NING\u00daN TIPO DE VIOLENCIA O AGRESI\u00d3N HACIA NUESTROS EMPLEADOS. SI SE DIERA EL CASO, DENUNCIAREMOS LOS HECHOS A LA POLIC\u00cdA Y LE DENEGAREMOS EL ACCESO AL ESTABLECIMIENTO DURANTE UN PER\u00cdODO M\u00c1XIMO DE 1 A\u00d1O.<\/li>\n<li>POR SU SEGURIDAD Y LA NUESTRA, ESTA TIENDA EST\u00c1 EQUIPADA CON C\u00c1MARAS DE VIDEOVIGILANCIA.<\/li>\n<li>SIGA SIEMPRE LAS INSTRUCCIONES DE NUESTROS EMPLEADOS PARA GARANTIZAR LA M\u00c1XIMA SEGURIDAD.<\/li>\n<li>EVITE CAUSAR MOLESTIAS Y PERTURBACIONES A LOS DEM\u00c1S.<\/li>\n<li>NUESTROS ART\u00cdCULOS EST\u00c1N PROTEGIDOS CON MEDIOS, TANTO VISIBLES COMO OCULTOS, DE DETECCI\u00d3N CONTRA ROBOS.<\/li>\n<li>QUEDA TERMINANTEMENTE PROHIBIDO ENTRAR CON BOLSAS PREPARADAS.<\/li>\n<li>NUESTROS EMPLEADOS SE RESERVAN EL DERECHO DE REGISTRAR SUS BOLSAS. LE ROGAMOS SU COLABORACI\u00d3N EN ESTE SENTIDO.<\/li>\n<li>SI SE DETECTA UN ROBO, LO DENUNCIAREMOS INMEDIATAMENTE A LA POLIC\u00cdA.<\/li>\n<li>SE HAN ESTABLECIDO ACUERDOS CON LA POLIC\u00cdA SOBRE SU ACTUACI\u00d3N EN CASO DE ROBO, MOLESTIAS O CUALQUIER OTRA INFRACCI\u00d3N DE LAS NORMAS DEL ESTABLECIMIENTO.<\/li>\n<li>LOS ART\u00cdCULOS ADQUIRIDOS PODR\u00c1N SER CAMBIADOS SI EL ENCARGADO O UN EMPLEADO LO ESTIMA OPORTUNO. KBM DEVOLVER\u00c1 AL CLIENTE EL IMPORTE DE LA COMPRA (MEDIANTE TARJETA DE PAGO).<\/li>\n<li>LOS ART\u00cdCULOS QUE NO TENGAN PRECIO NO SE PUEDEN VENDER Y SE RETIRAR\u00c1N DEL ESTABLECIMIENTO PARA PONERLES PRECIO EN UN MOMENTO POSTERIOR.<\/li>\n<li>USTED ACEPTA LAS CONDICIONES DE VENTA QUE SE ENCUENTRAN INDICADAS EN LA CAJA.<\/li>\n<\/ul>\n<\/div><div class=\"fusion-separator fusion-full-width-sep\" style=\"align-self: center;margin-left: auto;margin-right: auto;margin-top:2%;width:100%;\"><\/div><\/div><\/div><\/div><\/div>\n","protected":false},"excerpt":{"rendered":"","protected":false},"author":1,"featured_media":0,"parent":0,"menu_order":0,"comment_status":"closed","ping_status":"closed","template":"100-width.php","meta":{"footnotes":""},"class_list":["post-4744","page","type-page","status-publish","hentry"],"yoast_head":"<!-- This site is optimized with the Yoast SEO plugin v27.4 - https:\/\/yoast.com\/product\/yoast-seo-wordpress\/ -->\n<title>Normas del establecimiento - Kringloopbedrijven Maasland<\/title>\n<meta name=\"description\" content=\"Queremos que la visita a nuestras tiendas sea lo m\u00e1s agradable posible para todos. Para este fin hemos elaborado una serie de normas de la casa.\" \/>\n<meta name=\"robots\" content=\"index, follow, max-snippet:-1, max-image-preview:large, max-video-preview:-1\" \/>\n<link rel=\"canonical\" href=\"https:\/\/kringloopbedrijfoss.nl\/es\/normas-del-establecimiento\/\" \/>\n<meta property=\"og:locale\" content=\"es_ES\" \/>\n<meta property=\"og:type\" content=\"article\" \/>\n<meta property=\"og:title\" content=\"Normas del establecimiento - Kringloopbedrijven Maasland\" \/>\n<meta property=\"og:description\" content=\"Queremos que la visita a nuestras tiendas sea lo m\u00e1s agradable posible para todos. Para este fin hemos elaborado una serie de normas de la casa.\" \/>\n<meta property=\"og:url\" content=\"https:\/\/kringloopbedrijfoss.nl\/es\/normas-del-establecimiento\/\" \/>\n<meta property=\"og:site_name\" content=\"Kringloopbedrijven Maasland\" \/>\n<meta property=\"article:modified_time\" content=\"2025-05-30T18:49:22+00:00\" \/>\n<meta name=\"twitter:card\" content=\"summary_large_image\" \/>\n<meta name=\"twitter:label1\" content=\"Tiempo de lectura\" \/>\n\t<meta name=\"twitter:data1\" content=\"5 minutos\" \/>\n<script type=\"application\/ld+json\" class=\"yoast-schema-graph\">{\"@context\":\"https:\\\/\\\/schema.org\",\"@graph\":[{\"@type\":\"WebPage\",\"@id\":\"https:\\\/\\\/kringloopbedrijfoss.nl\\\/es\\\/normas-del-establecimiento\\\/\",\"url\":\"https:\\\/\\\/kringloopbedrijfoss.nl\\\/es\\\/normas-del-establecimiento\\\/\",\"name\":\"Normas del establecimiento - Kringloopbedrijven Maasland\",\"isPartOf\":{\"@id\":\"https:\\\/\\\/kringloopbedrijfoss.nl\\\/#website\"},\"datePublished\":\"2025-05-30T18:08:55+00:00\",\"dateModified\":\"2025-05-30T18:49:22+00:00\",\"description\":\"Queremos que la visita a nuestras tiendas sea lo m\u00e1s agradable posible para todos. Para este fin hemos elaborado una serie de normas de la casa.\",\"breadcrumb\":{\"@id\":\"https:\\\/\\\/kringloopbedrijfoss.nl\\\/es\\\/normas-del-establecimiento\\\/#breadcrumb\"},\"inLanguage\":\"es\",\"potentialAction\":[{\"@type\":\"ReadAction\",\"target\":[\"https:\\\/\\\/kringloopbedrijfoss.nl\\\/es\\\/normas-del-establecimiento\\\/\"]}]},{\"@type\":\"BreadcrumbList\",\"@id\":\"https:\\\/\\\/kringloopbedrijfoss.nl\\\/es\\\/normas-del-establecimiento\\\/#breadcrumb\",\"itemListElement\":[{\"@type\":\"ListItem\",\"position\":1,\"name\":\"Home\",\"item\":\"https:\\\/\\\/kringloopbedrijfoss.nl\\\/es\\\/\"},{\"@type\":\"ListItem\",\"position\":2,\"name\":\"Normas del establecimiento\"}]},{\"@type\":\"WebSite\",\"@id\":\"https:\\\/\\\/kringloopbedrijfoss.nl\\\/#website\",\"url\":\"https:\\\/\\\/kringloopbedrijfoss.nl\\\/\",\"name\":\"Kringloopbedrijven Maasland\",\"description\":\"\",\"potentialAction\":[{\"@type\":\"SearchAction\",\"target\":{\"@type\":\"EntryPoint\",\"urlTemplate\":\"https:\\\/\\\/kringloopbedrijfoss.nl\\\/?s={search_term_string}\"},\"query-input\":{\"@type\":\"PropertyValueSpecification\",\"valueRequired\":true,\"valueName\":\"search_term_string\"}}],\"inLanguage\":\"es\"}]}<\/script>\n<!-- \/ Yoast SEO plugin. -->","yoast_head_json":{"title":"Normas del establecimiento - Kringloopbedrijven Maasland","description":"Queremos que la visita a nuestras tiendas sea lo m\u00e1s agradable posible para todos. Para este fin hemos elaborado una serie de normas de la casa.","robots":{"index":"index","follow":"follow","max-snippet":"max-snippet:-1","max-image-preview":"max-image-preview:large","max-video-preview":"max-video-preview:-1"},"canonical":"https:\/\/kringloopbedrijfoss.nl\/es\/normas-del-establecimiento\/","og_locale":"es_ES","og_type":"article","og_title":"Normas del establecimiento - Kringloopbedrijven Maasland","og_description":"Queremos que la visita a nuestras tiendas sea lo m\u00e1s agradable posible para todos. Para este fin hemos elaborado una serie de normas de la casa.","og_url":"https:\/\/kringloopbedrijfoss.nl\/es\/normas-del-establecimiento\/","og_site_name":"Kringloopbedrijven Maasland","article_modified_time":"2025-05-30T18:49:22+00:00","twitter_card":"summary_large_image","twitter_misc":{"Tiempo de lectura":"5 minutos"},"schema":{"@context":"https:\/\/schema.org","@graph":[{"@type":"WebPage","@id":"https:\/\/kringloopbedrijfoss.nl\/es\/normas-del-establecimiento\/","url":"https:\/\/kringloopbedrijfoss.nl\/es\/normas-del-establecimiento\/","name":"Normas del establecimiento - Kringloopbedrijven Maasland","isPartOf":{"@id":"https:\/\/kringloopbedrijfoss.nl\/#website"},"datePublished":"2025-05-30T18:08:55+00:00","dateModified":"2025-05-30T18:49:22+00:00","description":"Queremos que la visita a nuestras tiendas sea lo m\u00e1s agradable posible para todos. Para este fin hemos elaborado una serie de normas de la casa.","breadcrumb":{"@id":"https:\/\/kringloopbedrijfoss.nl\/es\/normas-del-establecimiento\/#breadcrumb"},"inLanguage":"es","potentialAction":[{"@type":"ReadAction","target":["https:\/\/kringloopbedrijfoss.nl\/es\/normas-del-establecimiento\/"]}]},{"@type":"BreadcrumbList","@id":"https:\/\/kringloopbedrijfoss.nl\/es\/normas-del-establecimiento\/#breadcrumb","itemListElement":[{"@type":"ListItem","position":1,"name":"Home","item":"https:\/\/kringloopbedrijfoss.nl\/es\/"},{"@type":"ListItem","position":2,"name":"Normas del establecimiento"}]},{"@type":"WebSite","@id":"https:\/\/kringloopbedrijfoss.nl\/#website","url":"https:\/\/kringloopbedrijfoss.nl\/","name":"Kringloopbedrijven Maasland","description":"","potentialAction":[{"@type":"SearchAction","target":{"@type":"EntryPoint","urlTemplate":"https:\/\/kringloopbedrijfoss.nl\/?s={search_term_string}"},"query-input":{"@type":"PropertyValueSpecification","valueRequired":true,"valueName":"search_term_string"}}],"inLanguage":"es"}]}},"_links":{"self":[{"href":"https:\/\/kringloopbedrijfoss.nl\/es\/wp-json\/wp\/v2\/pages\/4744","targetHints":{"allow":["GET"]}}],"collection":[{"href":"https:\/\/kringloopbedrijfoss.nl\/es\/wp-json\/wp\/v2\/pages"}],"about":[{"href":"https:\/\/kringloopbedrijfoss.nl\/es\/wp-json\/wp\/v2\/types\/page"}],"author":[{"embeddable":true,"href":"https:\/\/kringloopbedrijfoss.nl\/es\/wp-json\/wp\/v2\/users\/1"}],"replies":[{"embeddable":true,"href":"https:\/\/kringloopbedrijfoss.nl\/es\/wp-json\/wp\/v2\/comments?post=4744"}],"version-history":[{"count":5,"href":"https:\/\/kringloopbedrijfoss.nl\/es\/wp-json\/wp\/v2\/pages\/4744\/revisions"}],"predecessor-version":[{"id":4750,"href":"https:\/\/kringloopbedrijfoss.nl\/es\/wp-json\/wp\/v2\/pages\/4744\/revisions\/4750"}],"wp:attachment":[{"href":"https:\/\/kringloopbedrijfoss.nl\/es\/wp-json\/wp\/v2\/media?parent=4744"}],"curies":[{"name":"wp","href":"https:\/\/api.w.org\/{rel}","templated":true}]}}