{"id":4781,"date":"2025-05-30T21:00:56","date_gmt":"2025-05-30T19:00:56","guid":{"rendered":"https:\/\/kringloopbedrijfoss.nl\/richtlijnen-op-te-halen-goederen\/"},"modified":"2025-05-30T21:41:03","modified_gmt":"2025-05-30T19:41:03","slug":"richtlinien-abholware","status":"publish","type":"page","link":"https:\/\/kringloopbedrijfoss.nl\/de\/richtlinien-abholware\/","title":{"rendered":"Richtlinien Abholware"},"content":{"rendered":"<div class=\"fusion-fullwidth fullwidth-box fusion-builder-row-1 fusion-flex-container has-pattern-background has-mask-background nonhundred-percent-fullwidth non-hundred-percent-height-scrolling\" style=\"--awb-border-color:var(--awb-color1);--awb-border-radius-top-left:0px;--awb-border-radius-top-right:0px;--awb-border-radius-bottom-right:0px;--awb-border-radius-bottom-left:0px;--awb-padding-top:0px;--awb-padding-bottom:0px;--awb-padding-top-medium:70px;--awb-padding-bottom-medium:70px;--awb-padding-top-small:50px;--awb-padding-bottom-small:70px;\" ><div class=\"fusion-builder-row fusion-row fusion-flex-align-items-flex-start\" style=\"max-width:calc( 1200px + 0px );margin-left: calc(-0px \/ 2 );margin-right: calc(-0px \/ 2 );\"><div class=\"fusion-layout-column fusion_builder_column fusion-builder-column-0 fusion_builder_column_1_1 1_1 fusion-flex-column\" style=\"--awb-bg-size:cover;--awb-width-large:100%;--awb-margin-top-large:0px;--awb-spacing-right-large:0;--awb-margin-bottom-large:0px;--awb-spacing-left-large:0;--awb-width-medium:100%;--awb-order-medium:0;--awb-spacing-right-medium:0;--awb-spacing-left-medium:0;--awb-width-small:100%;--awb-order-small:0;--awb-spacing-right-small:0;--awb-spacing-left-small:0;\"><div class=\"fusion-column-wrapper fusion-column-has-shadow fusion-flex-justify-content-flex-start fusion-content-layout-column\"><div class=\"fusion-title title fusion-title-1 fusion-sep-none fusion-title-text fusion-title-size-two\"><h2 class=\"title-heading-left\" style=\"margin:0;text-transform:capitalize;\">RICHTLINIEN ABHOLWARE<\/h2><\/div><\/div><\/div><div class=\"fusion-layout-column fusion_builder_column fusion-builder-column-1 fusion_builder_column_1_2 1_2 fusion-flex-column fusion-animated\" style=\"--awb-bg-size:cover;--awb-width-large:50%;--awb-margin-top-large:20px;--awb-spacing-right-large:0;--awb-margin-bottom-large:80px;--awb-spacing-left-large:40px;--awb-width-medium:50%;--awb-order-medium:0;--awb-spacing-right-medium:0;--awb-spacing-left-medium:40px;--awb-width-small:100%;--awb-order-small:0;--awb-spacing-right-small:0;--awb-margin-bottom-small:0px;--awb-spacing-left-small:0;\" data-animationType=\"fadeInRight\" data-animationDuration=\"1.0\" data-animationOffset=\"top-into-view\"><div class=\"fusion-column-wrapper fusion-column-has-shadow fusion-flex-justify-content-flex-start fusion-content-layout-column\"><div class=\"fusion-title title fusion-title-2 fusion-sep-none fusion-title-text fusion-title-size-three\" style=\"--awb-font-size:25px;\"><h3 class=\"title-heading-left\" style=\"margin:0;font-size:1em;text-transform:capitalize;\">MITNEHMEN<\/h3><\/div><div class=\"fusion-text fusion-text-1\"><ul>\n<li>BETTEN UND LATTENROSTE (NICHT IN BERNHEZE)<\/li>\n<li>HAUSHALTS-\/UNTERHALTUNGSELEKTRONIKGER\u00c4TE<\/li>\n<li>KURIOSIT\u00c4TEN UND ANTIQUIT\u00c4TEN<\/li>\n<li>ELEKTRISCHE DECKEN<\/li>\n<li>FAHRR\u00c4DER (BERNHEZE: NUR IN SEHR GUTEM ZUSTAND)<\/li>\n<li>FITNESSGER\u00c4TE<\/li>\n<li>GAS\u00d6FEN<\/li>\n<li>ILLEGAL KOPIERTE VIDEOS, CDs UND DVDs<\/li>\n<li>KLEIDUNG UND TEXTILIEN<\/li>\n<li>KLEINER HAUSRAT<\/li>\n<li>ARMEEMATERIAL, SPIELZEUG, ARMEEKLEIDUNG<\/li>\n<li>MATRATZEN<\/li>\n<li>MASSIVHOLZM\u00d6BEL AUS KIEFERNHOLZ, EICHE UND DERGLEICHEN<\/li>\n<li>AUSGESTOPFTE TIERE<\/li>\n<li>PELZE<\/li>\n<li>SCHREIBTISCHE, SCHR\u00c4NKE UND TISCHE AUS STAHL<\/li>\n<li>ORDNER<\/li>\n<li>PFLEGEPRODUKTE<\/li>\n<li>PORNOGRAFIE:<\/li>\n<li>K\u00dcHL- UND TIEFK\u00dcHLSCHR\u00c4NKE<\/li>\n<li>COMPUTER\/TEILE<\/li>\n<li>SPIELZEUG<\/li>\n<li>SURFBRETTER<\/li>\n<li>FERNSEHER<\/li>\n<li>ZELTE, SCHLAUCHBOOTE<\/li>\n<li>STURZHELME<\/li>\n<li>BODENBELAG, AUCH TEPPICHE IN GUTEM ZUSTAND ODER STAPEL NEUER BODENFLIESEN<\/li>\n<li>SONNENHIMMEL (NICHT IN BERNHEZE)<\/li>\n<\/ul>\n<\/div><div class=\"fusion-separator fusion-full-width-sep\" style=\"align-self: center;margin-left: auto;margin-right: auto;margin-top:2%;width:100%;\"><\/div><\/div><\/div><div class=\"fusion-layout-column fusion_builder_column fusion-builder-column-2 fusion_builder_column_1_2 1_2 fusion-flex-column fusion-animated\" style=\"--awb-bg-size:cover;--awb-width-large:50%;--awb-margin-top-large:20px;--awb-spacing-right-large:0;--awb-margin-bottom-large:80px;--awb-spacing-left-large:40px;--awb-width-medium:50%;--awb-order-medium:0;--awb-spacing-right-medium:0;--awb-spacing-left-medium:40px;--awb-width-small:100%;--awb-order-small:0;--awb-spacing-right-small:0;--awb-margin-bottom-small:0px;--awb-spacing-left-small:0;\" data-animationType=\"fadeInRight\" data-animationDuration=\"1.0\" data-animationOffset=\"top-into-view\"><div class=\"fusion-column-wrapper fusion-column-has-shadow fusion-flex-justify-content-flex-start fusion-content-layout-column\"><div class=\"fusion-title title fusion-title-3 fusion-sep-none fusion-title-text fusion-title-size-three\" style=\"--awb-font-size:25px;\"><h3 class=\"title-heading-left\" style=\"margin:0;font-size:1em;text-transform:capitalize;\">NICHT MITNEHMEN<\/h3><\/div><div class=\"fusion-text fusion-text-2\"><ul>\n<li>BAUSCHUTT UND ABF\u00c4LLE VON ABRISSARBEITEN<br \/>\nZUM BEISPIEL: SCHUTT, ALT- UND ABBRUCHHOLZ, ZAUNTEILE, ZIEGEL, T\u00dcREN, FENSTER, SANIT\u00c4R, K\u00dcCHEN, ARBEITSPLATTEN, DUSCHKABINEN, BADEWANNEN, USW.<\/li>\n<li>CHEMISCHE ABF\u00c4LLE<br \/>\nZUM BEISPIEL: FARBRESTE, LEUCHTSTOFFR\u00d6HREN, AKKUS, BATTERIEN, AUTOREIFEN, ALTES MOTOR\u00d6L, GASFLASCHEN, EINZELNE LAMPEN VON SONNENHIMMELN, USW.<\/li>\n<li>GARTENABF\u00c4LLE<\/li>\n<li>AUTOS UND WOHNWAGEN<\/li>\n<li>REISEBETTEN<\/li>\n<li>PFLANZEN UND TIERE<\/li>\n<li>LEBENSMITTEL UND GETR\u00c4NKE<\/li>\n<\/ul>\n<\/div><div class=\"fusion-separator fusion-full-width-sep\" style=\"align-self: center;margin-left: auto;margin-right: auto;margin-top:2%;width:100%;\"><\/div><\/div><\/div><\/div><\/div>\n","protected":false},"excerpt":{"rendered":"","protected":false},"author":1,"featured_media":0,"parent":0,"menu_order":0,"comment_status":"closed","ping_status":"closed","template":"100-width.php","meta":{"footnotes":""},"class_list":["post-4781","page","type-page","status-publish","hentry"],"yoast_head":"<!-- This site is optimized with the Yoast SEO plugin v27.5 - https:\/\/yoast.com\/product\/yoast-seo-wordpress\/ -->\n<title>Richtlinien Abholware - Kringloopbedrijven Maasland<\/title>\n<meta name=\"description\" content=\"Auf dieser Seite finden Sie eine Liste mit Richtlinien f\u00fcr die Abholung von G\u00fctern bei den Recyclingunternehmen in Maasland.\" \/>\n<meta name=\"robots\" content=\"index, follow, max-snippet:-1, max-image-preview:large, max-video-preview:-1\" \/>\n<link rel=\"canonical\" href=\"https:\/\/kringloopbedrijfoss.nl\/de\/richtlinien-abholware\/\" \/>\n<meta property=\"og:locale\" content=\"de_DE\" \/>\n<meta property=\"og:type\" content=\"article\" \/>\n<meta property=\"og:title\" content=\"Richtlinien Abholware - Kringloopbedrijven Maasland\" \/>\n<meta property=\"og:description\" content=\"Auf dieser Seite finden Sie eine Liste mit Richtlinien f\u00fcr die Abholung von G\u00fctern bei den Recyclingunternehmen in Maasland.\" \/>\n<meta property=\"og:url\" content=\"https:\/\/kringloopbedrijfoss.nl\/de\/richtlinien-abholware\/\" \/>\n<meta property=\"og:site_name\" content=\"Kringloopbedrijven Maasland\" \/>\n<meta property=\"article:modified_time\" content=\"2025-05-30T19:41:03+00:00\" \/>\n<meta name=\"twitter:card\" content=\"summary_large_image\" \/>\n<meta name=\"twitter:label1\" content=\"Gesch\u00e4tzte Lesezeit\" \/>\n\t<meta name=\"twitter:data1\" content=\"6\u00a0Minuten\" \/>\n<script type=\"application\/ld+json\" class=\"yoast-schema-graph\">{\"@context\":\"https:\\\/\\\/schema.org\",\"@graph\":[{\"@type\":\"WebPage\",\"@id\":\"https:\\\/\\\/kringloopbedrijfoss.nl\\\/de\\\/richtlinien-abholware\\\/\",\"url\":\"https:\\\/\\\/kringloopbedrijfoss.nl\\\/de\\\/richtlinien-abholware\\\/\",\"name\":\"Richtlinien Abholware - Kringloopbedrijven Maasland\",\"isPartOf\":{\"@id\":\"https:\\\/\\\/kringloopbedrijfoss.nl\\\/#website\"},\"datePublished\":\"2025-05-30T19:00:56+00:00\",\"dateModified\":\"2025-05-30T19:41:03+00:00\",\"description\":\"Auf dieser Seite finden Sie eine Liste mit Richtlinien f\u00fcr die Abholung von G\u00fctern bei den Recyclingunternehmen in Maasland.\",\"breadcrumb\":{\"@id\":\"https:\\\/\\\/kringloopbedrijfoss.nl\\\/de\\\/richtlinien-abholware\\\/#breadcrumb\"},\"inLanguage\":\"de\",\"potentialAction\":[{\"@type\":\"ReadAction\",\"target\":[\"https:\\\/\\\/kringloopbedrijfoss.nl\\\/de\\\/richtlinien-abholware\\\/\"]}]},{\"@type\":\"BreadcrumbList\",\"@id\":\"https:\\\/\\\/kringloopbedrijfoss.nl\\\/de\\\/richtlinien-abholware\\\/#breadcrumb\",\"itemListElement\":[{\"@type\":\"ListItem\",\"position\":1,\"name\":\"Home\",\"item\":\"https:\\\/\\\/kringloopbedrijfoss.nl\\\/de\\\/\"},{\"@type\":\"ListItem\",\"position\":2,\"name\":\"Richtlinien Abholware\"}]},{\"@type\":\"WebSite\",\"@id\":\"https:\\\/\\\/kringloopbedrijfoss.nl\\\/#website\",\"url\":\"https:\\\/\\\/kringloopbedrijfoss.nl\\\/\",\"name\":\"Kringloopbedrijven Maasland\",\"description\":\"\",\"potentialAction\":[{\"@type\":\"SearchAction\",\"target\":{\"@type\":\"EntryPoint\",\"urlTemplate\":\"https:\\\/\\\/kringloopbedrijfoss.nl\\\/?s={search_term_string}\"},\"query-input\":{\"@type\":\"PropertyValueSpecification\",\"valueRequired\":true,\"valueName\":\"search_term_string\"}}],\"inLanguage\":\"de\"}]}<\/script>\n<!-- \/ Yoast SEO plugin. -->","yoast_head_json":{"title":"Richtlinien Abholware - Kringloopbedrijven Maasland","description":"Auf dieser Seite finden Sie eine Liste mit Richtlinien f\u00fcr die Abholung von G\u00fctern bei den Recyclingunternehmen in Maasland.","robots":{"index":"index","follow":"follow","max-snippet":"max-snippet:-1","max-image-preview":"max-image-preview:large","max-video-preview":"max-video-preview:-1"},"canonical":"https:\/\/kringloopbedrijfoss.nl\/de\/richtlinien-abholware\/","og_locale":"de_DE","og_type":"article","og_title":"Richtlinien Abholware - Kringloopbedrijven Maasland","og_description":"Auf dieser Seite finden Sie eine Liste mit Richtlinien f\u00fcr die Abholung von G\u00fctern bei den Recyclingunternehmen in Maasland.","og_url":"https:\/\/kringloopbedrijfoss.nl\/de\/richtlinien-abholware\/","og_site_name":"Kringloopbedrijven Maasland","article_modified_time":"2025-05-30T19:41:03+00:00","twitter_card":"summary_large_image","twitter_misc":{"Gesch\u00e4tzte Lesezeit":"6\u00a0Minuten"},"schema":{"@context":"https:\/\/schema.org","@graph":[{"@type":"WebPage","@id":"https:\/\/kringloopbedrijfoss.nl\/de\/richtlinien-abholware\/","url":"https:\/\/kringloopbedrijfoss.nl\/de\/richtlinien-abholware\/","name":"Richtlinien Abholware - Kringloopbedrijven Maasland","isPartOf":{"@id":"https:\/\/kringloopbedrijfoss.nl\/#website"},"datePublished":"2025-05-30T19:00:56+00:00","dateModified":"2025-05-30T19:41:03+00:00","description":"Auf dieser Seite finden Sie eine Liste mit Richtlinien f\u00fcr die Abholung von G\u00fctern bei den Recyclingunternehmen in Maasland.","breadcrumb":{"@id":"https:\/\/kringloopbedrijfoss.nl\/de\/richtlinien-abholware\/#breadcrumb"},"inLanguage":"de","potentialAction":[{"@type":"ReadAction","target":["https:\/\/kringloopbedrijfoss.nl\/de\/richtlinien-abholware\/"]}]},{"@type":"BreadcrumbList","@id":"https:\/\/kringloopbedrijfoss.nl\/de\/richtlinien-abholware\/#breadcrumb","itemListElement":[{"@type":"ListItem","position":1,"name":"Home","item":"https:\/\/kringloopbedrijfoss.nl\/de\/"},{"@type":"ListItem","position":2,"name":"Richtlinien Abholware"}]},{"@type":"WebSite","@id":"https:\/\/kringloopbedrijfoss.nl\/#website","url":"https:\/\/kringloopbedrijfoss.nl\/","name":"Kringloopbedrijven Maasland","description":"","potentialAction":[{"@type":"SearchAction","target":{"@type":"EntryPoint","urlTemplate":"https:\/\/kringloopbedrijfoss.nl\/?s={search_term_string}"},"query-input":{"@type":"PropertyValueSpecification","valueRequired":true,"valueName":"search_term_string"}}],"inLanguage":"de"}]}},"_links":{"self":[{"href":"https:\/\/kringloopbedrijfoss.nl\/de\/wp-json\/wp\/v2\/pages\/4781","targetHints":{"allow":["GET"]}}],"collection":[{"href":"https:\/\/kringloopbedrijfoss.nl\/de\/wp-json\/wp\/v2\/pages"}],"about":[{"href":"https:\/\/kringloopbedrijfoss.nl\/de\/wp-json\/wp\/v2\/types\/page"}],"author":[{"embeddable":true,"href":"https:\/\/kringloopbedrijfoss.nl\/de\/wp-json\/wp\/v2\/users\/1"}],"replies":[{"embeddable":true,"href":"https:\/\/kringloopbedrijfoss.nl\/de\/wp-json\/wp\/v2\/comments?post=4781"}],"version-history":[{"count":4,"href":"https:\/\/kringloopbedrijfoss.nl\/de\/wp-json\/wp\/v2\/pages\/4781\/revisions"}],"predecessor-version":[{"id":4793,"href":"https:\/\/kringloopbedrijfoss.nl\/de\/wp-json\/wp\/v2\/pages\/4781\/revisions\/4793"}],"wp:attachment":[{"href":"https:\/\/kringloopbedrijfoss.nl\/de\/wp-json\/wp\/v2\/media?parent=4781"}],"curies":[{"name":"wp","href":"https:\/\/api.w.org\/{rel}","templated":true}]}}