{"id":4730,"date":"2025-05-30T20:08:55","date_gmt":"2025-05-30T18:08:55","guid":{"rendered":"https:\/\/kringloopbedrijfoss.nl\/huisregels-winkels\/"},"modified":"2025-05-30T20:40:39","modified_gmt":"2025-05-30T18:40:39","slug":"hausordnung-ladenlokale","status":"publish","type":"page","link":"https:\/\/kringloopbedrijfoss.nl\/de\/hausordnung-ladenlokale\/","title":{"rendered":"Hausordnung Ladenlokale"},"content":{"rendered":"<div class=\"fusion-fullwidth fullwidth-box fusion-builder-row-1 fusion-flex-container has-pattern-background has-mask-background nonhundred-percent-fullwidth non-hundred-percent-height-scrolling\" style=\"--awb-border-color:var(--awb-color1);--awb-border-radius-top-left:0px;--awb-border-radius-top-right:0px;--awb-border-radius-bottom-right:0px;--awb-border-radius-bottom-left:0px;--awb-padding-top:0px;--awb-padding-bottom:0px;--awb-padding-top-medium:70px;--awb-padding-bottom-medium:70px;--awb-padding-top-small:50px;--awb-padding-bottom-small:70px;\" ><div class=\"fusion-builder-row fusion-row fusion-flex-align-items-flex-start\" style=\"max-width:calc( 1200px + 0px );margin-left: calc(-0px \/ 2 );margin-right: calc(-0px \/ 2 );\"><div class=\"fusion-layout-column fusion_builder_column fusion-builder-column-0 fusion_builder_column_1_2 1_2 fusion-flex-column fusion-animated\" style=\"--awb-bg-size:cover;--awb-width-large:50%;--awb-margin-top-large:40px;--awb-spacing-right-large:0;--awb-margin-bottom-large:80px;--awb-spacing-left-large:40px;--awb-width-medium:50%;--awb-order-medium:0;--awb-spacing-right-medium:0;--awb-spacing-left-medium:40px;--awb-width-small:100%;--awb-order-small:0;--awb-spacing-right-small:0;--awb-margin-bottom-small:0px;--awb-spacing-left-small:0;\" data-animationType=\"fadeInRight\" data-animationDuration=\"1.0\" data-animationOffset=\"top-into-view\"><div class=\"fusion-column-wrapper fusion-column-has-shadow fusion-flex-justify-content-flex-start fusion-content-layout-column\"><div class=\"fusion-title title fusion-title-1 fusion-sep-none fusion-title-text fusion-title-size-two\"><h2 class=\"title-heading-left\" style=\"margin:0;text-transform:capitalize;\">HAUSORDNUNG LADENLOKALE<\/h2><\/div><div class=\"fusion-separator fusion-full-width-sep\" style=\"align-self: center;margin-left: auto;margin-right: auto;margin-top:2%;width:100%;\"><\/div><div class=\"fusion-text fusion-text-1\"><p>\u201eLEIDER\u201c IST ES NOTWENDIG, AUCH F\u00dcR UNSERE KUNDEN EINE HAUSORDNUNG ZU ERSTELLEN. SIE DIENT ZUM SCHUTZ UNSERES PERSONALS, ABER AUCH DER KUNDEN SELBST.<\/p>\n<p>DIE REGELN DIESER HAUSORDNUNG SIND AM EINGANG DES LADENLOKALS IN KURZFORM ABLESBAR (PIKTOGRAMME).<\/p>\n<\/div><div class=\"fusion-separator fusion-full-width-sep\" style=\"align-self: center;margin-left: auto;margin-right: auto;margin-top:2%;width:100%;\"><\/div><\/div><\/div><div class=\"fusion-layout-column fusion_builder_column fusion-builder-column-1 fusion_builder_column_1_2 1_2 fusion-flex-column fusion-animated\" style=\"--awb-bg-size:cover;--awb-width-large:50%;--awb-margin-top-large:50px;--awb-spacing-right-large:0;--awb-margin-bottom-large:80px;--awb-spacing-left-large:40px;--awb-width-medium:50%;--awb-order-medium:0;--awb-spacing-right-medium:0;--awb-spacing-left-medium:40px;--awb-width-small:100%;--awb-order-small:0;--awb-spacing-right-small:0;--awb-margin-bottom-small:0px;--awb-spacing-left-small:0;\" data-animationType=\"fadeInRight\" data-animationDuration=\"1.0\" data-animationOffset=\"top-into-view\"><div class=\"fusion-column-wrapper fusion-column-has-shadow fusion-flex-justify-content-flex-start fusion-content-layout-column\"><div class=\"fusion-text fusion-text-2\"><p>DURCH DAS BETRETEN DIESES LADENLOKALS ERKL\u00c4REN SIE SICH MIT DEN FOLGENDEN HAUSREGELN F\u00dcR DEN KBM-LADEN EINVERSTANDEN:<\/p>\n<ul>\n<li>WIR AKZEPTIEREN KEINE GEWALT UND\/ODER AGGRESSIVES VERHALTEN GEGEN\u00dcBER UNSEREN MITARBEITENDEN. SOLLTE ES DAZU KOMMEN, ERSTATTEN WIR ANZEIGE BEI DER POLIZEI UND VERWEIGERN IHNEN MAXIMAL 1 JAHR LANG DEN ZUTRITT ZUM LADENLOKAL.<\/li>\n<li>ZU IHRER UND UNSERER SICHERHEIT WIRD DIESES LADENLOKAL VIDEO\u00dcBERWACHT.<\/li>\n<li>BEFOLGEN SIE ZUGUNSTEN DER SICHERHEIT IMMER GENAU DIE ANWEISUNGEN UNSERER MITARBEITENDEN.<\/li>\n<li>SORGEN SIE DAF\u00dcR, ANDERE NICHT ZU BEL\u00c4STIGEN ODER ZU BEHINDERN.<\/li>\n<li>UNSERE ARTIKEL SIND SICHTBAR UND UNSICHTBAR DIEBSTAHLGESCH\u00dcTZT.<\/li>\n<li>ES IST STRENGSTENS VERBOTEN, PR\u00c4PARIERTE TASCHEN MIT HINEIN ZU NEHMEN.<\/li>\n<li>IHRE TASCHEN K\u00d6NNEN\/D\u00dcRFEN VON UNSEREN MITABREITENDEN KONTROLLIERT WERDEN. SIE SIND VERPFLICHTET, DIES ZUZULASSEN.<\/li>\n<li>WIRD EIN DIEBSTAHL AUFGEDECKT, ERSTATTEN WIR IN JEDEM FALL ANZEIGE BEI DER POLIZEI.<\/li>\n<li>MIT DER POLIZEI WURDE VEREINBART, WIE IM FALL VON DIEBSTAHL, BEL\u00c4STIGUNG ODER ANDERWEITIGEN VERST\u00d6\u1e9eEN GEGEN DIESE HAUSREGELN VORZUGEHEN IST.<\/li>\n<li>GEKAUFTE ARTIKEL D\u00dcRFEN UMGETAUSCHT WERDEN, WENN DER\/DIE TEAMLEITER\/IN ODER MITARBEITER\/IN IN LEITENDER FUNKTION DIES ALS BERECHTIGT ANSIEHT. KBM ERSTATTET DEM KUNDEN DEN KAUFBETRAG (PER R\u00dcCKBUCHUNG).<\/li>\n<li>IST EIN ARTIKEL NICHT MIT EINER PREISANGABE VERSEHEN, KANN ER NICHT VERKAUFT WERDEN, WIRD AUS DEM LADENLOKAL ENTFERNT UND ZU EINEM SP\u00c4TEREN ZEITPUNKT AUSGEZEICHNET.<\/li>\n<li>SIE ERKL\u00c4REN SICH MIT DEN VERKAUFSBEDINGUNGEN GEM\u00c4\u1e9e AUSHANG AN DER KASSE EINVERSTANDEN.<\/li>\n<\/ul>\n<\/div><div class=\"fusion-separator fusion-full-width-sep\" style=\"align-self: center;margin-left: auto;margin-right: auto;margin-top:2%;width:100%;\"><\/div><\/div><\/div><\/div><\/div>\n","protected":false},"excerpt":{"rendered":"","protected":false},"author":1,"featured_media":0,"parent":0,"menu_order":0,"comment_status":"closed","ping_status":"closed","template":"100-width.php","meta":{"footnotes":""},"class_list":["post-4730","page","type-page","status-publish","hentry"],"yoast_head":"<!-- This site is optimized with the Yoast SEO plugin v27.4 - https:\/\/yoast.com\/product\/yoast-seo-wordpress\/ -->\n<title>Hausordnung Ladenlokale - Kringloopbedrijven Maasland<\/title>\n<meta name=\"description\" content=\"Wir m\u00f6chten den Besuch in unseren Filialen f\u00fcr alle so angenehm wie m\u00f6glich gestalten. Zu diesem Zweck haben wir eine Hausordnung erlassen.\" \/>\n<meta name=\"robots\" content=\"index, follow, max-snippet:-1, max-image-preview:large, max-video-preview:-1\" \/>\n<link rel=\"canonical\" href=\"https:\/\/kringloopbedrijfoss.nl\/de\/hausordnung-ladenlokale\/\" \/>\n<meta property=\"og:locale\" content=\"de_DE\" \/>\n<meta property=\"og:type\" content=\"article\" \/>\n<meta property=\"og:title\" content=\"Hausordnung Ladenlokale - Kringloopbedrijven Maasland\" \/>\n<meta property=\"og:description\" content=\"Wir m\u00f6chten den Besuch in unseren Filialen f\u00fcr alle so angenehm wie m\u00f6glich gestalten. Zu diesem Zweck haben wir eine Hausordnung erlassen.\" \/>\n<meta property=\"og:url\" content=\"https:\/\/kringloopbedrijfoss.nl\/de\/hausordnung-ladenlokale\/\" \/>\n<meta property=\"og:site_name\" content=\"Kringloopbedrijven Maasland\" \/>\n<meta property=\"article:modified_time\" content=\"2025-05-30T18:40:39+00:00\" \/>\n<meta name=\"twitter:card\" content=\"summary_large_image\" \/>\n<meta name=\"twitter:label1\" content=\"Gesch\u00e4tzte Lesezeit\" \/>\n\t<meta name=\"twitter:data1\" content=\"5\u00a0Minuten\" \/>\n<script type=\"application\/ld+json\" class=\"yoast-schema-graph\">{\"@context\":\"https:\\\/\\\/schema.org\",\"@graph\":[{\"@type\":\"WebPage\",\"@id\":\"https:\\\/\\\/kringloopbedrijfoss.nl\\\/de\\\/hausordnung-ladenlokale\\\/\",\"url\":\"https:\\\/\\\/kringloopbedrijfoss.nl\\\/de\\\/hausordnung-ladenlokale\\\/\",\"name\":\"Hausordnung Ladenlokale - Kringloopbedrijven Maasland\",\"isPartOf\":{\"@id\":\"https:\\\/\\\/kringloopbedrijfoss.nl\\\/#website\"},\"datePublished\":\"2025-05-30T18:08:55+00:00\",\"dateModified\":\"2025-05-30T18:40:39+00:00\",\"description\":\"Wir m\u00f6chten den Besuch in unseren Filialen f\u00fcr alle so angenehm wie m\u00f6glich gestalten. Zu diesem Zweck haben wir eine Hausordnung erlassen.\",\"breadcrumb\":{\"@id\":\"https:\\\/\\\/kringloopbedrijfoss.nl\\\/de\\\/hausordnung-ladenlokale\\\/#breadcrumb\"},\"inLanguage\":\"de\",\"potentialAction\":[{\"@type\":\"ReadAction\",\"target\":[\"https:\\\/\\\/kringloopbedrijfoss.nl\\\/de\\\/hausordnung-ladenlokale\\\/\"]}]},{\"@type\":\"BreadcrumbList\",\"@id\":\"https:\\\/\\\/kringloopbedrijfoss.nl\\\/de\\\/hausordnung-ladenlokale\\\/#breadcrumb\",\"itemListElement\":[{\"@type\":\"ListItem\",\"position\":1,\"name\":\"Home\",\"item\":\"https:\\\/\\\/kringloopbedrijfoss.nl\\\/de\\\/\"},{\"@type\":\"ListItem\",\"position\":2,\"name\":\"Hausordnung Ladenlokale\"}]},{\"@type\":\"WebSite\",\"@id\":\"https:\\\/\\\/kringloopbedrijfoss.nl\\\/#website\",\"url\":\"https:\\\/\\\/kringloopbedrijfoss.nl\\\/\",\"name\":\"Kringloopbedrijven Maasland\",\"description\":\"\",\"potentialAction\":[{\"@type\":\"SearchAction\",\"target\":{\"@type\":\"EntryPoint\",\"urlTemplate\":\"https:\\\/\\\/kringloopbedrijfoss.nl\\\/?s={search_term_string}\"},\"query-input\":{\"@type\":\"PropertyValueSpecification\",\"valueRequired\":true,\"valueName\":\"search_term_string\"}}],\"inLanguage\":\"de\"}]}<\/script>\n<!-- \/ Yoast SEO plugin. -->","yoast_head_json":{"title":"Hausordnung Ladenlokale - Kringloopbedrijven Maasland","description":"Wir m\u00f6chten den Besuch in unseren Filialen f\u00fcr alle so angenehm wie m\u00f6glich gestalten. Zu diesem Zweck haben wir eine Hausordnung erlassen.","robots":{"index":"index","follow":"follow","max-snippet":"max-snippet:-1","max-image-preview":"max-image-preview:large","max-video-preview":"max-video-preview:-1"},"canonical":"https:\/\/kringloopbedrijfoss.nl\/de\/hausordnung-ladenlokale\/","og_locale":"de_DE","og_type":"article","og_title":"Hausordnung Ladenlokale - Kringloopbedrijven Maasland","og_description":"Wir m\u00f6chten den Besuch in unseren Filialen f\u00fcr alle so angenehm wie m\u00f6glich gestalten. Zu diesem Zweck haben wir eine Hausordnung erlassen.","og_url":"https:\/\/kringloopbedrijfoss.nl\/de\/hausordnung-ladenlokale\/","og_site_name":"Kringloopbedrijven Maasland","article_modified_time":"2025-05-30T18:40:39+00:00","twitter_card":"summary_large_image","twitter_misc":{"Gesch\u00e4tzte Lesezeit":"5\u00a0Minuten"},"schema":{"@context":"https:\/\/schema.org","@graph":[{"@type":"WebPage","@id":"https:\/\/kringloopbedrijfoss.nl\/de\/hausordnung-ladenlokale\/","url":"https:\/\/kringloopbedrijfoss.nl\/de\/hausordnung-ladenlokale\/","name":"Hausordnung Ladenlokale - Kringloopbedrijven Maasland","isPartOf":{"@id":"https:\/\/kringloopbedrijfoss.nl\/#website"},"datePublished":"2025-05-30T18:08:55+00:00","dateModified":"2025-05-30T18:40:39+00:00","description":"Wir m\u00f6chten den Besuch in unseren Filialen f\u00fcr alle so angenehm wie m\u00f6glich gestalten. Zu diesem Zweck haben wir eine Hausordnung erlassen.","breadcrumb":{"@id":"https:\/\/kringloopbedrijfoss.nl\/de\/hausordnung-ladenlokale\/#breadcrumb"},"inLanguage":"de","potentialAction":[{"@type":"ReadAction","target":["https:\/\/kringloopbedrijfoss.nl\/de\/hausordnung-ladenlokale\/"]}]},{"@type":"BreadcrumbList","@id":"https:\/\/kringloopbedrijfoss.nl\/de\/hausordnung-ladenlokale\/#breadcrumb","itemListElement":[{"@type":"ListItem","position":1,"name":"Home","item":"https:\/\/kringloopbedrijfoss.nl\/de\/"},{"@type":"ListItem","position":2,"name":"Hausordnung Ladenlokale"}]},{"@type":"WebSite","@id":"https:\/\/kringloopbedrijfoss.nl\/#website","url":"https:\/\/kringloopbedrijfoss.nl\/","name":"Kringloopbedrijven Maasland","description":"","potentialAction":[{"@type":"SearchAction","target":{"@type":"EntryPoint","urlTemplate":"https:\/\/kringloopbedrijfoss.nl\/?s={search_term_string}"},"query-input":{"@type":"PropertyValueSpecification","valueRequired":true,"valueName":"search_term_string"}}],"inLanguage":"de"}]}},"_links":{"self":[{"href":"https:\/\/kringloopbedrijfoss.nl\/de\/wp-json\/wp\/v2\/pages\/4730","targetHints":{"allow":["GET"]}}],"collection":[{"href":"https:\/\/kringloopbedrijfoss.nl\/de\/wp-json\/wp\/v2\/pages"}],"about":[{"href":"https:\/\/kringloopbedrijfoss.nl\/de\/wp-json\/wp\/v2\/types\/page"}],"author":[{"embeddable":true,"href":"https:\/\/kringloopbedrijfoss.nl\/de\/wp-json\/wp\/v2\/users\/1"}],"replies":[{"embeddable":true,"href":"https:\/\/kringloopbedrijfoss.nl\/de\/wp-json\/wp\/v2\/comments?post=4730"}],"version-history":[{"count":5,"href":"https:\/\/kringloopbedrijfoss.nl\/de\/wp-json\/wp\/v2\/pages\/4730\/revisions"}],"predecessor-version":[{"id":4736,"href":"https:\/\/kringloopbedrijfoss.nl\/de\/wp-json\/wp\/v2\/pages\/4730\/revisions\/4736"}],"wp:attachment":[{"href":"https:\/\/kringloopbedrijfoss.nl\/de\/wp-json\/wp\/v2\/media?parent=4730"}],"curies":[{"name":"wp","href":"https:\/\/api.w.org\/{rel}","templated":true}]}}